{"id":1002,"date":"2023-06-14T05:24:33","date_gmt":"2023-06-14T02:24:33","guid":{"rendered":"https:\/\/cecelidemir.com\/?page_id=1002"},"modified":"2024-02-05T09:06:57","modified_gmt":"2024-02-05T09:06:57","slug":"heb-profil","status":"publish","type":"page","link":"https:\/\/cecelidemir.com\/index.php\/heb-profil\/","title":{"rendered":"HEB Profil"},"content":{"rendered":"\t\t<div data-elementor-type=\"wp-page\" data-elementor-id=\"1002\" class=\"elementor elementor-1002\">\n\t\t\t\t\t\t<section class=\"elementor-section elementor-top-section elementor-element elementor-element-8388709 elementor-section-boxed elementor-section-height-default elementor-section-height-default\" data-id=\"8388709\" data-element_type=\"section\" data-e-type=\"section\">\n\t\t\t\t\t\t<div class=\"elementor-container elementor-column-gap-default\">\n\t\t\t\t\t<div class=\"elementor-column elementor-col-50 elementor-top-column elementor-element elementor-element-b62fa8d\" data-id=\"b62fa8d\" data-element_type=\"column\" data-e-type=\"column\">\n\t\t\t<div class=\"elementor-widget-wrap elementor-element-populated\">\n\t\t\t\t\t\t<div class=\"elementor-element elementor-element-992deda elementor-widget elementor-widget-text-editor\" data-id=\"992deda\" data-element_type=\"widget\" data-e-type=\"widget\" data-widget_type=\"text-editor.default\">\n\t\t\t\t<div class=\"elementor-widget-container\">\n\t\t\t\t\t\t\t\t\t<p><strong>Kalite\u00a0<\/strong>:\u00a0S235 &#8211; S275 &#8211; S355<\/p><p><strong>Boyut\u00a0<\/strong>:\u00a0100 &#8211; 1000 mm<\/p><p><strong>H(Y\u00fckseklik)\u00a0<\/strong>:\u00a0100 &#8211; 1000 mm<\/p><p><strong>B (Geni\u015flik)\u00a0<\/strong>:\u00a0100 &#8211; 300 mm<\/p><p><strong>T (Kal\u0131nl\u0131k)\u00a0<\/strong>:\u00a06,0 &#8211; 19,0 mm<\/p>\t\t\t\t\t\t\t\t<\/div>\n\t\t\t\t<\/div>\n\t\t\t\t\t<\/div>\n\t\t<\/div>\n\t\t\t\t<div class=\"elementor-column elementor-col-50 elementor-top-column elementor-element elementor-element-0cd5fbd\" data-id=\"0cd5fbd\" data-element_type=\"column\" data-e-type=\"column\">\n\t\t\t<div class=\"elementor-widget-wrap elementor-element-populated\">\n\t\t\t\t\t\t<div class=\"elementor-element elementor-element-045591a elementor-widget elementor-widget-image\" data-id=\"045591a\" data-element_type=\"widget\" data-e-type=\"widget\" data-widget_type=\"image.default\">\n\t\t\t\t<div class=\"elementor-widget-container\">\n\t\t\t\t\t\t\t\t\t\t\t\t\t\t\t<img fetchpriority=\"high\" decoding=\"async\" width=\"1024\" height=\"576\" src=\"https:\/\/cecelidemir.com\/wp-content\/uploads\/2024\/02\/HEB.webp\" class=\"attachment-large size-large wp-image-1678\" alt=\"\" srcset=\"https:\/\/cecelidemir.com\/wp-content\/uploads\/2024\/02\/HEB.webp 1024w, https:\/\/cecelidemir.com\/wp-content\/uploads\/2024\/02\/HEB-300x169.webp 300w, https:\/\/cecelidemir.com\/wp-content\/uploads\/2024\/02\/HEB-768x432.webp 768w, https:\/\/cecelidemir.com\/wp-content\/uploads\/2024\/02\/HEB-1000x563.webp 1000w, https:\/\/cecelidemir.com\/wp-content\/uploads\/2024\/02\/HEB-230x129.webp 230w, https:\/\/cecelidemir.com\/wp-content\/uploads\/2024\/02\/HEB-350x197.webp 350w, https:\/\/cecelidemir.com\/wp-content\/uploads\/2024\/02\/HEB-480x270.webp 480w\" sizes=\"(max-width: 1024px) 100vw, 1024px\" \/>\t\t\t\t\t\t\t\t\t\t\t\t\t\t\t<\/div>\n\t\t\t\t<\/div>\n\t\t\t\t\t<\/div>\n\t\t<\/div>\n\t\t\t\t\t<\/div>\n\t\t<\/section>\n\t\t\t\t<section class=\"elementor-section elementor-top-section elementor-element elementor-element-3ba093d elementor-section-boxed elementor-section-height-default elementor-section-height-default\" data-id=\"3ba093d\" data-element_type=\"section\" data-e-type=\"section\">\n\t\t\t\t\t\t<div class=\"elementor-container elementor-column-gap-default\">\n\t\t\t\t\t<div class=\"elementor-column elementor-col-100 elementor-top-column elementor-element elementor-element-21e66b9\" data-id=\"21e66b9\" data-element_type=\"column\" data-e-type=\"column\">\n\t\t\t<div class=\"elementor-widget-wrap elementor-element-populated\">\n\t\t\t\t\t\t<div class=\"elementor-element elementor-element-6e3e21a elementor-widget elementor-widget-text-editor\" data-id=\"6e3e21a\" data-element_type=\"widget\" data-e-type=\"widget\" data-widget_type=\"text-editor.default\">\n\t\t\t\t<div class=\"elementor-widget-container\">\n\t\t\t\t\t\t\t\t\t<p class=\"content-p first-p\"><span style=\"color: #000000;\">\u0130n\u015faat sekt\u00f6r\u00fcnde, \u00e7elik kiri\u015fler olarak da bilinen HEB demirleri, binalar\u0131n in\u015fas\u0131 s\u0131ras\u0131nda k\u00f6\u015felerde destek olarak kullan\u0131lmaktad\u0131r. En b\u00fcy\u00fck etkisi kayma, k\u0131r\u0131lma, \u00e7\u00f6kme veya y\u0131rt\u0131lma gibi durumlarda en do\u011fru direnci sa\u011flamas\u0131d\u0131r. Bu g\u00fcc\u00fc sa\u011flayan b\u00f6lgelere g\u00f6vde denir. Ayr\u0131ca HEB \u00fct\u00fcler e\u011filme hareketlerine kar\u015f\u0131 da diren\u00e7lidir. Bu par\u00e7aya do\u011frudan flan\u015f denir. HEB \u00fct\u00fclerini t\u00fcm projeleriniz i\u00e7in en do\u011fru \u015fekilde \u00fcretirken gerek a\u011f\u0131rl\u0131k gerekse ebat olarak \u00f6zel \u00fcretimler ve ihtiyaca g\u00f6re \u00fcretimler sa\u011flamaktad\u0131r.<\/span><\/p><p class=\"content-p\"><span style=\"color: #000000;\">100 milimetreden ba\u015flayarak 1000 milimetreye kadar olan HEB demiri \u00e7elik yap\u0131lar i\u00e7in 100 milimetrelik HEB demirleri g\u00f6vde kal\u0131nl\u0131\u011f\u0131 6mm, yanak kal\u0131nl\u0131\u011f\u0131 10 mm, k\u00f6\u015fe kal\u0131nl\u0131\u011f\u0131 12 mm a\u011f\u0131rl\u0131\u011f\u0131 ise 400 kilogramd\u0131r\/ metredir. Yine farkl\u0131 a\u011f\u0131rl\u0131klar\u0131 bulunan HEB demirleri yap\u0131 profilleri i\u00e7inde en fazla kullan\u0131lan profillerdendir. B\u00f6ylece \u00e7elik konstr\u00fcksiyon yap\u0131larda g\u00fcvenle kullan\u0131labilme \u00f6zelli\u011fini sunmaktad\u0131r. HEB profiller \u00e7elikten \u00fcretilen yap\u0131lar i\u00e7in olmazsa olmaz par\u00e7alard\u0131r. \u00c7elik konstr\u00fcksiyon yap\u0131larda b\u00fct\u00fcn yap\u0131, profiller \u00fczerinde oldu\u011fu i\u00e7in \u00e7elik profillerin olduk\u00e7a dayan\u0131kl\u0131 ve kullan\u0131m\u0131 kolay olmas\u0131 gereklidir.<\/span><\/p>\t\t\t\t\t\t\t\t<\/div>\n\t\t\t\t<\/div>\n\t\t\t\t\t<\/div>\n\t\t<\/div>\n\t\t\t\t\t<\/div>\n\t\t<\/section>\n\t\t\t\t<\/div>\n\t\t","protected":false},"excerpt":{"rendered":"<p>Kalite\u00a0:\u00a0S235 &#8211; S275 &#8211; S355 Boyut\u00a0:\u00a0100 &#8211; 1000 mm H(Y\u00fckseklik)\u00a0:\u00a0100 &#8211; 1000 mm B (Geni\u015flik)\u00a0:\u00a0100 &#8211; 300 mm T (Kal\u0131nl\u0131k)\u00a0:\u00a06,0 &#8211; 19,0 [&hellip;]<\/p>\n","protected":false},"author":1,"featured_media":0,"parent":0,"menu_order":0,"comment_status":"closed","ping_status":"closed","template":"","meta":{"footnotes":""},"class_list":["post-1002","page","type-page","status-publish","hentry"],"_links":{"self":[{"href":"https:\/\/cecelidemir.com\/index.php\/wp-json\/wp\/v2\/pages\/1002","targetHints":{"allow":["GET"]}}],"collection":[{"href":"https:\/\/cecelidemir.com\/index.php\/wp-json\/wp\/v2\/pages"}],"about":[{"href":"https:\/\/cecelidemir.com\/index.php\/wp-json\/wp\/v2\/types\/page"}],"author":[{"embeddable":true,"href":"https:\/\/cecelidemir.com\/index.php\/wp-json\/wp\/v2\/users\/1"}],"replies":[{"embeddable":true,"href":"https:\/\/cecelidemir.com\/index.php\/wp-json\/wp\/v2\/comments?post=1002"}],"version-history":[{"count":3,"href":"https:\/\/cecelidemir.com\/index.php\/wp-json\/wp\/v2\/pages\/1002\/revisions"}],"predecessor-version":[{"id":1681,"href":"https:\/\/cecelidemir.com\/index.php\/wp-json\/wp\/v2\/pages\/1002\/revisions\/1681"}],"wp:attachment":[{"href":"https:\/\/cecelidemir.com\/index.php\/wp-json\/wp\/v2\/media?parent=1002"}],"curies":[{"name":"wp","href":"https:\/\/api.w.org\/{rel}","templated":true}]}}