{"id":1040,"date":"2023-06-14T05:46:21","date_gmt":"2023-06-14T02:46:21","guid":{"rendered":"https:\/\/cecelidemir.com\/?page_id=1040"},"modified":"2024-02-05T09:07:29","modified_gmt":"2024-02-05T09:07:29","slug":"ipe-profil","status":"publish","type":"page","link":"https:\/\/cecelidemir.com\/index.php\/ipe-profil\/","title":{"rendered":"IPE Profil"},"content":{"rendered":"\t\t<div data-elementor-type=\"wp-page\" data-elementor-id=\"1040\" class=\"elementor elementor-1040\">\n\t\t\t\t\t\t<section class=\"elementor-section elementor-top-section elementor-element elementor-element-42b5a30 elementor-section-boxed elementor-section-height-default elementor-section-height-default\" data-id=\"42b5a30\" data-element_type=\"section\" data-e-type=\"section\">\n\t\t\t\t\t\t<div class=\"elementor-container elementor-column-gap-default\">\n\t\t\t\t\t<div class=\"elementor-column elementor-col-50 elementor-top-column elementor-element elementor-element-803856c\" data-id=\"803856c\" data-element_type=\"column\" data-e-type=\"column\">\n\t\t\t<div class=\"elementor-widget-wrap elementor-element-populated\">\n\t\t\t\t\t\t<div class=\"elementor-element elementor-element-5bbe178 elementor-widget elementor-widget-text-editor\" data-id=\"5bbe178\" data-element_type=\"widget\" data-e-type=\"widget\" data-widget_type=\"text-editor.default\">\n\t\t\t\t<div class=\"elementor-widget-container\">\n\t\t\t\t\t\t\t\t\t<p style=\"padding: 0px; margin: 0px; -webkit-tap-highlight-color: transparent; color: #646266; font-family: Verdana, sans-serif;\"><strong style=\"padding: 0px; margin: 0px; -webkit-tap-highlight-color: transparent;\">Kalite\u00a0<\/strong>:\u00a0S235 &#8211; S275 &#8211; S355<\/p><p style=\"padding: 0px; margin: 0px; -webkit-tap-highlight-color: transparent; color: #646266; font-family: Verdana, sans-serif;\">\u00a0<\/p><p style=\"padding: 0px; margin: 0px; -webkit-tap-highlight-color: transparent; color: #646266; font-family: Verdana, sans-serif;\"><strong style=\"padding: 0px; margin: 0px; -webkit-tap-highlight-color: transparent;\">Standart\u00a0<\/strong>:\u00a0EN 10034 &#8211; EN 10163 &#8211; EN 10025<\/p><p style=\"padding: 0px; margin: 0px; -webkit-tap-highlight-color: transparent; color: #646266; font-family: Verdana, sans-serif;\">\u00a0<\/p><p style=\"padding: 0px; margin: 0px; -webkit-tap-highlight-color: transparent; color: #646266; font-family: Verdana, sans-serif;\"><strong style=\"padding: 0px; margin: 0px; -webkit-tap-highlight-color: transparent;\">H(Y\u00fckseklik)\u00a0<\/strong>:\u00a080 &#8211; 762 mm<\/p><p style=\"padding: 0px; margin: 0px; -webkit-tap-highlight-color: transparent; color: #646266; font-family: Verdana, sans-serif;\">\u00a0<\/p><p style=\"padding: 0px; margin: 0px; -webkit-tap-highlight-color: transparent; color: #646266; font-family: Verdana, sans-serif;\"><strong style=\"padding: 0px; margin: 0px; -webkit-tap-highlight-color: transparent;\">B (Geni\u015flik)\u00a0<\/strong>:\u00a046 &#8211; 267 mm<\/p><p style=\"padding: 0px; margin: 0px; -webkit-tap-highlight-color: transparent; color: #646266; font-family: Verdana, sans-serif;\">\u00a0<\/p><p style=\"padding: 0px; margin: 0px; -webkit-tap-highlight-color: transparent; color: #646266; font-family: Verdana, sans-serif;\"><strong style=\"padding: 0px; margin: 0px; -webkit-tap-highlight-color: transparent;\">T (Kal\u0131nl\u0131k)\u00a0<\/strong>:\u00a03.8 &#8211; 267 mm<\/p>\t\t\t\t\t\t\t\t<\/div>\n\t\t\t\t<\/div>\n\t\t\t\t\t<\/div>\n\t\t<\/div>\n\t\t\t\t<div class=\"elementor-column elementor-col-50 elementor-top-column elementor-element elementor-element-d21d1a9\" data-id=\"d21d1a9\" data-element_type=\"column\" data-e-type=\"column\">\n\t\t\t<div class=\"elementor-widget-wrap elementor-element-populated\">\n\t\t\t\t\t\t<div class=\"elementor-element elementor-element-6eb2426 elementor-widget elementor-widget-image\" data-id=\"6eb2426\" data-element_type=\"widget\" data-e-type=\"widget\" data-widget_type=\"image.default\">\n\t\t\t\t<div class=\"elementor-widget-container\">\n\t\t\t\t\t\t\t\t\t\t\t\t\t\t\t<img fetchpriority=\"high\" decoding=\"async\" width=\"1024\" height=\"576\" src=\"https:\/\/cecelidemir.com\/wp-content\/uploads\/2024\/02\/IPE.webp\" class=\"attachment-large size-large wp-image-1682\" alt=\"\" srcset=\"https:\/\/cecelidemir.com\/wp-content\/uploads\/2024\/02\/IPE.webp 1024w, https:\/\/cecelidemir.com\/wp-content\/uploads\/2024\/02\/IPE-300x169.webp 300w, https:\/\/cecelidemir.com\/wp-content\/uploads\/2024\/02\/IPE-768x432.webp 768w, https:\/\/cecelidemir.com\/wp-content\/uploads\/2024\/02\/IPE-1000x563.webp 1000w, https:\/\/cecelidemir.com\/wp-content\/uploads\/2024\/02\/IPE-230x129.webp 230w, https:\/\/cecelidemir.com\/wp-content\/uploads\/2024\/02\/IPE-350x197.webp 350w, https:\/\/cecelidemir.com\/wp-content\/uploads\/2024\/02\/IPE-480x270.webp 480w\" sizes=\"(max-width: 1024px) 100vw, 1024px\" \/>\t\t\t\t\t\t\t\t\t\t\t\t\t\t\t<\/div>\n\t\t\t\t<\/div>\n\t\t\t\t\t<\/div>\n\t\t<\/div>\n\t\t\t\t\t<\/div>\n\t\t<\/section>\n\t\t\t\t<section class=\"elementor-section elementor-top-section elementor-element elementor-element-9ac057d elementor-section-boxed elementor-section-height-default elementor-section-height-default\" data-id=\"9ac057d\" data-element_type=\"section\" data-e-type=\"section\">\n\t\t\t\t\t\t<div class=\"elementor-container elementor-column-gap-default\">\n\t\t\t\t\t<div class=\"elementor-column elementor-col-100 elementor-top-column elementor-element elementor-element-403ea90\" data-id=\"403ea90\" data-element_type=\"column\" data-e-type=\"column\">\n\t\t\t<div class=\"elementor-widget-wrap elementor-element-populated\">\n\t\t\t\t\t\t<div class=\"elementor-element elementor-element-fdc4ec1 elementor-widget elementor-widget-text-editor\" data-id=\"fdc4ec1\" data-element_type=\"widget\" data-e-type=\"widget\" data-widget_type=\"text-editor.default\">\n\t\t\t\t<div class=\"elementor-widget-container\">\n\t\t\t\t\t\t\t\t\t<p>IPE (IPN-EUROPEAN) profilleri, yap\u0131sal uygulamalarda geni\u015f \u00e7apta kullan\u0131lan ve y\u00fcksek ta\u015f\u0131ma kapasitesi ile dikkat \u00e7eken \u00e7elik profillerdir. IPE profilleri, Avrupa standard\u0131 olan EN 10025&#8217;e uygun olarak \u00fcretilir ve \u00e7e\u015fitli \u00e7elik kaliteleri aras\u0131nda S235JR, S275JR, S355JR gibi se\u00e7enekler bulunur.<\/p>\n<p>IPE profilleri, s\u0131cak haddeleme y\u00f6ntemiyle y\u00fcksek kaliteli \u00e7elik levhalardan \u00fcretilir. Bu \u00fcretim s\u00fcreci, profillerin m\u00fckemmel dayan\u0131kl\u0131l\u0131k ve mukavemet \u00f6zelliklerini kazanmas\u0131n\u0131 sa\u011flar. IPE profilleri, &#8220;I&#8221; \u015feklindeki kesit yap\u0131s\u0131yla karakterizedir. \u00dcst ve alt flan\u015flar, birbirlerine web (profil g\u00f6vdesi) ile ba\u011flan\u0131r. Profil numaras\u0131, profillerin a\u011f\u0131rl\u0131\u011f\u0131n\u0131 ve boyutunu belirtir. \u00d6rne\u011fin, IPE 200 profil, yakla\u015f\u0131k 22,4 kg\/m a\u011f\u0131rl\u0131\u011f\u0131nda ve belirli bir kesit alan\u0131na sahiptir.<\/p>\n<p>IPE profilleri, y\u00fcksek ta\u015f\u0131ma kapasitesi ve optimum yap\u0131sal performans sunar. Profilin tasar\u0131m\u0131, y\u00fckleri homojen bir \u015fekilde ta\u015f\u0131r ve da\u011f\u0131t\u0131r, b\u00f6ylece yap\u0131ya m\u00fckemmel bir rijitlik sa\u011flar. IPE profilleri, in\u015faat sekt\u00f6r\u00fcnde geni\u015f bir kullan\u0131m alan\u0131na sahiptir ve kiri\u015fler, kolonlar, ta\u015f\u0131y\u0131c\u0131 elemanlar, \u00e7er\u00e7eveler ve end\u00fcstriyel yap\u0131lar gibi bir\u00e7ok uygulamada tercih edilir.<\/p>\n<p>IPE profilleri, farkl\u0131 boyutlarda ve ta\u015f\u0131ma kapasitelerinde mevcuttur. Bu \u00e7e\u015fitlilik, \u00e7e\u015fitli yap\u0131sal projelerin gereksinimlerini kar\u015f\u0131lamak i\u00e7in uygun bir se\u00e7enek sunar. IPE profilleri, genellikle 12 metreye kadar standart boyutlarda \u00fcretilir, ancak \u00f6zel uzunluklar talep \u00fczerine sa\u011flanabilir.<\/p>\n<p>IPE profillerinin bir avantaj\u0131, kolay montaj ve birle\u015ftirme s\u00fcrecidir. Standart boyut ve toleranslara sahip olduklar\u0131ndan, birle\u015ftirme i\u015flemleri h\u0131zl\u0131 ve etkili bir \u015fekilde ger\u00e7ekle\u015ftirilebilir. Ayr\u0131ca, IPE profilleri, \u00e7e\u015fitli kaplama se\u00e7enekleriyle uyumlu olabilir ve korozyona kar\u015f\u0131 dayan\u0131kl\u0131l\u0131klar\u0131n\u0131 art\u0131rmak i\u00e7in boyama veya galvanizleme i\u015flemi uygulanabilir.<\/p>\n<p>IPE profilleri, yap\u0131sal hesaplamalar ve m\u00fchendislik standartlar\u0131na uygun olarak tasarlan\u0131r. Bu, g\u00fcvenilirlik, dayan\u0131kl\u0131l\u0131k ve yap\u0131sal verimlilik sa\u011flar. IPE profilleri, y\u00fcksek kaliteli \u00e7elik malzemeden \u00fcretilir ve hassas imalat s\u00fcre\u00e7leri ile \u00fcst\u00fcn kalite kontrol sa\u011flan\u0131r.<\/p>\n<p>Sonu\u00e7 olarak, IPE profilleri, geni\u015f kullan\u0131m alan\u0131, y\u00fcksek ta\u015f\u0131ma kapasitesi ve optimal yap\u0131sal performans\u0131yla yap\u0131sal projelerinizde ideal bir se\u00e7enektir. Dayan\u0131kl\u0131, g\u00fcvenilir ve kolay montaj edilebilir \u00f6zellikleri, in\u015faat sekt\u00f6r\u00fcnde ve end\u00fcstriyel uygulamalarda yayg\u0131n olarak tercih edilmelerinin nedenlerinden baz\u0131lar\u0131d\u0131r.<\/p>\t\t\t\t\t\t\t\t<\/div>\n\t\t\t\t<\/div>\n\t\t\t\t\t<\/div>\n\t\t<\/div>\n\t\t\t\t\t<\/div>\n\t\t<\/section>\n\t\t\t\t<\/div>\n\t\t","protected":false},"excerpt":{"rendered":"<p>Kalite\u00a0:\u00a0S235 &#8211; S275 &#8211; S355 \u00a0 Standart\u00a0:\u00a0EN 10034 &#8211; EN 10163 &#8211; EN 10025 \u00a0 H(Y\u00fckseklik)\u00a0:\u00a080 &#8211; 762 mm \u00a0 B (Geni\u015flik)\u00a0:\u00a046 [&hellip;]<\/p>\n","protected":false},"author":1,"featured_media":0,"parent":0,"menu_order":0,"comment_status":"closed","ping_status":"closed","template":"","meta":{"footnotes":""},"class_list":["post-1040","page","type-page","status-publish","hentry"],"_links":{"self":[{"href":"https:\/\/cecelidemir.com\/index.php\/wp-json\/wp\/v2\/pages\/1040","targetHints":{"allow":["GET"]}}],"collection":[{"href":"https:\/\/cecelidemir.com\/index.php\/wp-json\/wp\/v2\/pages"}],"about":[{"href":"https:\/\/cecelidemir.com\/index.php\/wp-json\/wp\/v2\/types\/page"}],"author":[{"embeddable":true,"href":"https:\/\/cecelidemir.com\/index.php\/wp-json\/wp\/v2\/users\/1"}],"replies":[{"embeddable":true,"href":"https:\/\/cecelidemir.com\/index.php\/wp-json\/wp\/v2\/comments?post=1040"}],"version-history":[{"count":3,"href":"https:\/\/cecelidemir.com\/index.php\/wp-json\/wp\/v2\/pages\/1040\/revisions"}],"predecessor-version":[{"id":1685,"href":"https:\/\/cecelidemir.com\/index.php\/wp-json\/wp\/v2\/pages\/1040\/revisions\/1685"}],"wp:attachment":[{"href":"https:\/\/cecelidemir.com\/index.php\/wp-json\/wp\/v2\/media?parent=1040"}],"curies":[{"name":"wp","href":"https:\/\/api.w.org\/{rel}","templated":true}]}}