{"id":1129,"date":"2023-06-14T06:36:35","date_gmt":"2023-06-14T03:36:35","guid":{"rendered":"https:\/\/cecelidemir.com\/?page_id=1129"},"modified":"2024-10-30T07:58:27","modified_gmt":"2024-10-30T07:58:27","slug":"dis-ticaret","status":"publish","type":"page","link":"https:\/\/cecelidemir.com\/index.php\/dis-ticaret\/","title":{"rendered":"D\u0131\u015f Ticaret"},"content":{"rendered":"\t\t<div data-elementor-type=\"wp-page\" data-elementor-id=\"1129\" class=\"elementor elementor-1129\">\n\t\t\t\t<div class=\"elementor-element elementor-element-d476503 e-flex e-con-boxed e-con e-parent\" data-id=\"d476503\" data-element_type=\"container\" data-e-type=\"container\">\n\t\t\t\t\t<div class=\"e-con-inner\">\n\t\t\t\t<div class=\"elementor-element elementor-element-2918463 elementor-widget elementor-widget-image\" data-id=\"2918463\" data-element_type=\"widget\" data-e-type=\"widget\" data-widget_type=\"image.default\">\n\t\t\t\t<div class=\"elementor-widget-container\">\n\t\t\t\t\t\t\t\t\t\t\t\t\t\t\t<img fetchpriority=\"high\" decoding=\"async\" width=\"1024\" height=\"82\" src=\"https:\/\/cecelidemir.com\/wp-content\/uploads\/2024\/02\/Ekran-Resmi-2024-02-05-11.05.41-1024x82.png\" class=\"attachment-large size-large wp-image-1588\" alt=\"\" srcset=\"https:\/\/cecelidemir.com\/wp-content\/uploads\/2024\/02\/Ekran-Resmi-2024-02-05-11.05.41-1024x82.png 1024w, https:\/\/cecelidemir.com\/wp-content\/uploads\/2024\/02\/Ekran-Resmi-2024-02-05-11.05.41-300x24.png 300w, https:\/\/cecelidemir.com\/wp-content\/uploads\/2024\/02\/Ekran-Resmi-2024-02-05-11.05.41-768x61.png 768w, https:\/\/cecelidemir.com\/wp-content\/uploads\/2024\/02\/Ekran-Resmi-2024-02-05-11.05.41-1536x123.png 1536w, https:\/\/cecelidemir.com\/wp-content\/uploads\/2024\/02\/Ekran-Resmi-2024-02-05-11.05.41-2048x164.png 2048w, https:\/\/cecelidemir.com\/wp-content\/uploads\/2024\/02\/Ekran-Resmi-2024-02-05-11.05.41-1000x80.png 1000w, https:\/\/cecelidemir.com\/wp-content\/uploads\/2024\/02\/Ekran-Resmi-2024-02-05-11.05.41-230x18.png 230w, https:\/\/cecelidemir.com\/wp-content\/uploads\/2024\/02\/Ekran-Resmi-2024-02-05-11.05.41-350x28.png 350w, https:\/\/cecelidemir.com\/wp-content\/uploads\/2024\/02\/Ekran-Resmi-2024-02-05-11.05.41-480x38.png 480w\" sizes=\"(max-width: 1024px) 100vw, 1024px\" \/>\t\t\t\t\t\t\t\t\t\t\t\t\t\t\t<\/div>\n\t\t\t\t<\/div>\n\t\t\t\t\t<\/div>\n\t\t\t\t<\/div>\n\t\t\t\t<section class=\"elementor-section elementor-top-section elementor-element elementor-element-c3af689 elementor-section-boxed elementor-section-height-default elementor-section-height-default\" data-id=\"c3af689\" data-element_type=\"section\" data-e-type=\"section\">\n\t\t\t\t\t\t<div class=\"elementor-container elementor-column-gap-default\">\n\t\t\t\t\t<div class=\"elementor-column elementor-col-100 elementor-top-column elementor-element elementor-element-6e60e69\" data-id=\"6e60e69\" data-element_type=\"column\" data-e-type=\"column\">\n\t\t\t<div class=\"elementor-widget-wrap elementor-element-populated\">\n\t\t\t\t\t\t<div class=\"elementor-element elementor-element-9fb5006 elementor-widget elementor-widget-heading\" data-id=\"9fb5006\" data-element_type=\"widget\" data-e-type=\"widget\" data-widget_type=\"heading.default\">\n\t\t\t\t<div class=\"elementor-widget-container\">\n\t\t\t\t\t<h2 class=\"elementor-heading-title elementor-size-default\">\u0130thalat<\/h2>\t\t\t\t<\/div>\n\t\t\t\t<\/div>\n\t\t\t\t<div class=\"elementor-element elementor-element-222c1fa elementor-widget elementor-widget-text-editor\" data-id=\"222c1fa\" data-element_type=\"widget\" data-e-type=\"widget\" data-widget_type=\"text-editor.default\">\n\t\t\t\t<div class=\"elementor-widget-container\">\n\t\t\t\t\t\t\t\t\t<p class=\"p2\">Firmam\u0131z\u0131n g\u00fc\u00e7l\u00fc tedarik zinciri y\u00f6netimi ve uluslararas\u0131 ticaretteki tecr\u00fcbeleri sayesinde, m\u00fc\u015fterilerimize <b>yurt i\u00e7inde \u00fcretilmeyen <\/b>veya <b>temininde s\u0131k\u0131nt\u0131 \u00e7ekilen <\/b>\u00fcr\u00fcnleri m\u00fc\u015fterimizin ihtiyac\u0131 olan <b>kalite, zaman <\/b>ve <b>miktarda en uygun maliyetle <\/b>temin etmekteyiz.<\/p>\t\t\t\t\t\t\t\t<\/div>\n\t\t\t\t<\/div>\n\t\t\t\t\t<\/div>\n\t\t<\/div>\n\t\t\t\t\t<\/div>\n\t\t<\/section>\n\t\t\t\t<section class=\"elementor-section elementor-top-section elementor-element elementor-element-86b81d3 elementor-section-boxed elementor-section-height-default elementor-section-height-default\" data-id=\"86b81d3\" data-element_type=\"section\" data-e-type=\"section\">\n\t\t\t\t\t\t<div class=\"elementor-container elementor-column-gap-default\">\n\t\t\t\t\t<div class=\"elementor-column elementor-col-100 elementor-top-column elementor-element elementor-element-724cc92\" data-id=\"724cc92\" data-element_type=\"column\" data-e-type=\"column\">\n\t\t\t<div class=\"elementor-widget-wrap elementor-element-populated\">\n\t\t\t\t\t\t<div class=\"elementor-element elementor-element-c2b9db3 elementor-widget elementor-widget-heading\" data-id=\"c2b9db3\" data-element_type=\"widget\" data-e-type=\"widget\" data-widget_type=\"heading.default\">\n\t\t\t\t<div class=\"elementor-widget-container\">\n\t\t\t\t\t<h2 class=\"elementor-heading-title elementor-size-default\">\u0130hracat<\/h2>\t\t\t\t<\/div>\n\t\t\t\t<\/div>\n\t\t\t\t<div class=\"elementor-element elementor-element-3c77a7c elementor-widget elementor-widget-text-editor\" data-id=\"3c77a7c\" data-element_type=\"widget\" data-e-type=\"widget\" data-widget_type=\"text-editor.default\">\n\t\t\t\t<div class=\"elementor-widget-container\">\n\t\t\t\t\t\t\t\t\t<p class=\"p2\">Firmam\u0131z, yar\u0131m as\u0131rd\u0131r demir \u00e7elik sekt\u00f6r\u00fcnde faaliyet g\u00f6stererek edindi\u011fi <b>g\u00fc\u00e7l\u00fc konum <\/b>ile i\u00e7 pazardaki <b>tecr\u00fcbelerini <\/b>k\u00fcresel pazarda kullanmakta ve etkin bir \u015fekilde <b>ihracat faaliyetlerini <\/b>s\u00fcrd\u00fcrmektedir.<\/p><p class=\"p2\">K\u00fcresel i\u015f birli\u011fi a\u011f\u0131m\u0131z ve pazar ara\u015ft\u0131rmalar\u0131m\u0131z sayesinde ABD, Brezilya, Togo, Burkina Faso, Azerbaycan, \u00d6zbekistan, \u0130ngiltere, Almanya gibi <b>5 k\u0131tada <\/b>say\u0131s\u0131 her ge\u00e7en g\u00fcn artan <b>15\u2019in \u00fczerinde <\/b>\u00fclkeye aktif ihracat\u0131m\u0131z devam etmektedir.<\/p><p class=\"p2\">Kalite standartlar\u0131na ve uluslararas\u0131 d\u00fczenlemelere, m\u00fc\u015fterilerimizin kalite ihtiya\u00e7lar\u0131na tam olarak cevap verecek \u015fekilde uyum g\u00f6steren tedarik zinciri ve lojistik y\u00f6netimimizle operasyonlar\u0131m\u0131z\u0131 destekleyerek m\u00fc\u015fterilerimize <b>zaman\u0131nda <\/b>ve <b>hatas\u0131z <\/b>\u00fcr\u00fcn teslimat\u0131 sa\u011flayan memnuniyet odakl\u0131 yakla\u015f\u0131m\u0131m\u0131zla, m\u00fc\u015fteri ihtiya\u00e7lar\u0131n\u0131 anlayarak sundu\u011fumuz <b>\u00f6zelle\u015ftirilmi\u015f \u00e7\u00f6z\u00fcmlerle<\/b>, memnuniyeti y\u00fcksek m\u00fc\u015fterilerimiz sayesinde uluslararas\u0131 pazarda <b>s\u00fcrekli b\u00fcy\u00fcmeye <\/b>devam ediyoruz.<\/p>\t\t\t\t\t\t\t\t<\/div>\n\t\t\t\t<\/div>\n\t\t\t\t\t<\/div>\n\t\t<\/div>\n\t\t\t\t\t<\/div>\n\t\t<\/section>\n\t\t<div class=\"elementor-element elementor-element-ee95cbb e-flex e-con-boxed e-con e-parent\" data-id=\"ee95cbb\" data-element_type=\"container\" data-e-type=\"container\">\n\t\t\t\t\t<div class=\"e-con-inner\">\n\t\t\t\t<div class=\"elementor-element elementor-element-d40bbb9 elementor-widget elementor-widget-image\" data-id=\"d40bbb9\" data-element_type=\"widget\" data-e-type=\"widget\" data-widget_type=\"image.default\">\n\t\t\t\t<div class=\"elementor-widget-container\">\n\t\t\t\t\t\t\t\t\t\t\t\t<figure class=\"wp-caption\">\n\t\t\t\t\t\t\t\t\t\t<img decoding=\"async\" width=\"1024\" height=\"484\" src=\"https:\/\/cecelidemir.com\/wp-content\/uploads\/2024\/10\/WhatsApp-Image-2024-09-05-at-12.27.30-1024x484.jpeg\" class=\"attachment-large size-large wp-image-2064\" alt=\"\" srcset=\"https:\/\/cecelidemir.com\/wp-content\/uploads\/2024\/10\/WhatsApp-Image-2024-09-05-at-12.27.30-1024x484.jpeg 1024w, https:\/\/cecelidemir.com\/wp-content\/uploads\/2024\/10\/WhatsApp-Image-2024-09-05-at-12.27.30-300x142.jpeg 300w, https:\/\/cecelidemir.com\/wp-content\/uploads\/2024\/10\/WhatsApp-Image-2024-09-05-at-12.27.30-768x363.jpeg 768w, https:\/\/cecelidemir.com\/wp-content\/uploads\/2024\/10\/WhatsApp-Image-2024-09-05-at-12.27.30-1536x727.jpeg 1536w, https:\/\/cecelidemir.com\/wp-content\/uploads\/2024\/10\/WhatsApp-Image-2024-09-05-at-12.27.30-1000x473.jpeg 1000w, https:\/\/cecelidemir.com\/wp-content\/uploads\/2024\/10\/WhatsApp-Image-2024-09-05-at-12.27.30-230x109.jpeg 230w, https:\/\/cecelidemir.com\/wp-content\/uploads\/2024\/10\/WhatsApp-Image-2024-09-05-at-12.27.30-350x166.jpeg 350w, https:\/\/cecelidemir.com\/wp-content\/uploads\/2024\/10\/WhatsApp-Image-2024-09-05-at-12.27.30-480x227.jpeg 480w, https:\/\/cecelidemir.com\/wp-content\/uploads\/2024\/10\/WhatsApp-Image-2024-09-05-at-12.27.30.jpeg 1600w\" sizes=\"(max-width: 1024px) 100vw, 1024px\" \/>\t\t\t\t\t\t\t\t\t\t\t<figcaption class=\"widget-image-caption wp-caption-text\">UKRAYNA - K\u00d6\u015eEBENT<\/figcaption>\n\t\t\t\t\t\t\t\t\t\t<\/figure>\n\t\t\t\t\t\t\t\t\t<\/div>\n\t\t\t\t<\/div>\n\t\t\t\t\t<\/div>\n\t\t\t\t<\/div>\n\t\t<div class=\"elementor-element elementor-element-50ef789 e-flex e-con-boxed e-con e-parent\" data-id=\"50ef789\" data-element_type=\"container\" data-e-type=\"container\">\n\t\t\t\t\t<div class=\"e-con-inner\">\n\t\t\t\t<div class=\"elementor-element elementor-element-111a2fd elementor-widget elementor-widget-image\" data-id=\"111a2fd\" data-element_type=\"widget\" data-e-type=\"widget\" data-widget_type=\"image.default\">\n\t\t\t\t<div class=\"elementor-widget-container\">\n\t\t\t\t\t\t\t\t\t\t\t\t<figure class=\"wp-caption\">\n\t\t\t\t\t\t\t\t\t\t<img decoding=\"async\" width=\"1024\" height=\"783\" src=\"https:\/\/cecelidemir.com\/wp-content\/uploads\/2024\/10\/WhatsApp-Image-2024-10-22-at-22.56.51-1024x783.jpeg\" class=\"attachment-large size-large wp-image-2066\" alt=\"\" srcset=\"https:\/\/cecelidemir.com\/wp-content\/uploads\/2024\/10\/WhatsApp-Image-2024-10-22-at-22.56.51-1024x783.jpeg 1024w, https:\/\/cecelidemir.com\/wp-content\/uploads\/2024\/10\/WhatsApp-Image-2024-10-22-at-22.56.51-300x229.jpeg 300w, https:\/\/cecelidemir.com\/wp-content\/uploads\/2024\/10\/WhatsApp-Image-2024-10-22-at-22.56.51-768x587.jpeg 768w, https:\/\/cecelidemir.com\/wp-content\/uploads\/2024\/10\/WhatsApp-Image-2024-10-22-at-22.56.51-1000x764.jpeg 1000w, https:\/\/cecelidemir.com\/wp-content\/uploads\/2024\/10\/WhatsApp-Image-2024-10-22-at-22.56.51-230x176.jpeg 230w, https:\/\/cecelidemir.com\/wp-content\/uploads\/2024\/10\/WhatsApp-Image-2024-10-22-at-22.56.51-350x268.jpeg 350w, https:\/\/cecelidemir.com\/wp-content\/uploads\/2024\/10\/WhatsApp-Image-2024-10-22-at-22.56.51-480x367.jpeg 480w, https:\/\/cecelidemir.com\/wp-content\/uploads\/2024\/10\/WhatsApp-Image-2024-10-22-at-22.56.51.jpeg 1125w\" sizes=\"(max-width: 1024px) 100vw, 1024px\" \/>\t\t\t\t\t\t\t\t\t\t\t<figcaption class=\"widget-image-caption wp-caption-text\">SIRB\u0130STAN - U PROF\u0130L<\/figcaption>\n\t\t\t\t\t\t\t\t\t\t<\/figure>\n\t\t\t\t\t\t\t\t\t<\/div>\n\t\t\t\t<\/div>\n\t\t\t\t\t<\/div>\n\t\t\t\t<\/div>\n\t\t\t\t<\/div>\n\t\t","protected":false},"excerpt":{"rendered":"<p>\u0130thalat Firmam\u0131z\u0131n g\u00fc\u00e7l\u00fc tedarik zinciri y\u00f6netimi ve uluslararas\u0131 ticaretteki tecr\u00fcbeleri sayesinde, m\u00fc\u015fterilerimize yurt i\u00e7inde \u00fcretilmeyen veya temininde s\u0131k\u0131nt\u0131 \u00e7ekilen \u00fcr\u00fcnleri m\u00fc\u015fterimizin ihtiyac\u0131 [&hellip;]<\/p>\n","protected":false},"author":1,"featured_media":0,"parent":0,"menu_order":0,"comment_status":"closed","ping_status":"closed","template":"","meta":{"footnotes":""},"class_list":["post-1129","page","type-page","status-publish","hentry"],"_links":{"self":[{"href":"https:\/\/cecelidemir.com\/index.php\/wp-json\/wp\/v2\/pages\/1129","targetHints":{"allow":["GET"]}}],"collection":[{"href":"https:\/\/cecelidemir.com\/index.php\/wp-json\/wp\/v2\/pages"}],"about":[{"href":"https:\/\/cecelidemir.com\/index.php\/wp-json\/wp\/v2\/types\/page"}],"author":[{"embeddable":true,"href":"https:\/\/cecelidemir.com\/index.php\/wp-json\/wp\/v2\/users\/1"}],"replies":[{"embeddable":true,"href":"https:\/\/cecelidemir.com\/index.php\/wp-json\/wp\/v2\/comments?post=1129"}],"version-history":[{"count":16,"href":"https:\/\/cecelidemir.com\/index.php\/wp-json\/wp\/v2\/pages\/1129\/revisions"}],"predecessor-version":[{"id":2072,"href":"https:\/\/cecelidemir.com\/index.php\/wp-json\/wp\/v2\/pages\/1129\/revisions\/2072"}],"wp:attachment":[{"href":"https:\/\/cecelidemir.com\/index.php\/wp-json\/wp\/v2\/media?parent=1129"}],"curies":[{"name":"wp","href":"https:\/\/api.w.org\/{rel}","templated":true}]}}