{"id":1231,"date":"2023-08-15T20:32:34","date_gmt":"2023-08-15T17:32:34","guid":{"rendered":"https:\/\/cecelidemir.com\/?page_id=1231"},"modified":"2025-05-28T21:24:07","modified_gmt":"2025-05-28T21:24:07","slug":"kalite","status":"publish","type":"page","link":"https:\/\/cecelidemir.com\/index.php\/kalite\/","title":{"rendered":"Kalite"},"content":{"rendered":"\t\t<div data-elementor-type=\"wp-page\" data-elementor-id=\"1231\" class=\"elementor elementor-1231\">\n\t\t\t\t<div class=\"elementor-element elementor-element-00aee60 e-flex e-con-boxed e-con e-parent\" data-id=\"00aee60\" data-element_type=\"container\" data-e-type=\"container\">\n\t\t\t\t\t<div class=\"e-con-inner\">\n\t\t\t\t<div class=\"elementor-element elementor-element-0f57534 elementor-widget elementor-widget-text-editor\" data-id=\"0f57534\" data-element_type=\"widget\" data-e-type=\"widget\" data-widget_type=\"text-editor.default\">\n\t\t\t\t<div class=\"elementor-widget-container\">\n\t\t\t\t\t\t\t\t\t<p class=\"p2\">Firmam\u0131z <b>ISO 9001 <\/b>Kalite Y\u00f6netim Sistemi, <b>ISO 14001 <\/b>\u00c7evre Y\u00f6netim Sistemi ve <b>ISO 45001 <\/b>\u0130\u015f Sa\u011fl\u0131\u011f\u0131 ve G\u00fcvenli\u011fi Y\u00f6netim Sistemi belgeleri ile sahip oldu\u011fu <b>kalite anlay\u0131\u015f\u0131, \u00e7evre duyarl\u0131l\u0131\u011f\u0131 <\/b>ve <b>\u00e7al\u0131\u015fanlar\u0131na verdi\u011fi de\u011feri <\/b>\u00f6n plana \u00e7\u0131kard\u0131\u011f\u0131n\u0131 g\u00f6sterirken <b>EN ISO 1090-2 EXC3 <\/b>\u00c7elik Yap\u0131 Elemanlar\u0131 \u0130\u00e7in Teknik Gereklilikler ve <b>EN ISO 3834-2 <\/b>Kaynakl\u0131 \u0130malata Yeterlilik belgeleri ile de yapm\u0131\u015f oldu\u011fumuz kaynakl\u0131 imalat\u0131n kalitesini belgelendirmektedir.<\/p>\t\t\t\t\t\t\t\t<\/div>\n\t\t\t\t<\/div>\n\t\t\t\t\t<\/div>\n\t\t\t\t<\/div>\n\t\t\t\t<section class=\"elementor-section elementor-top-section elementor-element elementor-element-035eb98 elementor-section-boxed elementor-section-height-default elementor-section-height-default\" data-id=\"035eb98\" data-element_type=\"section\" data-e-type=\"section\">\n\t\t\t\t\t\t<div class=\"elementor-container elementor-column-gap-default\">\n\t\t\t\t\t<div class=\"elementor-column elementor-col-100 elementor-top-column elementor-element elementor-element-9e9953a\" data-id=\"9e9953a\" data-element_type=\"column\" data-e-type=\"column\">\n\t\t\t<div class=\"elementor-widget-wrap elementor-element-populated\">\n\t\t\t\t\t\t<div class=\"elementor-element elementor-element-889d2af elementor-widget elementor-widget-text-editor\" data-id=\"889d2af\" data-element_type=\"widget\" data-e-type=\"widget\" data-widget_type=\"text-editor.default\">\n\t\t\t\t<div class=\"elementor-widget-container\">\n\t\t\t\t\t\t\t\t\t<div role=\"heading\" aria-level=\"3\"><a href=\"https:\/\/cecelidemir.com\/wp-content\/uploads\/2025\/05\/iso-9001.jpg\" target=\"_blank\" rel=\"noopener\">ISO 9001:2015 &#8211; Kalite Y\u00f6netim Sistemi<\/a><\/div><div role=\"heading\" aria-level=\"3\">\u00a0<\/div><div role=\"heading\" aria-level=\"3\"><a href=\"https:\/\/cecelidemir.com\/wp-content\/uploads\/2025\/05\/iso-14001.jpg\" target=\"_blank\" rel=\"noopener\">ISO 14001:2015 &#8211; \u00c7evre Y\u00f6netim Sistemi<\/a><\/div><div role=\"heading\" aria-level=\"3\">\u00a0<\/div><div class=\"CCgQ5 vCa9Yd QfkTvb N8QANc MUxGbd v0nnCb\" role=\"heading\" aria-level=\"3\"><a href=\"https:\/\/cecelidemir.com\/wp-content\/uploads\/2025\/05\/iso-45001.jpg\" target=\"_blank\" rel=\"noopener\">ISO 45001:2018 &#8211;\u00a0 \u0130\u015f Sa\u011fl\u0131\u011f\u0131 ve G\u00fcvenli\u011fi Y\u00f6netim Sistemi<\/a><\/div><div role=\"heading\" aria-level=\"3\">\u00a0<\/div><div role=\"heading\" aria-level=\"3\"><a href=\"https:\/\/cecelidemir.com\/wp-content\/uploads\/2024\/02\/EN-ISO-3834-2-Kaynakli-Imalat-Yeterlilik-Belgesi.pdf\" target=\"_blank\" rel=\"noopener\">EN ISO 3834-2 &#8211; Kaynakl\u0131 \u0130malat Yeterlilik Belgesi<\/a><\/div><div role=\"heading\" aria-level=\"3\">\u00a0<\/div><div role=\"heading\" aria-level=\"3\"><a href=\"https:\/\/cecelidemir.com\/wp-content\/uploads\/2024\/02\/EN-1090-1-2009A1-2011-Yapisal-Celik-Bilesenleri-Imalati-Yeterlilik-Belgesi.pdf\" target=\"_blank\" rel=\"noopener\">EN 1090-1:2009+A1:2011 &#8211; Yap\u0131sal \u00c7elik Bile\u015fenleri \u0130malat\u0131 Yeterlilik Belgesi<\/a><\/div><div role=\"heading\" aria-level=\"3\">\u00a0<\/div><div role=\"heading\" aria-level=\"3\">\u00a0<\/div>\t\t\t\t\t\t\t\t<\/div>\n\t\t\t\t<\/div>\n\t\t\t\t\t<\/div>\n\t\t<\/div>\n\t\t\t\t\t<\/div>\n\t\t<\/section>\n\t\t\t\t<\/div>\n\t\t","protected":false},"excerpt":{"rendered":"<p>Firmam\u0131z ISO 9001 Kalite Y\u00f6netim Sistemi, ISO 14001 \u00c7evre Y\u00f6netim Sistemi ve ISO 45001 \u0130\u015f Sa\u011fl\u0131\u011f\u0131 ve G\u00fcvenli\u011fi Y\u00f6netim Sistemi belgeleri ile [&hellip;]<\/p>\n","protected":false},"author":1,"featured_media":0,"parent":0,"menu_order":0,"comment_status":"closed","ping_status":"closed","template":"","meta":{"footnotes":""},"class_list":["post-1231","page","type-page","status-publish","hentry"],"_links":{"self":[{"href":"https:\/\/cecelidemir.com\/index.php\/wp-json\/wp\/v2\/pages\/1231","targetHints":{"allow":["GET"]}}],"collection":[{"href":"https:\/\/cecelidemir.com\/index.php\/wp-json\/wp\/v2\/pages"}],"about":[{"href":"https:\/\/cecelidemir.com\/index.php\/wp-json\/wp\/v2\/types\/page"}],"author":[{"embeddable":true,"href":"https:\/\/cecelidemir.com\/index.php\/wp-json\/wp\/v2\/users\/1"}],"replies":[{"embeddable":true,"href":"https:\/\/cecelidemir.com\/index.php\/wp-json\/wp\/v2\/comments?post=1231"}],"version-history":[{"count":13,"href":"https:\/\/cecelidemir.com\/index.php\/wp-json\/wp\/v2\/pages\/1231\/revisions"}],"predecessor-version":[{"id":2095,"href":"https:\/\/cecelidemir.com\/index.php\/wp-json\/wp\/v2\/pages\/1231\/revisions\/2095"}],"wp:attachment":[{"href":"https:\/\/cecelidemir.com\/index.php\/wp-json\/wp\/v2\/media?parent=1231"}],"curies":[{"name":"wp","href":"https:\/\/api.w.org\/{rel}","templated":true}]}}