{"id":1612,"date":"2024-02-05T08:26:16","date_gmt":"2024-02-05T08:26:16","guid":{"rendered":"https:\/\/cecelidemir.com\/?page_id=1612"},"modified":"2025-03-21T15:00:40","modified_gmt":"2025-03-21T15:00:40","slug":"ceceli-tel-sanayi-as","status":"publish","type":"page","link":"https:\/\/cecelidemir.com\/index.php\/ceceli-tel-sanayi-as\/","title":{"rendered":"Ceceli Tel Sanayi A.\u015e."},"content":{"rendered":"\t\t<div data-elementor-type=\"wp-page\" data-elementor-id=\"1612\" class=\"elementor elementor-1612\">\n\t\t\t\t<div class=\"elementor-element elementor-element-0dc128f e-flex e-con-boxed e-con e-parent\" data-id=\"0dc128f\" data-element_type=\"container\" data-e-type=\"container\">\n\t\t\t\t\t<div class=\"e-con-inner\">\n\t\t<div class=\"elementor-element elementor-element-f454dc9 e-con-full e-flex e-con e-child\" data-id=\"f454dc9\" data-element_type=\"container\" data-e-type=\"container\">\n\t\t\t\t<div class=\"elementor-element elementor-element-655095c elementor-widget elementor-widget-heading\" data-id=\"655095c\" data-element_type=\"widget\" data-e-type=\"widget\" data-widget_type=\"heading.default\">\n\t\t\t\t<div class=\"elementor-widget-container\">\n\t\t\t\t\t<h2 class=\"elementor-heading-title elementor-size-default\">Hakk\u0131m\u0131zda<\/h2>\t\t\t\t<\/div>\n\t\t\t\t<\/div>\n\t\t\t\t<\/div>\n\t\t\t\t\t<\/div>\n\t\t\t\t<\/div>\n\t\t<div class=\"elementor-element elementor-element-7776a33 e-flex e-con-boxed e-con e-parent\" data-id=\"7776a33\" data-element_type=\"container\" data-e-type=\"container\">\n\t\t\t\t\t<div class=\"e-con-inner\">\n\t\t<div class=\"elementor-element elementor-element-a71938c e-con-full e-flex e-con e-child\" data-id=\"a71938c\" data-element_type=\"container\" data-e-type=\"container\">\n\t\t\t\t<div class=\"elementor-element elementor-element-21a9e8f elementor-widget elementor-widget-text-editor\" data-id=\"21a9e8f\" data-element_type=\"widget\" data-e-type=\"widget\" data-widget_type=\"text-editor.default\">\n\t\t\t\t<div class=\"elementor-widget-container\">\n\t\t\t\t\t\t\t\t\t<p class=\"p2\">Kurucumuz Alaeddin CECEL\u0130\u2019nin <b>1954 <\/b>y\u0131l\u0131nda o d\u00f6nemde Ankara\u2019n\u0131n ticaret merkezi olan Ulus Konya Sokak\u2019ta kurdu\u011fu imalathanede temelleri at\u0131lan ve <b>70 y\u0131l\u0131 a\u015fk\u0131n <\/b>s\u00fcredir faaliyetlerini devam ettiren Ceceli Grubu 3. ku\u015fak gen\u00e7lerin y\u00f6netim s\u00fcre\u00e7lerine kat\u0131lmalar\u0131 ile gelece\u011fe g\u00fcvenle bakarken ticaret, sanayi ve e\u011fitim sekt\u00f6rlerinde faaliyetlerini geli\u015ftirerek s\u00fcrd\u00fcrmektedir.<\/p><p class=\"p3\"><b>1968 <\/b>y\u0131l\u0131nda temelleri at\u0131lan ve Ceceli Grubu\u2019nun \u00f6nc\u00fc \u015firketi olarak faaliyetlerine ba\u015flayan Ceceli Tel Sanayi A\u015e, 2023 y\u0131l\u0131 itibariyle ASO 2. OSB\u2019deki modern tesisine ta\u015f\u0131nm\u0131\u015f ve burada geni\u015fletti\u011fi \u00fcretim yelpazesiyle ba\u015far\u0131yla faaliyetlerini s\u00fcrd\u00fcrmektedir.<\/p>\t\t\t\t\t\t\t\t<\/div>\n\t\t\t\t<\/div>\n\t\t\t\t<\/div>\n\t\t\t\t\t<\/div>\n\t\t\t\t<\/div>\n\t\t<div class=\"elementor-element elementor-element-57bfaef e-flex e-con-boxed e-con e-parent\" data-id=\"57bfaef\" data-element_type=\"container\" data-e-type=\"container\">\n\t\t\t\t\t<div class=\"e-con-inner\">\n\t\t\t\t<div class=\"elementor-element elementor-element-6a51f5e elementor-widget elementor-widget-image\" data-id=\"6a51f5e\" data-element_type=\"widget\" data-e-type=\"widget\" data-widget_type=\"image.default\">\n\t\t\t\t<div class=\"elementor-widget-container\">\n\t\t\t\t\t\t\t\t\t\t\t\t\t\t\t<img fetchpriority=\"high\" decoding=\"async\" width=\"1024\" height=\"460\" src=\"https:\/\/cecelidemir.com\/wp-content\/uploads\/2025\/03\/Ekran-Resmi-2025-03-21-11.00.05-1024x460.png\" class=\"attachment-large size-large wp-image-2080\" alt=\"\" srcset=\"https:\/\/cecelidemir.com\/wp-content\/uploads\/2025\/03\/Ekran-Resmi-2025-03-21-11.00.05-1024x460.png 1024w, https:\/\/cecelidemir.com\/wp-content\/uploads\/2025\/03\/Ekran-Resmi-2025-03-21-11.00.05-300x135.png 300w, https:\/\/cecelidemir.com\/wp-content\/uploads\/2025\/03\/Ekran-Resmi-2025-03-21-11.00.05-768x345.png 768w, https:\/\/cecelidemir.com\/wp-content\/uploads\/2025\/03\/Ekran-Resmi-2025-03-21-11.00.05-1536x689.png 1536w, https:\/\/cecelidemir.com\/wp-content\/uploads\/2025\/03\/Ekran-Resmi-2025-03-21-11.00.05-1000x449.png 1000w, https:\/\/cecelidemir.com\/wp-content\/uploads\/2025\/03\/Ekran-Resmi-2025-03-21-11.00.05-230x103.png 230w, https:\/\/cecelidemir.com\/wp-content\/uploads\/2025\/03\/Ekran-Resmi-2025-03-21-11.00.05-350x157.png 350w, https:\/\/cecelidemir.com\/wp-content\/uploads\/2025\/03\/Ekran-Resmi-2025-03-21-11.00.05-480x215.png 480w, https:\/\/cecelidemir.com\/wp-content\/uploads\/2025\/03\/Ekran-Resmi-2025-03-21-11.00.05.png 1818w\" sizes=\"(max-width: 1024px) 100vw, 1024px\" \/>\t\t\t\t\t\t\t\t\t\t\t\t\t\t\t<\/div>\n\t\t\t\t<\/div>\n\t\t\t\t\t<\/div>\n\t\t\t\t<\/div>\n\t\t<div class=\"elementor-element elementor-element-9e46555 e-flex e-con-boxed e-con e-parent\" data-id=\"9e46555\" data-element_type=\"container\" data-e-type=\"container\">\n\t\t\t\t\t<div class=\"e-con-inner\">\n\t\t\t\t<div class=\"elementor-element elementor-element-c88ff1e elementor-widget elementor-widget-heading\" data-id=\"c88ff1e\" data-element_type=\"widget\" data-e-type=\"widget\" data-widget_type=\"heading.default\">\n\t\t\t\t<div class=\"elementor-widget-container\">\n\t\t\t\t\t<h2 class=\"elementor-heading-title elementor-size-default\">\u00dcr\u00fcnlerimiz<\/h2>\t\t\t\t<\/div>\n\t\t\t\t<\/div>\n\t\t\t\t\t<\/div>\n\t\t\t\t<\/div>\n\t\t<div class=\"elementor-element elementor-element-cb90e14 e-flex e-con-boxed e-con e-parent\" data-id=\"cb90e14\" data-element_type=\"container\" data-e-type=\"container\">\n\t\t\t\t\t<div class=\"e-con-inner\">\n\t\t\t\t<div class=\"elementor-element elementor-element-944a345 elementor-widget elementor-widget-text-editor\" data-id=\"944a345\" data-element_type=\"widget\" data-e-type=\"widget\" data-widget_type=\"text-editor.default\">\n\t\t\t\t<div class=\"elementor-widget-container\">\n\t\t\t\t\t\t\t\t\t<p class=\"p2\">55 y\u0131l\u0131 a\u015fk\u0131n s\u00fcredir \u00fcretimi yap\u0131lan geleneksel \u00fcr\u00fcnler <b>in\u015faat \u00e7ivisi <\/b>ve <b>tavl\u0131 ba\u011f telinin <\/b>\u00fcretiminin yan\u0131nda <b>1.20 mm<\/b>\u2019den <b>4.00 mm <\/b>\u00e7apa kangal <b>2.00 mm<\/b>\u2019den <b>6.00 mm <\/b>\u00e7apa kadar do\u011frultulmu\u015f teller <b>yuvarlak <\/b>ve <b>kare <\/b>kesitlerde <b>tavl\u0131 <\/b>veya <b>tavs\u0131z <\/b>olarak \u00fcretilmektedir.<\/p><p class=\"p2\"><b>500 mm &#8211; 6.000 mm <\/b>aras\u0131 boy kesimi yap\u0131lan <b>tavl\u0131 <\/b>veya <b>tavs\u0131z <\/b>do\u011frultulmu\u015f teller prekast beton \u00fcreticilerinden market arabas\u0131 \u00fcreticilerine kadar yayg\u0131n bir m\u00fc\u015fteri profili taraf\u0131ndan tercih edimi\u015ftir.<\/p><p class=\"p2\">\u00dcr\u00fcnlerimiz m\u00fc\u015fterilerimizin ihtiya\u00e7 duydu\u011fu <b>sertlik <\/b>ve <b>kimyasal bile\u015fime <\/b>uygun filma\u015finden \u00fcretilerek m\u00fc\u015fteri ihtiya\u00e7lar\u0131 tam olarak kar\u015f\u0131lanmaktad\u0131r.<\/p><p class=\"p3\">\u00c7elik \u0131zgara imalat\u0131nda kullan\u0131lan <b>burgulu tellerin <\/b>\u00fcretiminde \u00f6nemli bir pazar pay\u0131na sahip olan firmam\u0131z artan taleplere cevap vermek i\u00e7in bu \u00fcr\u00fcn ile ilgili yat\u0131r\u0131mlar\u0131na devam etmektedir.<\/p>\t\t\t\t\t\t\t\t<\/div>\n\t\t\t\t<\/div>\n\t\t\t\t\t<\/div>\n\t\t\t\t<\/div>\n\t\t<div class=\"elementor-element elementor-element-0988694 e-flex e-con-boxed e-con e-parent\" data-id=\"0988694\" data-element_type=\"container\" data-e-type=\"container\">\n\t\t\t\t\t<div class=\"e-con-inner\">\n\t\t<div class=\"elementor-element elementor-element-af93f46 e-con-full e-flex e-con e-child\" data-id=\"af93f46\" data-element_type=\"container\" data-e-type=\"container\">\n\t\t\t\t<div class=\"elementor-element elementor-element-fcdf594 elementor-widget elementor-widget-text-editor\" data-id=\"fcdf594\" data-element_type=\"widget\" data-e-type=\"widget\" data-widget_type=\"text-editor.default\">\n\t\t\t\t<div class=\"elementor-widget-container\">\n\t\t\t\t\t\t\t\t\t<ul><li class=\"p2\">Burgulu Kare Teller<\/li><li class=\"p2\">Kangal Teller<\/li><\/ul><p>\u00a0 \u00a0 \u00a0 \u00a0 \u00a0 &#8211; Tavl\u0131<\/p><p class=\"p4\">\u00a0 \u00a0 \u00a0 \u00a0 \u00a0 &#8211; Tavs\u0131z<\/p><ul><li class=\"p2\">Do\u011frultulmu\u015f Teller<\/li><\/ul><p class=\"p4\">\u00a0 \u00a0 \u00a0 \u00a0 \u00a0 &#8211; Tavl\u0131<\/p><p class=\"p4\">\u00a0 \u00a0 \u00a0 \u00a0 \u00a0 &#8211; Tavs\u0131z<\/p><ul><li class=\"p2\">\u0130n\u015faat \u00c7ivileri<\/li><li class=\"p2\">Tavl\u0131 Ba\u011f Telleri<\/li><\/ul>\t\t\t\t\t\t\t\t<\/div>\n\t\t\t\t<\/div>\n\t\t\t\t<\/div>\n\t\t\t\t\t<\/div>\n\t\t\t\t<\/div>\n\t\t<div class=\"elementor-element elementor-element-c335aa6 e-flex e-con-boxed e-con e-parent\" data-id=\"c335aa6\" data-element_type=\"container\" data-e-type=\"container\">\n\t\t\t\t\t<div class=\"e-con-inner\">\n\t\t\t\t<div class=\"elementor-element elementor-element-8fc482f elementor-widget elementor-widget-image\" data-id=\"8fc482f\" data-element_type=\"widget\" data-e-type=\"widget\" data-widget_type=\"image.default\">\n\t\t\t\t<div class=\"elementor-widget-container\">\n\t\t\t\t\t\t\t\t\t\t\t\t\t\t\t<img decoding=\"async\" width=\"1024\" height=\"386\" src=\"https:\/\/cecelidemir.com\/wp-content\/uploads\/2024\/02\/Ekran-Resmi-2024-02-05-11.37.23-1024x386.png\" class=\"attachment-large size-large wp-image-1621\" alt=\"\" srcset=\"https:\/\/cecelidemir.com\/wp-content\/uploads\/2024\/02\/Ekran-Resmi-2024-02-05-11.37.23-1024x386.png 1024w, https:\/\/cecelidemir.com\/wp-content\/uploads\/2024\/02\/Ekran-Resmi-2024-02-05-11.37.23-300x113.png 300w, https:\/\/cecelidemir.com\/wp-content\/uploads\/2024\/02\/Ekran-Resmi-2024-02-05-11.37.23-768x289.png 768w, https:\/\/cecelidemir.com\/wp-content\/uploads\/2024\/02\/Ekran-Resmi-2024-02-05-11.37.23-1536x579.png 1536w, https:\/\/cecelidemir.com\/wp-content\/uploads\/2024\/02\/Ekran-Resmi-2024-02-05-11.37.23-2048x772.png 2048w, https:\/\/cecelidemir.com\/wp-content\/uploads\/2024\/02\/Ekran-Resmi-2024-02-05-11.37.23-1000x377.png 1000w, https:\/\/cecelidemir.com\/wp-content\/uploads\/2024\/02\/Ekran-Resmi-2024-02-05-11.37.23-230x87.png 230w, https:\/\/cecelidemir.com\/wp-content\/uploads\/2024\/02\/Ekran-Resmi-2024-02-05-11.37.23-350x132.png 350w, https:\/\/cecelidemir.com\/wp-content\/uploads\/2024\/02\/Ekran-Resmi-2024-02-05-11.37.23-480x181.png 480w\" sizes=\"(max-width: 1024px) 100vw, 1024px\" \/>\t\t\t\t\t\t\t\t\t\t\t\t\t\t\t<\/div>\n\t\t\t\t<\/div>\n\t\t\t\t\t<\/div>\n\t\t\t\t<\/div>\n\t\t\t\t<\/div>\n\t\t","protected":false},"excerpt":{"rendered":"<p>Hakk\u0131m\u0131zda Kurucumuz Alaeddin CECEL\u0130\u2019nin 1954 y\u0131l\u0131nda o d\u00f6nemde Ankara\u2019n\u0131n ticaret merkezi olan Ulus Konya Sokak\u2019ta kurdu\u011fu imalathanede temelleri at\u0131lan ve 70 y\u0131l\u0131 [&hellip;]<\/p>\n","protected":false},"author":1,"featured_media":0,"parent":0,"menu_order":0,"comment_status":"closed","ping_status":"closed","template":"page-templates\/page_fullwidth.php","meta":{"footnotes":""},"class_list":["post-1612","page","type-page","status-publish","hentry"],"_links":{"self":[{"href":"https:\/\/cecelidemir.com\/index.php\/wp-json\/wp\/v2\/pages\/1612","targetHints":{"allow":["GET"]}}],"collection":[{"href":"https:\/\/cecelidemir.com\/index.php\/wp-json\/wp\/v2\/pages"}],"about":[{"href":"https:\/\/cecelidemir.com\/index.php\/wp-json\/wp\/v2\/types\/page"}],"author":[{"embeddable":true,"href":"https:\/\/cecelidemir.com\/index.php\/wp-json\/wp\/v2\/users\/1"}],"replies":[{"embeddable":true,"href":"https:\/\/cecelidemir.com\/index.php\/wp-json\/wp\/v2\/comments?post=1612"}],"version-history":[{"count":25,"href":"https:\/\/cecelidemir.com\/index.php\/wp-json\/wp\/v2\/pages\/1612\/revisions"}],"predecessor-version":[{"id":2083,"href":"https:\/\/cecelidemir.com\/index.php\/wp-json\/wp\/v2\/pages\/1612\/revisions\/2083"}],"wp:attachment":[{"href":"https:\/\/cecelidemir.com\/index.php\/wp-json\/wp\/v2\/media?parent=1612"}],"curies":[{"name":"wp","href":"https:\/\/api.w.org\/{rel}","templated":true}]}}