{"id":187,"date":"2018-10-01T12:54:12","date_gmt":"2018-10-01T09:54:12","guid":{"rendered":"https:\/\/cecelidemir.com\/?page_id=187"},"modified":"2024-02-05T08:49:16","modified_gmt":"2024-02-05T08:49:16","slug":"sicak-haddelenmis-sac-hr","status":"publish","type":"page","link":"https:\/\/cecelidemir.com\/index.php\/sicak-haddelenmis-sac-hr\/","title":{"rendered":"S\u0131cak Haddelenmi\u015f Sac (HR)"},"content":{"rendered":"\t\t<div data-elementor-type=\"wp-page\" data-elementor-id=\"187\" class=\"elementor elementor-187\">\n\t\t\t\t\t\t<section class=\"elementor-section elementor-top-section elementor-element elementor-element-35f1a79 elementor-section-boxed elementor-section-height-default elementor-section-height-default\" data-id=\"35f1a79\" data-element_type=\"section\" data-e-type=\"section\">\n\t\t\t\t\t\t<div class=\"elementor-container elementor-column-gap-default\">\n\t\t\t\t\t<div class=\"elementor-column elementor-col-50 elementor-top-column elementor-element elementor-element-fa21be3\" data-id=\"fa21be3\" data-element_type=\"column\" data-e-type=\"column\">\n\t\t\t<div class=\"elementor-widget-wrap elementor-element-populated\">\n\t\t\t\t\t\t<div class=\"elementor-element elementor-element-8fe044e elementor-widget elementor-widget-text-editor\" data-id=\"8fe044e\" data-element_type=\"widget\" data-e-type=\"widget\" data-widget_type=\"text-editor.default\">\n\t\t\t\t<div class=\"elementor-widget-container\">\n\t\t\t\t\t\t\t\t\t<p style=\"margin: 0px; padding: 0px; -webkit-tap-highlight-color: transparent; line-height: 1.5; color: #646266; font-family: Verdana, sans-serif;\">S\u0131cak haddelenmi\u015f saclar (HR), \u00e7elik \u00fcretiminde \u00f6nemli bir role sahip olan ve geni\u015f bir end\u00fcstriyel uygulama yelpazesine hitap eden \u00e7elik \u00fcr\u00fcnleridir. Bu saclar, y\u00fcksek s\u0131cakl\u0131kta \u00e7elik levhalar\u0131n haddeleme i\u015flemine tabi tutulmas\u0131yla elde edilir. S\u0131cak haddelenme i\u015flemi, \u00e7elik levhalar\u0131n mukavemetini ve dayan\u0131kl\u0131l\u0131\u011f\u0131n\u0131 art\u0131r\u0131rken, istenilen boyut ve kal\u0131nl\u0131\u011fa getirilmesini sa\u011flar. S\u0131cak haddelenmi\u015f saclar genellikle S235JR, S275JR, S355JR gibi farkl\u0131 \u00e7elik kalitelerinde \u00fcretilir. Bu saclar, in\u015faat, otomotiv, gemi yap\u0131m\u0131, boru imalat\u0131, a\u011f\u0131r makineler ve genel metal end\u00fcstrisi gibi bir\u00e7ok sekt\u00f6rde yayg\u0131n olarak kullan\u0131l\u0131r. S\u0131cak haddelenmi\u015f saclar, y\u00fcksek mukavemet, iyi \u015fekillendirme \u00f6zellikleri ve kaynaklanabilirlik gibi avantajlara sahiptir. Ayr\u0131ca, y\u00fcksek \u0131s\u0131l i\u015flem g\u00f6rmeleri nedeniyle daha d\u00fc\u015f\u00fck karbon i\u00e7eri\u011fine sahiptirler ve bu da \u00e7elik levhalar\u0131n m\u00fckemmel mekanik \u00f6zelliklerini sa\u011flar. S\u0131cak haddelenmi\u015f saclar, sa\u011flaml\u0131k, dayan\u0131kl\u0131l\u0131k ve geni\u015f kullan\u0131m \u00e7e\u015fitlili\u011fi ile yap\u0131sal projelerde ve end\u00fcstriyel uygulamalarda \u00f6nemli bir rol oynar.<\/p>\t\t\t\t\t\t\t\t<\/div>\n\t\t\t\t<\/div>\n\t\t\t\t\t<\/div>\n\t\t<\/div>\n\t\t\t\t<div class=\"elementor-column elementor-col-50 elementor-top-column elementor-element elementor-element-e7594b3\" data-id=\"e7594b3\" data-element_type=\"column\" data-e-type=\"column\">\n\t\t\t<div class=\"elementor-widget-wrap elementor-element-populated\">\n\t\t\t\t\t\t<div class=\"elementor-element elementor-element-9201f64 elementor-widget elementor-widget-image\" data-id=\"9201f64\" data-element_type=\"widget\" data-e-type=\"widget\" data-widget_type=\"image.default\">\n\t\t\t\t<div class=\"elementor-widget-container\">\n\t\t\t\t\t\t\t\t\t\t\t\t\t\t\t<img fetchpriority=\"high\" decoding=\"async\" width=\"1024\" height=\"576\" src=\"https:\/\/cecelidemir.com\/wp-content\/uploads\/2024\/02\/Sicak-Sac.webp\" class=\"attachment-large size-large wp-image-1640\" alt=\"\" srcset=\"https:\/\/cecelidemir.com\/wp-content\/uploads\/2024\/02\/Sicak-Sac.webp 1024w, https:\/\/cecelidemir.com\/wp-content\/uploads\/2024\/02\/Sicak-Sac-300x169.webp 300w, https:\/\/cecelidemir.com\/wp-content\/uploads\/2024\/02\/Sicak-Sac-768x432.webp 768w, https:\/\/cecelidemir.com\/wp-content\/uploads\/2024\/02\/Sicak-Sac-1000x563.webp 1000w, https:\/\/cecelidemir.com\/wp-content\/uploads\/2024\/02\/Sicak-Sac-230x129.webp 230w, https:\/\/cecelidemir.com\/wp-content\/uploads\/2024\/02\/Sicak-Sac-350x197.webp 350w, https:\/\/cecelidemir.com\/wp-content\/uploads\/2024\/02\/Sicak-Sac-480x270.webp 480w\" sizes=\"(max-width: 1024px) 100vw, 1024px\" \/>\t\t\t\t\t\t\t\t\t\t\t\t\t\t\t<\/div>\n\t\t\t\t<\/div>\n\t\t\t\t<div class=\"elementor-element elementor-element-0532295 elementor-widget elementor-widget-image\" data-id=\"0532295\" data-element_type=\"widget\" data-e-type=\"widget\" data-widget_type=\"image.default\">\n\t\t\t\t<div class=\"elementor-widget-container\">\n\t\t\t\t\t\t\t\t\t\t\t\t\t\t\t<img decoding=\"async\" src=\"http:\/\/cecelidemir.com\/wp-content\/uploads\/Sicak-Sac.webp\" title=\"\" alt=\"\" loading=\"lazy\" \/>\t\t\t\t\t\t\t\t\t\t\t\t\t\t\t<\/div>\n\t\t\t\t<\/div>\n\t\t\t\t\t<\/div>\n\t\t<\/div>\n\t\t\t\t\t<\/div>\n\t\t<\/section>\n\t\t\t\t<section class=\"elementor-section elementor-top-section elementor-element elementor-element-b0fe106 elementor-section-boxed elementor-section-height-default elementor-section-height-default\" data-id=\"b0fe106\" data-element_type=\"section\" data-e-type=\"section\">\n\t\t\t\t\t\t<div class=\"elementor-container elementor-column-gap-default\">\n\t\t\t\t\t<div class=\"elementor-column elementor-col-100 elementor-top-column elementor-element elementor-element-1f121dc\" data-id=\"1f121dc\" data-element_type=\"column\" data-e-type=\"column\">\n\t\t\t<div class=\"elementor-widget-wrap elementor-element-populated\">\n\t\t\t\t\t\t<div class=\"elementor-element elementor-element-8f90327 elementor-widget elementor-widget-text-editor\" data-id=\"8f90327\" data-element_type=\"widget\" data-e-type=\"widget\" data-widget_type=\"text-editor.default\">\n\t\t\t\t<div class=\"elementor-widget-container\">\n\t\t\t\t\t\t\t\t\t<h1 style=\"font-size: 1.25em; margin-top: 0.5em; margin-bottom: 0.5em; font-family: Verdana, sans-serif; color: #646266; padding: 0px; -webkit-tap-highlight-color: transparent; position: relative;\">Kaliteler<\/h1><div><ul><li><span style=\"color: #646266; font-family: Verdana, sans-serif;\">S235JR &#8211; S235J2 \u2013 S235J2+N &#8211; S235JRC &#8211; S235J2C<\/span><\/li><li><span style=\"color: #646266; font-family: Verdana, sans-serif;\">S275JR &#8211; S275J2 &#8211; S275JRC &#8211; S275J0 &#8211; S275J2(+N)<\/span><\/li><li><span style=\"color: #646266; font-family: Verdana, sans-serif;\">S355J0 &#8211; S355J2C &#8211; S355J2W &#8211; S355 &#8211; S355J2(+N)<\/span><\/li><\/ul><\/div><div><div>\u00a0<\/div><\/div>\t\t\t\t\t\t\t\t<\/div>\n\t\t\t\t<\/div>\n\t\t\t\t\t<\/div>\n\t\t<\/div>\n\t\t\t\t\t<\/div>\n\t\t<\/section>\n\t\t\t\t<section class=\"elementor-section elementor-top-section elementor-element elementor-element-640db9e elementor-section-boxed elementor-section-height-default elementor-section-height-default\" data-id=\"640db9e\" data-element_type=\"section\" data-e-type=\"section\">\n\t\t\t\t\t\t<div class=\"elementor-container elementor-column-gap-default\">\n\t\t\t\t\t<div class=\"elementor-column elementor-col-100 elementor-top-column elementor-element elementor-element-a38e392\" data-id=\"a38e392\" data-element_type=\"column\" data-e-type=\"column\">\n\t\t\t<div class=\"elementor-widget-wrap elementor-element-populated\">\n\t\t\t\t\t\t<div class=\"elementor-element elementor-element-4ff22e2 elementor-widget elementor-widget-text-editor\" data-id=\"4ff22e2\" data-element_type=\"widget\" data-e-type=\"widget\" data-widget_type=\"text-editor.default\">\n\t\t\t\t<div class=\"elementor-widget-container\">\n\t\t\t\t\t\t\t\t\t<h1 style=\"font-size: 1.25em; margin-top: 0.5em; margin-bottom: 0.5em; font-family: Verdana, sans-serif; color: #646266; padding: 0px; -webkit-tap-highlight-color: transparent; position: relative;\">Kullan\u0131m Alanlar\u0131<\/h1><div><ul style=\"padding: 0px 0px 0px 1em; margin: 0px; -webkit-tap-highlight-color: transparent; list-style: none; display: grid; grid-auto-flow: row; gap: 0.5em; color: #646266; font-family: Verdana, sans-serif;\"><li style=\"padding: 0px; margin: 0px; -webkit-tap-highlight-color: transparent; list-style-type: disc;\">\u0130n\u015faat makineleri ve i\u015f makineleri imalat\u0131nda,<\/li><li style=\"padding: 0px; margin: 0px; -webkit-tap-highlight-color: transparent; list-style-type: disc;\">Genel konstr\u00fcksiyon levhalar\u0131nda,<\/li><li style=\"padding: 0px; margin: 0px; -webkit-tap-highlight-color: transparent; list-style-type: disc;\">Kara ve demir yolu ara\u00e7lar\u0131 imalat\u0131nda,<\/li><li style=\"padding: 0px; margin: 0px; -webkit-tap-highlight-color: transparent; list-style-type: disc;\">Depolama tanklar\u0131,<\/li><li style=\"padding: 0px; margin: 0px; -webkit-tap-highlight-color: transparent; list-style-type: disc;\">Konteyner imalat\u0131,<\/li><li style=\"padding: 0px; margin: 0px; -webkit-tap-highlight-color: transparent; list-style-type: disc;\">Bas\u0131n\u00e7l\u0131 kaplar ya da kazan imalatlar\u0131nda,<\/li><li style=\"padding: 0px; margin: 0px; -webkit-tap-highlight-color: transparent; list-style-type: disc;\">LPG imalat\u0131nda,<\/li><li style=\"padding: 0px; margin: 0px; -webkit-tap-highlight-color: transparent; list-style-type: disc;\">Gemi i\u00e7i ve omurgas\u0131nda kullan\u0131lmaktad\u0131r.<\/li><\/ul><\/div>\t\t\t\t\t\t\t\t<\/div>\n\t\t\t\t<\/div>\n\t\t\t\t\t<\/div>\n\t\t<\/div>\n\t\t\t\t\t<\/div>\n\t\t<\/section>\n\t\t\t\t<\/div>\n\t\t","protected":false},"excerpt":{"rendered":"<p>S\u0131cak haddelenmi\u015f saclar (HR), \u00e7elik \u00fcretiminde \u00f6nemli bir role sahip olan ve geni\u015f bir end\u00fcstriyel uygulama yelpazesine hitap eden \u00e7elik \u00fcr\u00fcnleridir. Bu [&hellip;]<\/p>\n","protected":false},"author":1,"featured_media":0,"parent":0,"menu_order":0,"comment_status":"closed","ping_status":"closed","template":"","meta":{"footnotes":""},"class_list":["post-187","page","type-page","status-publish","hentry"],"_links":{"self":[{"href":"https:\/\/cecelidemir.com\/index.php\/wp-json\/wp\/v2\/pages\/187","targetHints":{"allow":["GET"]}}],"collection":[{"href":"https:\/\/cecelidemir.com\/index.php\/wp-json\/wp\/v2\/pages"}],"about":[{"href":"https:\/\/cecelidemir.com\/index.php\/wp-json\/wp\/v2\/types\/page"}],"author":[{"embeddable":true,"href":"https:\/\/cecelidemir.com\/index.php\/wp-json\/wp\/v2\/users\/1"}],"replies":[{"embeddable":true,"href":"https:\/\/cecelidemir.com\/index.php\/wp-json\/wp\/v2\/comments?post=187"}],"version-history":[{"count":3,"href":"https:\/\/cecelidemir.com\/index.php\/wp-json\/wp\/v2\/pages\/187\/revisions"}],"predecessor-version":[{"id":1643,"href":"https:\/\/cecelidemir.com\/index.php\/wp-json\/wp\/v2\/pages\/187\/revisions\/1643"}],"wp:attachment":[{"href":"https:\/\/cecelidemir.com\/index.php\/wp-json\/wp\/v2\/media?parent=187"}],"curies":[{"name":"wp","href":"https:\/\/api.w.org\/{rel}","templated":true}]}}