{"id":2013,"date":"2024-02-09T07:10:36","date_gmt":"2024-02-09T07:10:36","guid":{"rendered":"https:\/\/cecelidemir.com\/?page_id=2013"},"modified":"2024-02-09T07:11:18","modified_gmt":"2024-02-09T07:11:18","slug":"insan-kaynaklari-politikasi","status":"publish","type":"page","link":"https:\/\/cecelidemir.com\/index.php\/insan-kaynaklari-politikasi\/","title":{"rendered":"\u0130nsan Kaynaklar\u0131 Politikas\u0131"},"content":{"rendered":"\t\t<div data-elementor-type=\"wp-page\" data-elementor-id=\"2013\" class=\"elementor elementor-2013\">\n\t\t\t\t<div class=\"elementor-element elementor-element-d049a1d e-flex e-con-boxed e-con e-parent\" data-id=\"d049a1d\" data-element_type=\"container\" data-e-type=\"container\">\n\t\t\t\t\t<div class=\"e-con-inner\">\n\t\t\t\t<div class=\"elementor-element elementor-element-d428c76 elementor-widget elementor-widget-text-editor\" data-id=\"d428c76\" data-element_type=\"widget\" data-e-type=\"widget\" data-widget_type=\"text-editor.default\">\n\t\t\t\t<div class=\"elementor-widget-container\">\n\t\t\t\t\t\t\t\t\t<p>Ceceli Demir San. ve Tic. A.\u015e. olarak;<\/p><ul><li>\u0130nsan Kaynaklar\u0131 politikam\u0131z\u0131 s\u00fcrekli geli\u015ftirmeyi,<\/li><li>\u015eirketimizde a\u00e7\u0131lan pozisyonlar i\u00e7in bireysel farkl\u0131l\u0131klar\u0131 g\u00f6zeterek do\u011fru ki\u015fileri do\u011fru i\u015fe yerle\u015ftirmeyi,<\/li><li>\u00c7al\u0131\u015fanlar\u0131m\u0131z\u0131n yeteneklerine odaklanarak potansiyellerini fark etmeleri, geli\u015ftirmeleri ve kullanabilmeleri i\u00e7in e\u011fitimler sunarak ki\u015fisel ve mesleki geli\u015fimlerini desteklemeyi,<\/li><li>Bireysel performans\u0131 tak\u0131m \u00e7al\u0131\u015fmas\u0131na yans\u0131tarak \u015firket performans\u0131n\u0131 artt\u0131rmay\u0131,<\/li><li>\u00c7al\u0131\u015fanlarla etkili bir etkile\u015fim kurmak i\u00e7in, \u015feffaf ve a\u00e7\u0131k bir y\u00f6netim politikas\u0131 izlemeyi,<\/li><li>\u015eirket hedefleri ve stratejileri do\u011frultusunda performansa dayal\u0131 yetkilendirme, tan\u0131ma ve takdir uygulamalar\u0131 ile \u00e7al\u0131\u015fanlar\u0131 destekliyoruz.<\/li><\/ul>\t\t\t\t\t\t\t\t<\/div>\n\t\t\t\t<\/div>\n\t\t\t\t\t<\/div>\n\t\t\t\t<\/div>\n\t\t\t\t<\/div>\n\t\t","protected":false},"excerpt":{"rendered":"<p>Ceceli Demir San. ve Tic. A.\u015e. olarak; \u0130nsan Kaynaklar\u0131 politikam\u0131z\u0131 s\u00fcrekli geli\u015ftirmeyi, \u015eirketimizde a\u00e7\u0131lan pozisyonlar i\u00e7in bireysel farkl\u0131l\u0131klar\u0131 g\u00f6zeterek do\u011fru ki\u015fileri do\u011fru [&hellip;]<\/p>\n","protected":false},"author":1,"featured_media":0,"parent":0,"menu_order":0,"comment_status":"closed","ping_status":"closed","template":"","meta":{"footnotes":""},"class_list":["post-2013","page","type-page","status-publish","hentry"],"_links":{"self":[{"href":"https:\/\/cecelidemir.com\/index.php\/wp-json\/wp\/v2\/pages\/2013","targetHints":{"allow":["GET"]}}],"collection":[{"href":"https:\/\/cecelidemir.com\/index.php\/wp-json\/wp\/v2\/pages"}],"about":[{"href":"https:\/\/cecelidemir.com\/index.php\/wp-json\/wp\/v2\/types\/page"}],"author":[{"embeddable":true,"href":"https:\/\/cecelidemir.com\/index.php\/wp-json\/wp\/v2\/users\/1"}],"replies":[{"embeddable":true,"href":"https:\/\/cecelidemir.com\/index.php\/wp-json\/wp\/v2\/comments?post=2013"}],"version-history":[{"count":7,"href":"https:\/\/cecelidemir.com\/index.php\/wp-json\/wp\/v2\/pages\/2013\/revisions"}],"predecessor-version":[{"id":2021,"href":"https:\/\/cecelidemir.com\/index.php\/wp-json\/wp\/v2\/pages\/2013\/revisions\/2021"}],"wp:attachment":[{"href":"https:\/\/cecelidemir.com\/index.php\/wp-json\/wp\/v2\/media?parent=2013"}],"curies":[{"name":"wp","href":"https:\/\/api.w.org\/{rel}","templated":true}]}}