{"id":2038,"date":"2024-02-09T09:45:50","date_gmt":"2024-02-09T09:45:50","guid":{"rendered":"https:\/\/cecelidemir.com\/?page_id=2038"},"modified":"2024-02-09T09:50:14","modified_gmt":"2024-02-09T09:50:14","slug":"kariyer","status":"publish","type":"page","link":"https:\/\/cecelidemir.com\/index.php\/kariyer\/","title":{"rendered":"Kariyer"},"content":{"rendered":"\t\t<div data-elementor-type=\"wp-page\" data-elementor-id=\"2038\" class=\"elementor elementor-2038\">\n\t\t\t\t<div class=\"elementor-element elementor-element-b58cd49 e-flex e-con-boxed e-con e-parent\" data-id=\"b58cd49\" data-element_type=\"container\" data-e-type=\"container\">\n\t\t\t\t\t<div class=\"e-con-inner\">\n\t\t\t\t<div class=\"elementor-element elementor-element-580033a elementor-widget elementor-widget-text-editor\" data-id=\"580033a\" data-element_type=\"widget\" data-e-type=\"widget\" data-widget_type=\"text-editor.default\">\n\t\t\t\t<div class=\"elementor-widget-container\">\n\t\t\t\t\t\t\t\t\t<p>\u0130\u015f ba\u015fvurular\u0131n\u0131z\u0131 a\u015fa\u011f\u0131daki form \u00fczerinden yapabilirsiniz. Gelecekte a\u00e7\u0131lacak pozisyonlar i\u00e7in veritaban\u0131m\u0131zdaki ba\u015fvurular de\u011ferlendirilecektir.<\/p>\t\t\t\t\t\t\t\t<\/div>\n\t\t\t\t<\/div>\n\t\t\t\t\t<\/div>\n\t\t\t\t<\/div>\n\t\t<div class=\"elementor-element elementor-element-cac3478 e-flex e-con-boxed e-con e-parent\" data-id=\"cac3478\" data-element_type=\"container\" data-e-type=\"container\">\n\t\t\t\t\t<div class=\"e-con-inner\">\n\t\t\t\t<div class=\"elementor-element elementor-element-3085434 elementor-widget elementor-widget-shortcode\" data-id=\"3085434\" data-element_type=\"widget\" data-e-type=\"widget\" data-widget_type=\"shortcode.default\">\n\t\t\t\t<div class=\"elementor-widget-container\">\n\t\t\t\t\t\t\t<div class=\"elementor-shortcode\"><p class=\"wpcf7-contact-form-not-found\"><strong>Hata:<\/strong> \u0130leti\u015fim formu bulunamad\u0131.<\/p><\/div>\n\t\t\t\t\t\t<\/div>\n\t\t\t\t<\/div>\n\t\t\t\t\t<\/div>\n\t\t\t\t<\/div>\n\t\t\t\t<\/div>\n\t\t","protected":false},"excerpt":{"rendered":"<p>\u0130\u015f ba\u015fvurular\u0131n\u0131z\u0131 a\u015fa\u011f\u0131daki form \u00fczerinden yapabilirsiniz. Gelecekte a\u00e7\u0131lacak pozisyonlar i\u00e7in veritaban\u0131m\u0131zdaki ba\u015fvurular de\u011ferlendirilecektir.<\/p>\n","protected":false},"author":1,"featured_media":0,"parent":0,"menu_order":0,"comment_status":"closed","ping_status":"closed","template":"","meta":{"footnotes":""},"class_list":["post-2038","page","type-page","status-publish","hentry"],"_links":{"self":[{"href":"https:\/\/cecelidemir.com\/index.php\/wp-json\/wp\/v2\/pages\/2038","targetHints":{"allow":["GET"]}}],"collection":[{"href":"https:\/\/cecelidemir.com\/index.php\/wp-json\/wp\/v2\/pages"}],"about":[{"href":"https:\/\/cecelidemir.com\/index.php\/wp-json\/wp\/v2\/types\/page"}],"author":[{"embeddable":true,"href":"https:\/\/cecelidemir.com\/index.php\/wp-json\/wp\/v2\/users\/1"}],"replies":[{"embeddable":true,"href":"https:\/\/cecelidemir.com\/index.php\/wp-json\/wp\/v2\/comments?post=2038"}],"version-history":[{"count":8,"href":"https:\/\/cecelidemir.com\/index.php\/wp-json\/wp\/v2\/pages\/2038\/revisions"}],"predecessor-version":[{"id":2048,"href":"https:\/\/cecelidemir.com\/index.php\/wp-json\/wp\/v2\/pages\/2038\/revisions\/2048"}],"wp:attachment":[{"href":"https:\/\/cecelidemir.com\/index.php\/wp-json\/wp\/v2\/media?parent=2038"}],"curies":[{"name":"wp","href":"https:\/\/api.w.org\/{rel}","templated":true}]}}