{"id":212,"date":"2018-10-01T13:54:12","date_gmt":"2018-10-01T10:54:12","guid":{"rendered":"https:\/\/cecelidemir.com\/?page_id=212"},"modified":"2024-02-05T09:28:13","modified_gmt":"2024-02-05T09:28:13","slug":"lama-demirler","status":"publish","type":"page","link":"https:\/\/cecelidemir.com\/index.php\/lama-demirler\/","title":{"rendered":"Lama Demirler"},"content":{"rendered":"\t\t<div data-elementor-type=\"wp-page\" data-elementor-id=\"212\" class=\"elementor elementor-212\">\n\t\t\t\t<div class=\"elementor-element elementor-element-d07f4bd e-flex e-con-boxed e-con e-parent\" data-id=\"d07f4bd\" data-element_type=\"container\" data-e-type=\"container\">\n\t\t\t\t\t<div class=\"e-con-inner\">\n\t\t<div class=\"elementor-element elementor-element-41aa21a e-con-full e-flex e-con e-child\" data-id=\"41aa21a\" data-element_type=\"container\" data-e-type=\"container\">\n\t\t\t\t<div class=\"elementor-element elementor-element-cc2dde3 elementor-widget elementor-widget-text-editor\" data-id=\"cc2dde3\" data-element_type=\"widget\" data-e-type=\"widget\" data-widget_type=\"text-editor.default\">\n\t\t\t\t<div class=\"elementor-widget-container\">\n\t\t\t\t\t\t\t\t\t<p><strong>Kalite\u00a0<\/strong>:\u00a0S235JR \u2013\u00a0 S275JR \u2013 S355JR<\/p><p><strong>Geni\u015flik <\/strong>: 10 &#8211; 250 mm.<\/p><p><strong>Et Kal\u0131nl\u0131\u011f\u0131 <\/strong>: 3- 50 mm.<\/p>\t\t\t\t\t\t\t\t<\/div>\n\t\t\t\t<\/div>\n\t\t\t\t<\/div>\n\t\t<div class=\"elementor-element elementor-element-c44834a e-con-full e-flex e-con e-child\" data-id=\"c44834a\" data-element_type=\"container\" data-e-type=\"container\">\n\t\t\t\t<div class=\"elementor-element elementor-element-30ec1fe elementor-widget elementor-widget-image\" data-id=\"30ec1fe\" data-element_type=\"widget\" data-e-type=\"widget\" data-widget_type=\"image.default\">\n\t\t\t\t<div class=\"elementor-widget-container\">\n\t\t\t\t\t\t\t\t\t\t\t\t\t\t\t<img fetchpriority=\"high\" decoding=\"async\" width=\"1000\" height=\"667\" src=\"https:\/\/cecelidemir.com\/wp-content\/uploads\/2024\/02\/Lama-2.png\" class=\"attachment-large size-large wp-image-1716\" alt=\"\" srcset=\"https:\/\/cecelidemir.com\/wp-content\/uploads\/2024\/02\/Lama-2.png 1000w, https:\/\/cecelidemir.com\/wp-content\/uploads\/2024\/02\/Lama-2-300x200.png 300w, https:\/\/cecelidemir.com\/wp-content\/uploads\/2024\/02\/Lama-2-768x512.png 768w, https:\/\/cecelidemir.com\/wp-content\/uploads\/2024\/02\/Lama-2-230x153.png 230w, https:\/\/cecelidemir.com\/wp-content\/uploads\/2024\/02\/Lama-2-350x233.png 350w, https:\/\/cecelidemir.com\/wp-content\/uploads\/2024\/02\/Lama-2-480x320.png 480w\" sizes=\"(max-width: 1000px) 100vw, 1000px\" \/>\t\t\t\t\t\t\t\t\t\t\t\t\t\t\t<\/div>\n\t\t\t\t<\/div>\n\t\t\t\t<\/div>\n\t\t\t\t\t<\/div>\n\t\t\t\t<\/div>\n\t\t<div class=\"elementor-element elementor-element-d74cb32 e-flex e-con-boxed e-con e-parent\" data-id=\"d74cb32\" data-element_type=\"container\" data-e-type=\"container\">\n\t\t\t\t\t<div class=\"e-con-inner\">\n\t\t\t\t<div class=\"elementor-element elementor-element-3b45c4b elementor-widget elementor-widget-text-editor\" data-id=\"3b45c4b\" data-element_type=\"widget\" data-e-type=\"widget\" data-widget_type=\"text-editor.default\">\n\t\t\t\t<div class=\"elementor-widget-container\">\n\t\t\t\t\t\t\t\t\t<p><strong>Genel Kullan\u0131m Alanlar\u0131;<\/strong><\/p><ul><li>\u00c7elik Konstr\u00fcksiyon ve \u00e7elik \u00e7at\u0131 imalat\u0131,<\/li><li>Gemi in\u015fas\u0131 imalat\u0131,<\/li><li>Trafik \u0130\u015faret ve otoyol ekipmanlar\u0131 \u0130malat\u0131,<\/li><li>Tar\u0131m ve Makine end\u00fcstrisi imalatlar\u0131nda,<\/li><li>\u00c7it ve bariyer imalat\u0131,<\/li><li>Ferforje imalat\u0131,<\/li><li>Mobilya imalat\u0131,<\/li><li>Asans\u00f6r imalat\u0131,<\/li><li>Otomotiv ve otomotiv yan sanayi,<\/li><\/ul>\t\t\t\t\t\t\t\t<\/div>\n\t\t\t\t<\/div>\n\t\t\t\t\t<\/div>\n\t\t\t\t<\/div>\n\t\t\t\t<\/div>\n\t\t","protected":false},"excerpt":{"rendered":"<p>Kalite\u00a0:\u00a0S235JR \u2013\u00a0 S275JR \u2013 S355JR Geni\u015flik : 10 &#8211; 250 mm. Et Kal\u0131nl\u0131\u011f\u0131 : 3- 50 mm. Genel Kullan\u0131m Alanlar\u0131; \u00c7elik Konstr\u00fcksiyon [&hellip;]<\/p>\n","protected":false},"author":1,"featured_media":0,"parent":0,"menu_order":0,"comment_status":"closed","ping_status":"closed","template":"","meta":{"footnotes":""},"class_list":["post-212","page","type-page","status-publish","hentry"],"_links":{"self":[{"href":"https:\/\/cecelidemir.com\/index.php\/wp-json\/wp\/v2\/pages\/212","targetHints":{"allow":["GET"]}}],"collection":[{"href":"https:\/\/cecelidemir.com\/index.php\/wp-json\/wp\/v2\/pages"}],"about":[{"href":"https:\/\/cecelidemir.com\/index.php\/wp-json\/wp\/v2\/types\/page"}],"author":[{"embeddable":true,"href":"https:\/\/cecelidemir.com\/index.php\/wp-json\/wp\/v2\/users\/1"}],"replies":[{"embeddable":true,"href":"https:\/\/cecelidemir.com\/index.php\/wp-json\/wp\/v2\/comments?post=212"}],"version-history":[{"count":6,"href":"https:\/\/cecelidemir.com\/index.php\/wp-json\/wp\/v2\/pages\/212\/revisions"}],"predecessor-version":[{"id":1722,"href":"https:\/\/cecelidemir.com\/index.php\/wp-json\/wp\/v2\/pages\/212\/revisions\/1722"}],"wp:attachment":[{"href":"https:\/\/cecelidemir.com\/index.php\/wp-json\/wp\/v2\/media?parent=212"}],"curies":[{"name":"wp","href":"https:\/\/api.w.org\/{rel}","templated":true}]}}