{"id":226,"date":"2018-10-01T14:08:05","date_gmt":"2018-10-01T11:08:05","guid":{"rendered":"https:\/\/cecelidemir.com\/?page_id=226"},"modified":"2024-02-05T10:58:01","modified_gmt":"2024-02-05T10:58:01","slug":"kare-demirler","status":"publish","type":"page","link":"https:\/\/cecelidemir.com\/index.php\/kare-demirler\/","title":{"rendered":"Kare Demirler"},"content":{"rendered":"\t\t<div data-elementor-type=\"wp-page\" data-elementor-id=\"226\" class=\"elementor elementor-226\">\n\t\t\t\t<div class=\"elementor-element elementor-element-cd1731c e-flex e-con-boxed e-con e-parent\" data-id=\"cd1731c\" data-element_type=\"container\" data-e-type=\"container\">\n\t\t\t\t\t<div class=\"e-con-inner\">\n\t\t<div class=\"elementor-element elementor-element-7eeef47 e-con-full e-flex e-con e-child\" data-id=\"7eeef47\" data-element_type=\"container\" data-e-type=\"container\">\n\t\t\t\t<div class=\"elementor-element elementor-element-bf48034 elementor-widget elementor-widget-text-editor\" data-id=\"bf48034\" data-element_type=\"widget\" data-e-type=\"widget\" data-widget_type=\"text-editor.default\">\n\t\t\t\t<div class=\"elementor-widget-container\">\n\t\t\t\t\t\t\t\t\t<p><strong>Kalite&nbsp;<\/strong>:&nbsp;S235JR \u2013&nbsp; S275JR \u2013 S355JR<\/p>\n<p><strong>Ebatlar&nbsp;<\/strong>: 10&#215;10 \u2013 100&#215;100 mm.<\/p>\n<p><\/p>\n<p><strong>Genel Kullan\u0131m Alanlar\u0131;<\/strong><\/p>\n<ul>\n<li>\u00c7elik Konstr\u00fcksiyon ve \u00e7elik \u00e7at\u0131 imalat\u0131,<\/li>\n<li>Gemi in\u015fas\u0131 imalat\u0131,<\/li>\n<li>Tar\u0131m ve Makine end\u00fcstrisi imalatlar\u0131nda,<\/li>\n<li>\u00c7it ve bariyer imalat\u0131,<\/li>\n<li>Ferforje imalat\u0131,<\/li>\n<li>Mobilya imalat\u0131,<\/li>\n<li>Asans\u00f6r imalat\u0131,<\/li>\n<li>Otomotiv ve otomotiv yan sanayi,<\/li>\n<\/ul>\t\t\t\t\t\t\t\t<\/div>\n\t\t\t\t<\/div>\n\t\t\t\t<\/div>\n\t\t<div class=\"elementor-element elementor-element-4a0ca1f e-con-full e-flex e-con e-child\" data-id=\"4a0ca1f\" data-element_type=\"container\" data-e-type=\"container\">\n\t\t\t\t<div class=\"elementor-element elementor-element-e74e2b2 elementor-widget elementor-widget-image\" data-id=\"e74e2b2\" data-element_type=\"widget\" data-e-type=\"widget\" data-widget_type=\"image.default\">\n\t\t\t\t<div class=\"elementor-widget-container\">\n\t\t\t\t\t\t\t\t\t\t\t\t\t\t\t<img fetchpriority=\"high\" decoding=\"async\" width=\"1000\" height=\"667\" src=\"https:\/\/cecelidemir.com\/wp-content\/uploads\/2024\/02\/Kare-Demir.png\" class=\"attachment-large size-large wp-image-1723\" alt=\"\" srcset=\"https:\/\/cecelidemir.com\/wp-content\/uploads\/2024\/02\/Kare-Demir.png 1000w, https:\/\/cecelidemir.com\/wp-content\/uploads\/2024\/02\/Kare-Demir-300x200.png 300w, https:\/\/cecelidemir.com\/wp-content\/uploads\/2024\/02\/Kare-Demir-768x512.png 768w, https:\/\/cecelidemir.com\/wp-content\/uploads\/2024\/02\/Kare-Demir-230x153.png 230w, https:\/\/cecelidemir.com\/wp-content\/uploads\/2024\/02\/Kare-Demir-350x233.png 350w, https:\/\/cecelidemir.com\/wp-content\/uploads\/2024\/02\/Kare-Demir-480x320.png 480w\" sizes=\"(max-width: 1000px) 100vw, 1000px\" \/>\t\t\t\t\t\t\t\t\t\t\t\t\t\t\t<\/div>\n\t\t\t\t<\/div>\n\t\t\t\t<\/div>\n\t\t\t\t\t<\/div>\n\t\t\t\t<\/div>\n\t\t\t\t<\/div>\n\t\t","protected":false},"excerpt":{"rendered":"<p>Kalite&nbsp;:&nbsp;S235JR \u2013&nbsp; S275JR \u2013 S355JR Ebatlar&nbsp;: 10&#215;10 \u2013 100&#215;100 mm. Genel Kullan\u0131m Alanlar\u0131; \u00c7elik Konstr\u00fcksiyon ve \u00e7elik \u00e7at\u0131 imalat\u0131, Gemi in\u015fas\u0131 imalat\u0131, [&hellip;]<\/p>\n","protected":false},"author":1,"featured_media":0,"parent":0,"menu_order":0,"comment_status":"closed","ping_status":"closed","template":"","meta":{"footnotes":""},"class_list":["post-226","page","type-page","status-publish","hentry"],"_links":{"self":[{"href":"https:\/\/cecelidemir.com\/index.php\/wp-json\/wp\/v2\/pages\/226","targetHints":{"allow":["GET"]}}],"collection":[{"href":"https:\/\/cecelidemir.com\/index.php\/wp-json\/wp\/v2\/pages"}],"about":[{"href":"https:\/\/cecelidemir.com\/index.php\/wp-json\/wp\/v2\/types\/page"}],"author":[{"embeddable":true,"href":"https:\/\/cecelidemir.com\/index.php\/wp-json\/wp\/v2\/users\/1"}],"replies":[{"embeddable":true,"href":"https:\/\/cecelidemir.com\/index.php\/wp-json\/wp\/v2\/comments?post=226"}],"version-history":[{"count":6,"href":"https:\/\/cecelidemir.com\/index.php\/wp-json\/wp\/v2\/pages\/226\/revisions"}],"predecessor-version":[{"id":1729,"href":"https:\/\/cecelidemir.com\/index.php\/wp-json\/wp\/v2\/pages\/226\/revisions\/1729"}],"wp:attachment":[{"href":"https:\/\/cecelidemir.com\/index.php\/wp-json\/wp\/v2\/media?parent=226"}],"curies":[{"name":"wp","href":"https:\/\/api.w.org\/{rel}","templated":true}]}}