{"id":233,"date":"2018-10-01T14:11:11","date_gmt":"2018-10-01T11:11:11","guid":{"rendered":"https:\/\/cecelidemir.com\/?page_id=233"},"modified":"2024-02-05T11:01:31","modified_gmt":"2024-02-05T11:01:31","slug":"yuvarlak-demirler","status":"publish","type":"page","link":"https:\/\/cecelidemir.com\/index.php\/yuvarlak-demirler\/","title":{"rendered":"Yuvarlak Demirler"},"content":{"rendered":"\t\t<div data-elementor-type=\"wp-page\" data-elementor-id=\"233\" class=\"elementor elementor-233\">\n\t\t\t\t<div class=\"elementor-element elementor-element-d2e46ec e-flex e-con-boxed e-con e-parent\" data-id=\"d2e46ec\" data-element_type=\"container\" data-e-type=\"container\">\n\t\t\t\t\t<div class=\"e-con-inner\">\n\t\t<div class=\"elementor-element elementor-element-5604be0 e-con-full e-flex e-con e-child\" data-id=\"5604be0\" data-element_type=\"container\" data-e-type=\"container\">\n\t\t\t\t<div class=\"elementor-element elementor-element-1743fd7 elementor-widget elementor-widget-text-editor\" data-id=\"1743fd7\" data-element_type=\"widget\" data-e-type=\"widget\" data-widget_type=\"text-editor.default\">\n\t\t\t\t<div class=\"elementor-widget-container\">\n\t\t\t\t\t\t\t\t\t<p><strong>Kalite\u00a0<\/strong>:\u00a0S235JR \u2013\u00a0 S275JR \u2013 S355JR<\/p><p><strong>\u00c7ap<\/strong>: 6 \u2013 120 mm.<\/p><p><strong>Genel Kullan\u0131m Alanlar\u0131;<\/strong><\/p><ul><li>\u00c7elik Konstr\u00fcksiyon ve \u00e7elik \u00e7at\u0131 imalat\u0131,<\/li><li>Gemi in\u015fas\u0131 imalat\u0131,<\/li><li>Tar\u0131m ve Makine end\u00fcstrisi imalatlar\u0131nda,<\/li><li>\u00c7it ve bariyer imalat\u0131,<\/li><li>Ferforje imalat\u0131,<\/li><li>Mobilya imalat\u0131,<\/li><li>Asans\u00f6r imalat\u0131,<\/li><li>Otomotiv ve otomotiv yan sanayi,<\/li><\/ul>\t\t\t\t\t\t\t\t<\/div>\n\t\t\t\t<\/div>\n\t\t\t\t<\/div>\n\t\t<div class=\"elementor-element elementor-element-0b68291 e-con-full e-flex e-con e-child\" data-id=\"0b68291\" data-element_type=\"container\" data-e-type=\"container\">\n\t\t\t\t<div class=\"elementor-element elementor-element-5fca3c6 elementor-widget elementor-widget-image\" data-id=\"5fca3c6\" data-element_type=\"widget\" data-e-type=\"widget\" data-widget_type=\"image.default\">\n\t\t\t\t<div class=\"elementor-widget-container\">\n\t\t\t\t\t\t\t\t\t\t\t\t\t\t\t<img fetchpriority=\"high\" decoding=\"async\" width=\"1000\" height=\"667\" src=\"https:\/\/cecelidemir.com\/wp-content\/uploads\/2024\/02\/Yuvarlak.png\" class=\"attachment-large size-large wp-image-1730\" alt=\"\" srcset=\"https:\/\/cecelidemir.com\/wp-content\/uploads\/2024\/02\/Yuvarlak.png 1000w, https:\/\/cecelidemir.com\/wp-content\/uploads\/2024\/02\/Yuvarlak-300x200.png 300w, https:\/\/cecelidemir.com\/wp-content\/uploads\/2024\/02\/Yuvarlak-768x512.png 768w, https:\/\/cecelidemir.com\/wp-content\/uploads\/2024\/02\/Yuvarlak-230x153.png 230w, https:\/\/cecelidemir.com\/wp-content\/uploads\/2024\/02\/Yuvarlak-350x233.png 350w, https:\/\/cecelidemir.com\/wp-content\/uploads\/2024\/02\/Yuvarlak-480x320.png 480w\" sizes=\"(max-width: 1000px) 100vw, 1000px\" \/>\t\t\t\t\t\t\t\t\t\t\t\t\t\t\t<\/div>\n\t\t\t\t<\/div>\n\t\t\t\t<\/div>\n\t\t\t\t\t<\/div>\n\t\t\t\t<\/div>\n\t\t\t\t<\/div>\n\t\t","protected":false},"excerpt":{"rendered":"<p>Kalite\u00a0:\u00a0S235JR \u2013\u00a0 S275JR \u2013 S355JR \u00c7ap: 6 \u2013 120 mm. Genel Kullan\u0131m Alanlar\u0131; \u00c7elik Konstr\u00fcksiyon ve \u00e7elik \u00e7at\u0131 imalat\u0131, Gemi in\u015fas\u0131 imalat\u0131, [&hellip;]<\/p>\n","protected":false},"author":1,"featured_media":0,"parent":0,"menu_order":0,"comment_status":"closed","ping_status":"closed","template":"","meta":{"footnotes":""},"class_list":["post-233","page","type-page","status-publish","hentry"],"_links":{"self":[{"href":"https:\/\/cecelidemir.com\/index.php\/wp-json\/wp\/v2\/pages\/233","targetHints":{"allow":["GET"]}}],"collection":[{"href":"https:\/\/cecelidemir.com\/index.php\/wp-json\/wp\/v2\/pages"}],"about":[{"href":"https:\/\/cecelidemir.com\/index.php\/wp-json\/wp\/v2\/types\/page"}],"author":[{"embeddable":true,"href":"https:\/\/cecelidemir.com\/index.php\/wp-json\/wp\/v2\/users\/1"}],"replies":[{"embeddable":true,"href":"https:\/\/cecelidemir.com\/index.php\/wp-json\/wp\/v2\/comments?post=233"}],"version-history":[{"count":3,"href":"https:\/\/cecelidemir.com\/index.php\/wp-json\/wp\/v2\/pages\/233\/revisions"}],"predecessor-version":[{"id":1733,"href":"https:\/\/cecelidemir.com\/index.php\/wp-json\/wp\/v2\/pages\/233\/revisions\/1733"}],"wp:attachment":[{"href":"https:\/\/cecelidemir.com\/index.php\/wp-json\/wp\/v2\/media?parent=233"}],"curies":[{"name":"wp","href":"https:\/\/api.w.org\/{rel}","templated":true}]}}