{"id":258,"date":"2018-10-01T14:39:37","date_gmt":"2018-10-01T11:39:37","guid":{"rendered":"https:\/\/cecelidemir.com\/?page_id=258"},"modified":"2024-02-05T07:33:29","modified_gmt":"2024-02-05T07:33:29","slug":"sirket-profili","status":"publish","type":"page","link":"https:\/\/cecelidemir.com\/index.php\/sirket-profili\/","title":{"rendered":"\u015eirket Profili"},"content":{"rendered":"\t\t<div data-elementor-type=\"wp-page\" data-elementor-id=\"258\" class=\"elementor elementor-258\">\n\t\t\t\t\t\t<section class=\"elementor-section elementor-top-section elementor-element elementor-element-2df5c44 elementor-section-boxed elementor-section-height-default elementor-section-height-default\" data-id=\"2df5c44\" data-element_type=\"section\" data-e-type=\"section\">\n\t\t\t\t\t\t<div class=\"elementor-container elementor-column-gap-default\">\n\t\t\t\t\t<div class=\"elementor-column elementor-col-100 elementor-top-column elementor-element elementor-element-aae6073\" data-id=\"aae6073\" data-element_type=\"column\" data-e-type=\"column\">\n\t\t\t<div class=\"elementor-widget-wrap elementor-element-populated\">\n\t\t\t\t\t\t<div class=\"elementor-element elementor-element-f8d9b80 elementor-widget elementor-widget-text-editor\" data-id=\"f8d9b80\" data-element_type=\"widget\" data-e-type=\"widget\" data-widget_type=\"text-editor.default\">\n\t\t\t\t<div class=\"elementor-widget-container\">\n\t\t\t\t\t\t\t\t\t<h4 class=\"ident-bot-15\">TECR\u00dcBE, KAL\u0130TE VE G\u00dcVEN !<\/h4><p class=\"p2\">Kurucumuz Alaeddin CECEL\u0130\u2019nin <b>1954 <\/b>y\u0131l\u0131nda, o d\u00f6nemde Ankara\u2019n\u0131n ticaret merkezi olan, Ulus Konya Sokak\u2019ta kurdu\u011fu imalathanede temelleri at\u0131lan ve <b>70 y\u0131l\u0131 a\u015fk\u0131n s\u00fcredir <\/b>faaliyetlerini devam ettiren Ceceli Grubu, 3. nesil gen\u00e7lerin y\u00f6netim s\u00fcre\u00e7lerine kat\u0131lmalar\u0131 ile gelece\u011fe g\u00fcvenle bakarken ticaret, sanayi ve e\u011fitim sekt\u00f6rlerinde faaliyetlerini geli\u015ftirerek s\u00fcrd\u00fcrmektedir.<\/p><p class=\"p2\">Ceceli Grubu\u2019nun istikrarl\u0131 \u015fekilde b\u00fcy\u00fcyen \u015firketlerinden olan Ceceli Demir Sanayi ve Ticaret A\u015e 1975 y\u0131l\u0131nda demir \u00e7elik \u00fcr\u00fcnlerinin ticaretinin yap\u0131lmas\u0131 i\u00e7in kurulmu\u015f, aradan ge\u00e7en yar\u0131m as\u0131rl\u0131k s\u00fcrede m\u00fc\u015fterilerinin ham maddeden imalata demir \u00e7elik \u00fcr\u00fcnleri ile ilgili ihtiya\u00e7lar\u0131na cevap veren bir \u00e7elik servis merkezine d\u00f6n\u00fc\u015fm\u00fc\u015ft\u00fcr.<\/p><p class=\"p2\">2023 y\u0131l\u0131 ba\u015f\u0131nda ta\u015f\u0131nd\u0131\u011f\u0131 ASO 2. OSB\u2019deki modern tesisinde, m\u00fc\u015fterilerine <b>\u00e7elik servis merkezi <\/b>olman\u0131n \u00f6tesinde hizmet sunmaya ba\u015flam\u0131\u015ft\u0131r.<\/p>\t\t\t\t\t\t\t\t<\/div>\n\t\t\t\t<\/div>\n\t\t\t\t\t<\/div>\n\t\t<\/div>\n\t\t\t\t\t<\/div>\n\t\t<\/section>\n\t\t<div class=\"elementor-element elementor-element-6571e8c e-con-full e-flex e-con e-parent\" data-id=\"6571e8c\" data-element_type=\"container\" data-e-type=\"container\">\n\t\t\t\t<div class=\"elementor-element elementor-element-1c83990 elementor-widget elementor-widget-image\" data-id=\"1c83990\" data-element_type=\"widget\" data-e-type=\"widget\" data-widget_type=\"image.default\">\n\t\t\t\t<div class=\"elementor-widget-container\">\n\t\t\t\t\t\t\t\t\t\t\t\t\t\t\t<img fetchpriority=\"high\" decoding=\"async\" width=\"799\" height=\"456\" src=\"https:\/\/cecelidemir.com\/wp-content\/uploads\/2024\/02\/ergazieski.png\" class=\"attachment-large size-large wp-image-1528\" alt=\"\" srcset=\"https:\/\/cecelidemir.com\/wp-content\/uploads\/2024\/02\/ergazieski.png 799w, https:\/\/cecelidemir.com\/wp-content\/uploads\/2024\/02\/ergazieski-300x171.png 300w, https:\/\/cecelidemir.com\/wp-content\/uploads\/2024\/02\/ergazieski-768x438.png 768w, https:\/\/cecelidemir.com\/wp-content\/uploads\/2024\/02\/ergazieski-230x131.png 230w, https:\/\/cecelidemir.com\/wp-content\/uploads\/2024\/02\/ergazieski-350x200.png 350w, https:\/\/cecelidemir.com\/wp-content\/uploads\/2024\/02\/ergazieski-480x274.png 480w\" sizes=\"(max-width: 799px) 100vw, 799px\" \/>\t\t\t\t\t\t\t\t\t\t\t\t\t\t\t<\/div>\n\t\t\t\t<\/div>\n\t\t\t\t<\/div>\n\t\t\t\t<\/div>\n\t\t","protected":false},"excerpt":{"rendered":"<p>TECR\u00dcBE, KAL\u0130TE VE G\u00dcVEN ! Kurucumuz Alaeddin CECEL\u0130\u2019nin 1954 y\u0131l\u0131nda, o d\u00f6nemde Ankara\u2019n\u0131n ticaret merkezi olan, Ulus Konya Sokak\u2019ta kurdu\u011fu imalathanede temelleri [&hellip;]<\/p>\n","protected":false},"author":1,"featured_media":36,"parent":0,"menu_order":0,"comment_status":"closed","ping_status":"closed","template":"page-templates\/page_fullwidth.php","meta":{"footnotes":""},"class_list":["post-258","page","type-page","status-publish","has-post-thumbnail","hentry"],"_links":{"self":[{"href":"https:\/\/cecelidemir.com\/index.php\/wp-json\/wp\/v2\/pages\/258","targetHints":{"allow":["GET"]}}],"collection":[{"href":"https:\/\/cecelidemir.com\/index.php\/wp-json\/wp\/v2\/pages"}],"about":[{"href":"https:\/\/cecelidemir.com\/index.php\/wp-json\/wp\/v2\/types\/page"}],"author":[{"embeddable":true,"href":"https:\/\/cecelidemir.com\/index.php\/wp-json\/wp\/v2\/users\/1"}],"replies":[{"embeddable":true,"href":"https:\/\/cecelidemir.com\/index.php\/wp-json\/wp\/v2\/comments?post=258"}],"version-history":[{"count":9,"href":"https:\/\/cecelidemir.com\/index.php\/wp-json\/wp\/v2\/pages\/258\/revisions"}],"predecessor-version":[{"id":1534,"href":"https:\/\/cecelidemir.com\/index.php\/wp-json\/wp\/v2\/pages\/258\/revisions\/1534"}],"wp:featuredmedia":[{"embeddable":true,"href":"https:\/\/cecelidemir.com\/index.php\/wp-json\/"}],"wp:attachment":[{"href":"https:\/\/cecelidemir.com\/index.php\/wp-json\/wp\/v2\/media?parent=258"}],"curies":[{"name":"wp","href":"https:\/\/api.w.org\/{rel}","templated":true}]}}