{"id":408,"date":"2018-10-05T09:23:34","date_gmt":"2018-10-05T06:23:34","guid":{"rendered":"https:\/\/cecelidemir.com\/?page_id=408"},"modified":"2018-10-05T09:23:34","modified_gmt":"2018-10-05T06:23:34","slug":"cevre-politikamiz","status":"publish","type":"page","link":"https:\/\/cecelidemir.com\/index.php\/cevre-politikamiz\/","title":{"rendered":"\u00c7evre Politikam\u0131z"},"content":{"rendered":"<p>Ceceli Demir San. Ve Tic. A.\u015e. b\u00fcnyesinde demir \u00e7elik \u00fcr\u00fcnlerinin ticareti ve demir \u00e7eli\u011fe dayal\u0131 s\u0131nai faaliyetlerini y\u00fcr\u00fctmektedir.<\/p>\n<p>\u00c7evre sa\u011fl\u0131\u011f\u0131n\u0131 tehlikeye atmamak i\u00e7in m\u00fcmk\u00fcn derecede \u00e7evre g\u00fcvenli\u011fi sa\u011flan\u0131r.<\/p>\n<p>\u00c7evre koruma kurallar\u0131n\u0131n tamam\u0131na her zaman ve her i\u015fyerimizde uyulur.<\/p>\n<p>Her \u00e7al\u0131\u015fan\u0131m\u0131z, kendisinin ve di\u011fer \u00e7al\u0131\u015fanlar\u0131n \u00e7evreye zarar verici davran\u0131\u015flar\u0131ndan do\u011frudan sorumlu olaca\u011f\u0131n\u0131n bilinciyle, gerekli bilgi ve beceriye sahip olacak \u015fekilde e\u011fitilmektedir.<\/p>\n<p>\u0130\u015f yerlerimizde, \u00e7al\u0131\u015fanlar\u0131m\u0131z\u0131n tamam\u0131 \u00e7evreyi korumak i\u00e7in gerekli bilgi, beceri ve yetene\u011fe sahiptir.<\/p>\n<p>Faaliyetlerimiz s\u0131ras\u0131nda olu\u015fan kat\u0131 ve s\u0131v\u0131 at\u0131klar\u0131m\u0131z\u0131 azalt\u0131c\u0131 \u00f6nlemler al\u0131n\u0131r, tekrar kullan\u0131m veya geri kazan\u0131m imkanlar\u0131 uygulanmaya \u00e7al\u0131\u015f\u0131l\u0131r.<\/p>\n<p>Faaliyetlerimiz s\u0131ras\u0131nda meydana gelebilecek herhangi bir kaza veya acil durumda \u00e7evresel risk fakt\u00f6rlerini en az d\u00fczeye indirecek tedbirler planlan\u0131p uygulan\u0131r.<\/p>\n<p>\u00c7al\u0131\u015ft\u0131\u011f\u0131m\u0131z kurulu\u015flarla \u00e7evre konusunda a\u00e7\u0131k, aktif ve \u00fcretken bir i\u015f i\u015fbirli\u011fi olu\u015fturularak \u00e7evreye duyarl\u0131l\u0131k ilkesinin benimsetilmesine \u00e7al\u0131\u015f\u0131lmaktad\u0131r.<\/p>\n<p>Bizim ve bizden sonraki nesillerin sa\u011fl\u0131kl\u0131 ya\u015famas\u0131 gereklili\u011finden dolay\u0131, \u00e7evrenin korunmas\u0131, \u00e7evre kirlili\u011finin \u00f6nlenmesi ve bu y\u00f6nde iyile\u015ftirilmesi i\u00e7in gerekli kaynaklar ayr\u0131larak yat\u0131r\u0131mlar yap\u0131lmaktad\u0131r.<\/p>\n<p>\u00c7evre korunmas\u0131 ile ilgili t\u00fcm kanun ve y\u00fck\u00fcml\u00fcl\u00fckler her zaman ve her i\u015fyerimizde yerine getirilmektedir.<\/p>\n<p>Kurulmu\u015f olan \u00e7evre y\u00f6netim\u00a0 sistemi t\u00fcm \u00e7al\u0131\u015fanlar\u0131m\u0131z\u0131n katk\u0131lar\u0131 ile s\u00fcrd\u00fcr\u00fclerek etkinli\u011fi s\u00fcrekli iyile\u015ftirilmektedir.<\/p>\n<p style=\"text-align: right;\" align=\"center\">\u015eerafeddin CECEL\u0130<\/p>\n<p style=\"text-align: right;\" align=\"center\">Y\u00f6netim Kurulu Ba\u015fkan\u0131<\/p>\n","protected":false},"excerpt":{"rendered":"<p>Ceceli Demir San. Ve Tic. A.\u015e. b\u00fcnyesinde demir \u00e7elik \u00fcr\u00fcnlerinin ticareti ve demir \u00e7eli\u011fe dayal\u0131 s\u0131nai faaliyetlerini y\u00fcr\u00fctmektedir. \u00c7evre sa\u011fl\u0131\u011f\u0131n\u0131 tehlikeye atmamak [&hellip;]<\/p>\n","protected":false},"author":1,"featured_media":0,"parent":0,"menu_order":0,"comment_status":"closed","ping_status":"closed","template":"","meta":{"footnotes":""},"class_list":["post-408","page","type-page","status-publish","hentry"],"_links":{"self":[{"href":"https:\/\/cecelidemir.com\/index.php\/wp-json\/wp\/v2\/pages\/408","targetHints":{"allow":["GET"]}}],"collection":[{"href":"https:\/\/cecelidemir.com\/index.php\/wp-json\/wp\/v2\/pages"}],"about":[{"href":"https:\/\/cecelidemir.com\/index.php\/wp-json\/wp\/v2\/types\/page"}],"author":[{"embeddable":true,"href":"https:\/\/cecelidemir.com\/index.php\/wp-json\/wp\/v2\/users\/1"}],"replies":[{"embeddable":true,"href":"https:\/\/cecelidemir.com\/index.php\/wp-json\/wp\/v2\/comments?post=408"}],"version-history":[{"count":0,"href":"https:\/\/cecelidemir.com\/index.php\/wp-json\/wp\/v2\/pages\/408\/revisions"}],"wp:attachment":[{"href":"https:\/\/cecelidemir.com\/index.php\/wp-json\/wp\/v2\/media?parent=408"}],"curies":[{"name":"wp","href":"https:\/\/api.w.org\/{rel}","templated":true}]}}