{"id":411,"date":"2018-10-05T09:24:13","date_gmt":"2018-10-05T06:24:13","guid":{"rendered":"https:\/\/cecelidemir.com\/?page_id=411"},"modified":"2018-10-05T09:24:13","modified_gmt":"2018-10-05T06:24:13","slug":"isg-politikamiz","status":"publish","type":"page","link":"https:\/\/cecelidemir.com\/index.php\/isg-politikamiz\/","title":{"rendered":"\u0130SG Politikam\u0131z"},"content":{"rendered":"<p>Ceceli Demir San. Ve Tic. A.\u015e. b\u00fcnyesinde demir \u00e7elik \u00fcr\u00fcnlerinin ticareti ve demir \u00e7eli\u011fe dayal\u0131 s\u0131nai faaliyetlerini y\u00fcr\u00fctmektedir.<\/p>\n<p>\u0130\u015f\u00e7i sa\u011fl\u0131\u011f\u0131n\u0131 tehlikeye atmamak i\u00e7in m\u00fcmk\u00fcn derecede \u0130\u015f sa\u011fl\u0131\u011f\u0131 ve i\u015f\u00e7i g\u00fcvenli\u011fi sa\u011flan\u0131r.<\/p>\n<p>Politikan\u0131n temel hedefi, personelin kendi emniyetlerini kendilerinin sa\u011flamalar\u0131na \u00e7al\u0131\u015fmakt\u0131r.<\/p>\n<p>Hi\u00e7bir i\u015f insan sa\u011fl\u0131\u011f\u0131n\u0131 tehlikeye atacak kadar acele ve \u00f6nemli de\u011fildir.<\/p>\n<p>Her \u00e7al\u0131\u015fan hem kendisinin hem de ba\u015fkalar\u0131n\u0131n g\u00fcvenli \u00e7al\u0131\u015fmas\u0131ndan sorumludur.<\/p>\n<p>T\u00fcm kazalar ve yaralanmalar engellenebilir.<\/p>\n<p>\u0130\u015f sa\u011fl\u0131\u011f\u0131 ve g\u00fcvenli\u011fi sadece bir birimin sorumlulu\u011funda bir faaliyet de\u011fil, i\u015f hayat\u0131n\u0131n temeli olarak kabul edilmektedir.<\/p>\n<p>\u0130\u015f sa\u011fl\u0131\u011f\u0131 ve i\u015f g\u00fcvenli\u011fine \u015firket y\u00f6netimi \u00f6nc\u00fcl\u00fck etmekte ve herkesin kat\u0131l\u0131m\u0131 desteklenmektedir.<\/p>\n<p>Her \u00e7al\u0131\u015fan\u0131m\u0131z, kendisinin ve di\u011fer \u00e7al\u0131\u015fanlar\u0131n davran\u0131\u015flar\u0131ndan do\u011frudan sorumlu olaca\u011f\u0131n\u0131n bilinciyle, gerekli bilgi ve beceriye sahip olacak \u015fekilde e\u011fitilmektedir.<\/p>\n<p>\u0130\u015f sa\u011fl\u0131\u011f\u0131 ve g\u00fcvenli\u011fi ile ilgili y\u00fcr\u00fcrl\u00fckteki mevcut yasa ve y\u00f6netmelikler eksiksiz olarak uygulanmaktad\u0131r.<\/p>\n<p>Faaliyetlerimiz s\u0131ras\u0131nda meydana gelebilecek herhangi bir kaza veya acil durumda \u00e7evresel risk fakt\u00f6rlerini en az d\u00fczeye indirecek tedbirler planlan\u0131p uygulan\u0131r.<\/p>\n<p>\u0130SG\u00a0 kurallar\u0131n\u0131n tamam\u0131na her zaman ve her i\u015fyerimizde uyulur.<\/p>\n<p>\u0130SG sisteminin s\u00fcrekli olarak y\u00fcr\u00fct\u00fclmesi ve iyile\u015ftirilmesi t\u00fcm \u00e7al\u0131\u015fanlar\u0131n katk\u0131lar\u0131 ile ger\u00e7ekle\u015fecektir.<\/p>\n<p style=\"text-align: right;\" align=\"center\">\u015eerafeddin CECEL\u0130<\/p>\n<p style=\"text-align: right;\" align=\"center\">Y\u00f6netim Kurulu Ba\u015fkan\u0131<\/p>\n","protected":false},"excerpt":{"rendered":"<p>Ceceli Demir San. Ve Tic. A.\u015e. b\u00fcnyesinde demir \u00e7elik \u00fcr\u00fcnlerinin ticareti ve demir \u00e7eli\u011fe dayal\u0131 s\u0131nai faaliyetlerini y\u00fcr\u00fctmektedir. \u0130\u015f\u00e7i sa\u011fl\u0131\u011f\u0131n\u0131 tehlikeye atmamak [&hellip;]<\/p>\n","protected":false},"author":1,"featured_media":0,"parent":0,"menu_order":0,"comment_status":"closed","ping_status":"closed","template":"","meta":{"footnotes":""},"class_list":["post-411","page","type-page","status-publish","hentry"],"_links":{"self":[{"href":"https:\/\/cecelidemir.com\/index.php\/wp-json\/wp\/v2\/pages\/411","targetHints":{"allow":["GET"]}}],"collection":[{"href":"https:\/\/cecelidemir.com\/index.php\/wp-json\/wp\/v2\/pages"}],"about":[{"href":"https:\/\/cecelidemir.com\/index.php\/wp-json\/wp\/v2\/types\/page"}],"author":[{"embeddable":true,"href":"https:\/\/cecelidemir.com\/index.php\/wp-json\/wp\/v2\/users\/1"}],"replies":[{"embeddable":true,"href":"https:\/\/cecelidemir.com\/index.php\/wp-json\/wp\/v2\/comments?post=411"}],"version-history":[{"count":0,"href":"https:\/\/cecelidemir.com\/index.php\/wp-json\/wp\/v2\/pages\/411\/revisions"}],"wp:attachment":[{"href":"https:\/\/cecelidemir.com\/index.php\/wp-json\/wp\/v2\/media?parent=411"}],"curies":[{"name":"wp","href":"https:\/\/api.w.org\/{rel}","templated":true}]}}