{"id":482,"date":"2018-10-05T17:31:27","date_gmt":"2018-10-05T14:31:27","guid":{"rendered":"https:\/\/cecelidemir.com\/?page_id=482"},"modified":"2024-10-30T07:24:47","modified_gmt":"2024-10-30T07:24:47","slug":"contact","status":"publish","type":"page","link":"https:\/\/cecelidemir.com\/index.php\/en\/contact\/","title":{"rendered":"Contact"},"content":{"rendered":"\t\t<div data-elementor-type=\"wp-page\" data-elementor-id=\"482\" class=\"elementor elementor-482\">\n\t\t\t\t<div class=\"elementor-element elementor-element-aedb81d e-flex e-con-boxed e-con e-parent\" data-id=\"aedb81d\" data-element_type=\"container\" data-e-type=\"container\">\n\t\t\t\t\t<div class=\"e-con-inner\">\n\t\t\t\t<div class=\"elementor-element elementor-element-41af34d elementor-widget elementor-widget-text-editor\" data-id=\"41af34d\" data-element_type=\"widget\" data-e-type=\"widget\" data-widget_type=\"text-editor.default\">\n\t\t\t\t<div class=\"elementor-widget-container\">\n\t\t\t\t\t\t\t\t\t<h2>INTERNATIONAL SALES<\/h2><p>Dil\u015fad AKTA\u015e<\/p><p><strong>E-mail:<\/strong> dilsad@ceceli.com.tr<\/p>\t\t\t\t\t\t\t\t<\/div>\n\t\t\t\t<\/div>\n\t\t\t\t\t<\/div>\n\t\t\t\t<\/div>\n\t\t<div class=\"elementor-element elementor-element-30d556c2 e-flex e-con-boxed e-con e-parent\" data-id=\"30d556c2\" data-element_type=\"container\" data-e-type=\"container\">\n\t\t\t\t\t<div class=\"e-con-inner\">\n\t\t\t\t<div class=\"elementor-element elementor-element-604ada56 elementor-widget elementor-widget-text-editor\" data-id=\"604ada56\" data-element_type=\"widget\" data-e-type=\"widget\" data-widget_type=\"text-editor.default\">\n\t\t\t\t<div class=\"elementor-widget-container\">\n\t\t\t\t\t\t\t\t\t<table style=\"width: 100%;\"><tbody><tr><td><h3 style=\"text-align: center;\"><strong>CENTRAL OFFICE<\/strong><\/h3><p style=\"text-align: center;\"><strong>\u00a0 \u00a0 \u00a0Address:<\/strong> ASO 2.OSB, Alc\u0131 OSB Mahallesi, 2019.Cadde, No:9 Sincan \/ ANKARA<\/p><p style=\"text-align: center;\"><strong>\u00a0 \u00a0 \u00a0Telephone:<\/strong>\u00a0+90 312 341 21 10<\/p><p style=\"text-align: center;\"><strong>\u00a0 \u00a0 \u00a0Fax:<\/strong>\u00a0+90 312 341 26 32<\/p><p style=\"text-align: center;\"><strong>\u00a0 \u00a0 \u00a0E-Mail:<\/strong> satis@ceceli.com.tr<\/p><\/td><td rowspan=\"2\">\u00a0<\/td><td><h3 style=\"text-align: center;\"><strong>MARMARA SALES OFFICE<\/strong><\/h3><p style=\"text-align: center;\"><strong>\u00a0 \u00a0 \u00a0Adress:<\/strong> Muallimk\u00f6y Mahallesi, 4101.Sokak, Gebze \/ KOCAEL\u0130 (Gebze \u00d6\u011fretmen Evi Alt\u0131)<\/p><p style=\"text-align: center;\"><strong>\u00a0 \u00a0 \u00a0Telephone:<\/strong>\u00a0+90 262 759 12 34<\/p><p style=\"text-align: center;\"><strong>\u00a0 \u00a0 \u00a0Fax:<\/strong>\u00a0+90 262 759 12 35<\/p><p style=\"text-align: center;\"><strong>\u00a0 \u00a0 \u00a0E-Mail:<\/strong> gebze@ceceli.com.tr<\/p><\/td><\/tr><tr><td style=\"text-align: center;\"><iframe style=\"border: 0px initial initial;\" src=\"https:\/\/www.google.com\/maps\/embed?pb=!1m18!1m12!1m3!1d3058.466927239988!2d32.6992483145168!3d39.953312091618194!2m3!1f0!2f0!3f0!3m2!1i1024!2i768!4f13.1!3m3!1m2!1s0x14d337c226e4f25d%3A0xd9cd7db02d47fe08!2sCeceli+Demir+Sanayi+A%C5%9F!5e0!3m2!1str!2str!4v1538565547880\" width=\"400\" height=\"300\" frameborder=\"1\" allowfullscreen=\"allowfullscreen\"><span data-mce-type=\"bookmark\" style=\"display: inline-block; width: 0px; overflow: hidden; line-height: 0;\" class=\"mce_SELRES_start\"><span data-mce-type=\"bookmark\" style=\"display: inline-block; width: 0px; overflow: hidden; line-height: 0;\" class=\"mce_SELRES_start\">\ufeff<\/span><\/span><\/iframe><\/td><td style=\"text-align: center;\"><iframe style=\"text-align: right;\" src=\"https:\/\/www.google.com\/maps\/embed?pb=!1m18!1m12!1m3!1d3020.5010714867803!2d29.489795414549327!3d40.79498164047327!2m3!1f0!2f0!3f0!3m2!1i1024!2i768!4f13.1!3m3!1m2!1s0x14cb216a38ba2cb7%3A0x5b622bffb685ab59!2sCeceli+Demir+A.%C5%9E!5e0!3m2!1str!2str!4v1538565750048\" width=\"400\" height=\"300\" frameborder=\"1\" allowfullscreen=\"allowfullscreen\"><span data-mce-type=\"bookmark\" style=\"display: inline-block; width: 0px; overflow: hidden; line-height: 0;\" class=\"mce_SELRES_start\">\ufeff<\/span><\/iframe><\/td><\/tr><\/tbody><\/table><h3>\u00a0<\/h3><h3>\u00a0<\/h3><h3 style=\"text-align: left;\"><strong>CONTACT US<\/strong><\/h3>\t\t\t\t\t\t\t\t<\/div>\n\t\t\t\t<\/div>\n\t\t\t\t\t<\/div>\n\t\t\t\t<\/div>\n\t\t<div class=\"elementor-element elementor-element-d1d417e e-flex e-con-boxed e-con e-parent\" data-id=\"d1d417e\" data-element_type=\"container\" data-e-type=\"container\">\n\t\t\t\t\t<div class=\"e-con-inner\">\n\t\t\t\t<div class=\"elementor-element elementor-element-f5db71e elementor-widget elementor-widget-shortcode\" data-id=\"f5db71e\" data-element_type=\"widget\" data-e-type=\"widget\" data-widget_type=\"shortcode.default\">\n\t\t\t\t<div class=\"elementor-widget-container\">\n\t\t\t\t\t\t\t<div class=\"elementor-shortcode\"><p class=\"wpcf7-contact-form-not-found\"><strong>Hata:<\/strong> \u0130leti\u015fim formu bulunamad\u0131.<\/p><\/div>\n\t\t\t\t\t\t<\/div>\n\t\t\t\t<\/div>\n\t\t\t\t\t<\/div>\n\t\t\t\t<\/div>\n\t\t\t\t<\/div>\n\t\t","protected":false},"excerpt":{"rendered":"<p>INTERNATIONAL SALES Dil\u015fad AKTA\u015e E-mail: dilsad@ceceli.com.tr CENTRAL OFFICE \u00a0 \u00a0 \u00a0Address: ASO 2.OSB, Alc\u0131 OSB Mahallesi, 2019.Cadde, No:9 Sincan \/ ANKARA \u00a0 [&hellip;]<\/p>\n","protected":false},"author":1,"featured_media":35,"parent":0,"menu_order":0,"comment_status":"closed","ping_status":"closed","template":"","meta":{"footnotes":""},"class_list":["post-482","page","type-page","status-publish","has-post-thumbnail","hentry"],"_links":{"self":[{"href":"https:\/\/cecelidemir.com\/index.php\/wp-json\/wp\/v2\/pages\/482","targetHints":{"allow":["GET"]}}],"collection":[{"href":"https:\/\/cecelidemir.com\/index.php\/wp-json\/wp\/v2\/pages"}],"about":[{"href":"https:\/\/cecelidemir.com\/index.php\/wp-json\/wp\/v2\/types\/page"}],"author":[{"embeddable":true,"href":"https:\/\/cecelidemir.com\/index.php\/wp-json\/wp\/v2\/users\/1"}],"replies":[{"embeddable":true,"href":"https:\/\/cecelidemir.com\/index.php\/wp-json\/wp\/v2\/comments?post=482"}],"version-history":[{"count":10,"href":"https:\/\/cecelidemir.com\/index.php\/wp-json\/wp\/v2\/pages\/482\/revisions"}],"predecessor-version":[{"id":2063,"href":"https:\/\/cecelidemir.com\/index.php\/wp-json\/wp\/v2\/pages\/482\/revisions\/2063"}],"wp:featuredmedia":[{"embeddable":true,"href":"https:\/\/cecelidemir.com\/index.php\/wp-json\/"}],"wp:attachment":[{"href":"https:\/\/cecelidemir.com\/index.php\/wp-json\/wp\/v2\/media?parent=482"}],"curies":[{"name":"wp","href":"https:\/\/api.w.org\/{rel}","templated":true}]}}