{"id":927,"date":"2023-06-11T02:00:24","date_gmt":"2023-06-10T23:00:24","guid":{"rendered":"https:\/\/cecelidemir.com\/?page_id=927"},"modified":"2024-02-05T08:56:54","modified_gmt":"2024-02-05T08:56:54","slug":"galvaniz-saclar","status":"publish","type":"page","link":"https:\/\/cecelidemir.com\/index.php\/galvaniz-saclar\/","title":{"rendered":"Galvaniz Saclar &#8211; GZR"},"content":{"rendered":"\t\t<div data-elementor-type=\"wp-page\" data-elementor-id=\"927\" class=\"elementor elementor-927\">\n\t\t\t\t\t\t<section class=\"elementor-section elementor-top-section elementor-element elementor-element-590e561 elementor-section-boxed elementor-section-height-default elementor-section-height-default\" data-id=\"590e561\" data-element_type=\"section\" data-e-type=\"section\">\n\t\t\t\t\t\t<div class=\"elementor-container elementor-column-gap-default\">\n\t\t\t\t\t<div class=\"elementor-column elementor-col-50 elementor-top-column elementor-element elementor-element-dee3e90\" data-id=\"dee3e90\" data-element_type=\"column\" data-e-type=\"column\">\n\t\t\t<div class=\"elementor-widget-wrap elementor-element-populated\">\n\t\t\t\t\t\t<div class=\"elementor-element elementor-element-0be16cb elementor-widget elementor-widget-text-editor\" data-id=\"0be16cb\" data-element_type=\"widget\" data-e-type=\"widget\" data-widget_type=\"text-editor.default\">\n\t\t\t\t<div class=\"elementor-widget-container\">\n\t\t\t\t\t\t\t\t\t<p style=\"margin: 0px; padding: 0px; -webkit-tap-highlight-color: transparent; line-height: 1.5; color: #646266; font-family: Verdana, sans-serif;\"><span style=\"color: #000000;\">C<span style=\"-webkit-tap-highlight-color: transparent;\">R<\/span>&#8216;nin \u00e7inko kaplanmas\u0131yla\u00a0<span style=\"padding: 0px; margin: 0px; -webkit-tap-highlight-color: transparent;\">galvanizli sac<\/span>, kalay kaplanmas\u0131yla teneke elde edilmektedir. CR&#8217;nin \u00fcretilmesinden veya\u00a0<span style=\"padding: 0px; margin: 0px; -webkit-tap-highlight-color: transparent;\">galvanizleme prosed\u00fcr\u00fc<\/span>n\u00fcn ger\u00e7ekle\u015ftirilmesinden sonra, talep do\u011frultusunda sac\u0131n kesilmesi gereklidir.<\/span><\/p><p style=\"margin: 0px; padding: 0px; -webkit-tap-highlight-color: transparent; line-height: 1.5; color: #646266; font-family: Verdana, sans-serif;\"><span style=\"color: #000000;\">\u00a0<\/span><\/p><p style=\"margin: 0px; padding: 0px; -webkit-tap-highlight-color: transparent; line-height: 1.5; color: #646266; font-family: Verdana, sans-serif;\"><span style=\"color: #000000;\"><span style=\"padding: 0px; margin: 0px; -webkit-tap-highlight-color: transparent;\">Galvanizli Sac\u0131n \u00d6zellikleri<\/span>\u00a0Uzun \u00d6m\u00fcrl\u00fcd\u00fcr, Katland\u0131\u011f\u0131 zaman \u00e7inko kaplamas\u0131 d\u00f6k\u00fclmez, derin \u00e7ekme ve s\u0131vamaya kar\u015f\u0131 elveri\u015flidir, kolay lehim tutar, \u00e7ok basit boyanabilir, ate\u015fe kar\u015f\u0131 dayan\u0131kl\u0131d\u0131r, ekonomiktir, kolayd\u0131r ve bir\u00e7ok d\u0131\u015f fakt\u00f6rlere dayan\u0131kl\u0131d\u0131r.<\/span><\/p>\t\t\t\t\t\t\t\t<\/div>\n\t\t\t\t<\/div>\n\t\t\t\t\t<\/div>\n\t\t<\/div>\n\t\t\t\t<div class=\"elementor-column elementor-col-50 elementor-top-column elementor-element elementor-element-f6880fd\" data-id=\"f6880fd\" data-element_type=\"column\" data-e-type=\"column\">\n\t\t\t<div class=\"elementor-widget-wrap elementor-element-populated\">\n\t\t\t\t\t\t<div class=\"elementor-element elementor-element-b97fd0c elementor-widget__width-initial elementor-widget elementor-widget-image\" data-id=\"b97fd0c\" data-element_type=\"widget\" data-e-type=\"widget\" data-widget_type=\"image.default\">\n\t\t\t\t<div class=\"elementor-widget-container\">\n\t\t\t\t\t\t\t\t\t\t\t\t\t\t\t<img fetchpriority=\"high\" decoding=\"async\" width=\"1024\" height=\"576\" src=\"https:\/\/cecelidemir.com\/wp-content\/uploads\/2024\/02\/galvaniz-sac.webp\" class=\"attachment-large size-large wp-image-1658\" alt=\"\" srcset=\"https:\/\/cecelidemir.com\/wp-content\/uploads\/2024\/02\/galvaniz-sac.webp 1024w, https:\/\/cecelidemir.com\/wp-content\/uploads\/2024\/02\/galvaniz-sac-300x169.webp 300w, https:\/\/cecelidemir.com\/wp-content\/uploads\/2024\/02\/galvaniz-sac-768x432.webp 768w, https:\/\/cecelidemir.com\/wp-content\/uploads\/2024\/02\/galvaniz-sac-1000x563.webp 1000w, https:\/\/cecelidemir.com\/wp-content\/uploads\/2024\/02\/galvaniz-sac-230x129.webp 230w, https:\/\/cecelidemir.com\/wp-content\/uploads\/2024\/02\/galvaniz-sac-350x197.webp 350w, https:\/\/cecelidemir.com\/wp-content\/uploads\/2024\/02\/galvaniz-sac-480x270.webp 480w\" sizes=\"(max-width: 1024px) 100vw, 1024px\" \/>\t\t\t\t\t\t\t\t\t\t\t\t\t\t\t<\/div>\n\t\t\t\t<\/div>\n\t\t\t\t\t<\/div>\n\t\t<\/div>\n\t\t\t\t\t<\/div>\n\t\t<\/section>\n\t\t\t\t<section class=\"elementor-section elementor-top-section elementor-element elementor-element-888995b elementor-section-boxed elementor-section-height-default elementor-section-height-default\" data-id=\"888995b\" data-element_type=\"section\" data-e-type=\"section\">\n\t\t\t\t\t\t<div class=\"elementor-container elementor-column-gap-default\">\n\t\t\t\t\t<div class=\"elementor-column elementor-col-100 elementor-top-column elementor-element elementor-element-bac6fee\" data-id=\"bac6fee\" data-element_type=\"column\" data-e-type=\"column\">\n\t\t\t<div class=\"elementor-widget-wrap elementor-element-populated\">\n\t\t\t\t\t\t<div class=\"elementor-element elementor-element-8fe0990 elementor-widget elementor-widget-text-editor\" data-id=\"8fe0990\" data-element_type=\"widget\" data-e-type=\"widget\" data-widget_type=\"text-editor.default\">\n\t\t\t\t<div class=\"elementor-widget-container\">\n\t\t\t\t\t\t\t\t\t<p style=\"padding: 0px; margin: 0px; -webkit-tap-highlight-color: transparent; color: #646266; font-family: Verdana, sans-serif;\"><span style=\"color: #000000;\"><strong style=\"padding: 0px; margin: 0px; -webkit-tap-highlight-color: transparent;\">Euro Kalite<\/strong>\u00a0:\u00a0DX51D+Z &#8211; DX52D+Z &#8211; DX53D+Z &#8211; DX54D+Z &#8211; DX56D+Z(1)(3) &#8211; DX57D+Z(3)<\/span><\/p><p style=\"padding: 0px; margin: 0px; -webkit-tap-highlight-color: transparent; color: #646266; font-family: Verdana, sans-serif;\"><span style=\"color: #000000;\"><strong style=\"padding: 0px; margin: 0px; -webkit-tap-highlight-color: transparent;\">Erdemir Kalite\u00a0<\/strong>:\u00a01311 \u2013 1312 \u2013 1313 \u2013 1314 &#8211; 1315 &#8211; 1317 &#8211; 1322 &#8211; 1325 &#8211; 1328 &#8211; 1332 &#8211; 1335<\/span><\/p><p style=\"padding: 0px; margin: 0px; -webkit-tap-highlight-color: transparent; color: #646266; font-family: Verdana, sans-serif;\"><span style=\"color: #000000;\"><strong style=\"padding: 0px; margin: 0px; -webkit-tap-highlight-color: transparent;\">Standartlar\u0131\u00a0<\/strong>:\u00a0EN 10346<\/span><\/p><p style=\"padding: 0px; margin: 0px; -webkit-tap-highlight-color: transparent; color: #646266; font-family: Verdana, sans-serif;\"><span style=\"color: #000000;\"><strong style=\"padding: 0px; margin: 0px; -webkit-tap-highlight-color: transparent;\">Geni\u015flik\u00a0<\/strong>:\u00a0500 &#8211; 1250 mm<\/span><\/p><p style=\"padding: 0px; margin: 0px; -webkit-tap-highlight-color: transparent; color: #646266; font-family: Verdana, sans-serif;\"><span style=\"color: #000000;\"><strong style=\"padding: 0px; margin: 0px; -webkit-tap-highlight-color: transparent;\">Et Kal\u0131nl\u0131\u011f\u0131\u00a0<\/strong>:\u00a00,30 -3,00 mm<\/span><\/p>\t\t\t\t\t\t\t\t<\/div>\n\t\t\t\t<\/div>\n\t\t\t\t\t<\/div>\n\t\t<\/div>\n\t\t\t\t\t<\/div>\n\t\t<\/section>\n\t\t\t\t<section class=\"elementor-section elementor-top-section elementor-element elementor-element-a4eb98b elementor-section-boxed elementor-section-height-default elementor-section-height-default\" data-id=\"a4eb98b\" data-element_type=\"section\" data-e-type=\"section\">\n\t\t\t\t\t\t<div class=\"elementor-container elementor-column-gap-default\">\n\t\t\t\t\t<div class=\"elementor-column elementor-col-100 elementor-top-column elementor-element elementor-element-f49f724\" data-id=\"f49f724\" data-element_type=\"column\" data-e-type=\"column\">\n\t\t\t<div class=\"elementor-widget-wrap elementor-element-populated\">\n\t\t\t\t\t\t<div class=\"elementor-element elementor-element-18babb5 elementor-widget elementor-widget-heading\" data-id=\"18babb5\" data-element_type=\"widget\" data-e-type=\"widget\" data-widget_type=\"heading.default\">\n\t\t\t\t<div class=\"elementor-widget-container\">\n\t\t\t\t\t<h3 class=\"elementor-heading-title elementor-size-default\">\u00d6zellikler<\/h3>\t\t\t\t<\/div>\n\t\t\t\t<\/div>\n\t\t\t\t<div class=\"elementor-element elementor-element-7822d82 elementor-widget elementor-widget-text-editor\" data-id=\"7822d82\" data-element_type=\"widget\" data-e-type=\"widget\" data-widget_type=\"text-editor.default\">\n\t\t\t\t<div class=\"elementor-widget-container\">\n\t\t\t\t\t\t\t\t\t<p style=\"padding: 0px; margin: 0px; -webkit-tap-highlight-color: transparent; line-height: 1.5; color: #646266; font-family: Verdana, sans-serif;\"><span style=\"color: #000000;\">Demir ve demir \u00fcr\u00fcnlerine en fazla zarar veren etkenler aras\u0131nda nem ve zemin bulunmaktad\u0131r. Neme ve \u0131slakl\u0131\u011fa maruz kalan demir ve demir \u00fcr\u00fcnlerinin \u00f6mr\u00fc k\u0131sal\u0131yor ve birka\u00e7 sene i\u00e7erisinde \u00f6zellik ve direncini kaybediyor. Bu da demir ve demirden olan \u00fcr\u00fcnlerin fonksiyonlar\u0131n\u0131 kaybetmesine neden oluyor. Bu nedenle saca giydirilen\u00a0<\/span><a style=\"background-color: #ffffff; padding: 0px; margin: 0px; -webkit-tap-highlight-color: transparent; color: #000000;\" href=\"https:\/\/hakansacmetal.com.tr\/bilgi-merkezi\/teknik-bilgiler\/sozluk?q=Galvanizleme\">galvaniz<\/a><span style=\"color: #000000;\">\u00a0vas\u0131tas\u0131 ile yani\u00a0<\/span><span style=\"color: #000000; padding: 0px; margin: 0px; -webkit-tap-highlight-color: transparent;\">galvaniz sac<\/span><span style=\"color: #000000;\">\u00a0vas\u0131tas\u0131 ile \u00fcr\u00fcnlerin direncini artt\u0131r\u0131yor ve i\u015flevini eksiksiz yerine getirmesinde uzun \u00f6m\u00fcrl\u00fc olmas\u0131n\u0131 sa\u011fl\u0131yor.\u00a0<\/span><span style=\"color: #000000; padding: 0px; margin: 0px; -webkit-tap-highlight-color: transparent;\">Galvaniz sac\u0131n<\/span><span style=\"color: #000000;\">\u00a0bu kadar tercih edilmesinin nedenleri aras\u0131nda \u00e7o\u011fu \u00f6zelli\u011fi bulunmaktad\u0131r.\u00a0<\/span><span style=\"color: #000000; padding: 0px; margin: 0px; -webkit-tap-highlight-color: transparent;\">Galvaniz sac<\/span><span style=\"color: #000000;\">, korozyon direncinin bulunmas\u0131 nedeniyle do\u011fas\u0131nda bulunan metalin korozetif elementlere bariyer kurmaktad\u0131r. Kolay bi\u00e7imlenebilme \u00f6zelli\u011fi de kullan\u0131m alanlar\u0131n\u0131 son derece fazla geni\u015fletmesine neden oluyor.\u202f \u00d6zellik ekstra derin \u00e7ekile bilirlik ve b\u00fckme istenen par\u00e7alar\u0131n \u00fcretimi i\u00e7in en uygun bir malzeme g\u00f6revi g\u00f6r\u00fcyor. Kusursuz y\u00fczey g\u00f6r\u00fcn\u00fcm\u00fcne kavu\u015fturmas\u0131 nedeniyle s\u0131k s\u0131k kullan\u0131lmaktad\u0131r. \u202f<\/span><\/p><p style=\"padding: 0px; margin: 0px; -webkit-tap-highlight-color: transparent; line-height: 1.5; color: #646266; font-family: Verdana, sans-serif;\"><span style=\"color: #000000;\">Kaynaklana bilirlik ise\u00a0<span style=\"padding: 0px; margin: 0px; -webkit-tap-highlight-color: transparent;\">galvaniz sac<\/span>\u00a0y\u00f6ntem \u00f6zellikleri aras\u0131nda, \u00e7o\u011fu kaynak prosesi ile kaynaklanabilirler.\u202f Boyana bilirlik \u00f6zelli\u011fiyse de\u00a0<span style=\"padding: 0px; margin: 0px; -webkit-tap-highlight-color: transparent;\">galvaniz sac<\/span>\u00a0\u00fcr\u00fcnler, \u00f6n prosed\u00fcrleri do\u011fru bi\u00e7imde yap\u0131l\u0131rsa, basit bir bi\u00e7imde boyanabilirler. Burada bahsedilen \u00f6n prosed\u00fcrlere ise ya\u011f alma prosed\u00fcrleri ad\u0131 verilmektedir.<\/span><\/p>\t\t\t\t\t\t\t\t<\/div>\n\t\t\t\t<\/div>\n\t\t\t\t\t<\/div>\n\t\t<\/div>\n\t\t\t\t\t<\/div>\n\t\t<\/section>\n\t\t\t\t<section class=\"elementor-section elementor-top-section elementor-element elementor-element-79f0910 elementor-section-boxed elementor-section-height-default elementor-section-height-default\" data-id=\"79f0910\" data-element_type=\"section\" data-e-type=\"section\">\n\t\t\t\t\t\t<div class=\"elementor-container elementor-column-gap-default\">\n\t\t\t\t\t<div class=\"elementor-column elementor-col-100 elementor-top-column elementor-element elementor-element-9db2991\" data-id=\"9db2991\" data-element_type=\"column\" data-e-type=\"column\">\n\t\t\t<div class=\"elementor-widget-wrap elementor-element-populated\">\n\t\t\t\t\t\t<div class=\"elementor-element elementor-element-2ca9d43 elementor-widget elementor-widget-heading\" data-id=\"2ca9d43\" data-element_type=\"widget\" data-e-type=\"widget\" data-widget_type=\"heading.default\">\n\t\t\t\t<div class=\"elementor-widget-container\">\n\t\t\t\t\t<h3 class=\"elementor-heading-title elementor-size-default\">Kullan\u0131m Alanlar\u0131<\/h3>\t\t\t\t<\/div>\n\t\t\t\t<\/div>\n\t\t\t\t<div class=\"elementor-element elementor-element-5e22668 elementor-widget elementor-widget-text-editor\" data-id=\"5e22668\" data-element_type=\"widget\" data-e-type=\"widget\" data-widget_type=\"text-editor.default\">\n\t\t\t\t<div class=\"elementor-widget-container\">\n\t\t\t\t\t\t\t\t\t<p style=\"padding: 0px; margin: 0px; -webkit-tap-highlight-color: transparent; line-height: 1.5; color: #646266; font-family: Verdana, sans-serif;\"><span style=\"color: #000000;\"><span style=\"padding: 0px; margin: 0px; -webkit-tap-highlight-color: transparent;\">Galvaniz sac<\/span>, kaliteli ve uzun \u00f6m\u00fcrl\u00fc olmas\u0131 vas\u0131tas\u0131 ile kullan\u0131m alanlar\u0131 son derece fazla ve geni\u015ftir. Farkl\u0131 formlara getirilebilir yap\u0131da olmas\u0131, farkl\u0131 alanlardan kullan\u0131labilmesini sa\u011flar.\u00a0<span style=\"padding: 0px; margin: 0px; -webkit-tap-highlight-color: transparent;\">Galvanizli sac<\/span>, \u00f6zel bir forma sokularak \u00e7at\u0131 kaplama, bina y\u00fczleri ve i\u00e7 d\u0131\u015f kaplamalarda, yan y\u00fczeylerde, \u00e7at\u0131lar\u0131n kaplanmas\u0131nda\u00a0<span style=\"padding: 0px; margin: 0px; -webkit-tap-highlight-color: transparent;\">sandvi\u00e7 panel<\/span>\u00a0g\u00f6revinde kullan\u0131l\u0131r. Bu\u202fdurumun yan\u0131 s\u0131ra\u00a0<span style=\"padding: 0px; margin: 0px; -webkit-tap-highlight-color: transparent;\">sac kaplama<\/span>\u00a0a\u015fa\u011f\u0131da bulunan sekt\u00f6rlerde de kullan\u0131lmaktad\u0131r. \u202f<\/span><\/p><p style=\"padding: 0px; margin: 0px; -webkit-tap-highlight-color: transparent; line-height: 1.5; color: #646266; font-family: Verdana, sans-serif;\"><span style=\"color: #000000;\">-Otomotiv Sanayii<\/span><\/p><p style=\"padding: 0px; margin: 0px; -webkit-tap-highlight-color: transparent; line-height: 1.5; color: #646266; font-family: Verdana, sans-serif;\"><span style=\"color: #000000;\">-Beyaz E\u015fya Sanayii<\/span><\/p><p style=\"padding: 0px; margin: 0px; -webkit-tap-highlight-color: transparent; line-height: 1.5; color: #646266; font-family: Verdana, sans-serif;\"><span style=\"color: #000000;\">-\u0130zolasyon ve Kaplama \u0130\u015flemleri<\/span><\/p><p style=\"padding: 0px; margin: 0px; -webkit-tap-highlight-color: transparent; line-height: 1.5; color: #646266; font-family: Verdana, sans-serif;\"><span style=\"color: #000000;\">-Havaland\u0131rma ve \u0130klimlendirme Tesisleri<\/span><\/p><p style=\"padding: 0px; margin: 0px; -webkit-tap-highlight-color: transparent; line-height: 1.5; color: #646266; font-family: Verdana, sans-serif;\"><span style=\"color: #000000;\">-Termosifon, Soba ve Boru \u00dcretimi<\/span><\/p><p style=\"padding: 0px; margin: 0px; -webkit-tap-highlight-color: transparent; line-height: 1.5; color: #646266; font-family: Verdana, sans-serif;\"><span style=\"color: #000000;\">-Su ve Akaryak\u0131t Depolar\u0131 \u00dcretimi<\/span><\/p><p style=\"padding: 0px; margin: 0px; -webkit-tap-highlight-color: transparent; line-height: 1.5; color: #646266; font-family: Verdana, sans-serif;\"><span style=\"color: #000000;\">-Boru ve Profil \u00dcretimi<\/span><\/p><p style=\"padding: 0px; margin: 0px; -webkit-tap-highlight-color: transparent; line-height: 1.5; color: #646266; font-family: Verdana, sans-serif;\"><span style=\"color: #000000;\">-Kablo Kanal\u0131 ve Ayd\u0131nlatma Armat\u00fcrleri<\/span><\/p><p style=\"padding: 0px; margin: 0px; -webkit-tap-highlight-color: transparent; line-height: 1.5; color: #646266; font-family: Verdana, sans-serif;\"><span style=\"color: #000000;\">-Kablo Sanayii<\/span><\/p><p style=\"padding: 0px; margin: 0px; -webkit-tap-highlight-color: transparent; line-height: 1.5; color: #646266; font-family: Verdana, sans-serif;\"><span style=\"color: #000000;\">-Madeni E\u015fya ve Ambalaj Sanayii<\/span><\/p><p style=\"padding: 0px; margin: 0px; -webkit-tap-highlight-color: transparent; line-height: 1.5; color: #646266; font-family: Verdana, sans-serif;\"><span style=\"color: #000000;\">-Prefabrike Yap\u0131 \u00dcretimi<\/span><\/p><p style=\"padding: 0px; margin: 0px; -webkit-tap-highlight-color: transparent; line-height: 1.5; color: #646266; font-family: Verdana, sans-serif;\"><span style=\"color: #000000;\">-Baraka Yap\u0131m\u0131, Silo ve Depo \u0130n\u015faat\u0131<\/span><\/p><p style=\"padding: 0px; margin: 0px; -webkit-tap-highlight-color: transparent; line-height: 1.5; color: #646266; font-family: Verdana, sans-serif;\"><span style=\"color: #000000;\">-Sosyal Yap\u0131lar<\/span><\/p><p style=\"padding: 0px; margin: 0px; -webkit-tap-highlight-color: transparent; line-height: 1.5; color: #646266; font-family: Verdana, sans-serif;\"><span style=\"color: #000000;\">-Al\u0131\u015fveri\u015f Merkezleri<\/span><\/p><p style=\"padding: 0px; margin: 0px; -webkit-tap-highlight-color: transparent; line-height: 1.5; color: #646266; font-family: Verdana, sans-serif;\"><span style=\"color: #000000;\">-Zirai Yap\u0131lar<\/span><\/p><p style=\"padding: 0px; margin: 0px; -webkit-tap-highlight-color: transparent; line-height: 1.5; color: #646266; font-family: Verdana, sans-serif;\"><span style=\"color: #000000;\">-\u015eantiye Binalar\u0131<\/span><\/p><p style=\"padding: 0px; margin: 0px; -webkit-tap-highlight-color: transparent; line-height: 1.5; color: #646266; font-family: Verdana, sans-serif;\"><span style=\"color: #000000;\">-Askeri Tesisler<\/span><\/p><p style=\"padding: 0px; margin: 0px; -webkit-tap-highlight-color: transparent; line-height: 1.5; color: #646266; font-family: Verdana, sans-serif;\"><span style=\"color: #000000;\">-Hal Tesisleri gibi son derece geni\u015f bir kullan\u0131m alan\u0131na sahip bir \u00fcr\u00fcnd\u00fcr.<\/span><\/p>\t\t\t\t\t\t\t\t<\/div>\n\t\t\t\t<\/div>\n\t\t\t\t\t<\/div>\n\t\t<\/div>\n\t\t\t\t\t<\/div>\n\t\t<\/section>\n\t\t\t\t<\/div>\n\t\t","protected":false},"excerpt":{"rendered":"<p>CR&#8217;nin \u00e7inko kaplanmas\u0131yla\u00a0galvanizli sac, kalay kaplanmas\u0131yla teneke elde edilmektedir. CR&#8217;nin \u00fcretilmesinden veya\u00a0galvanizleme prosed\u00fcr\u00fcn\u00fcn ger\u00e7ekle\u015ftirilmesinden sonra, talep do\u011frultusunda sac\u0131n kesilmesi gereklidir. \u00a0 Galvanizli [&hellip;]<\/p>\n","protected":false},"author":1,"featured_media":0,"parent":0,"menu_order":0,"comment_status":"closed","ping_status":"closed","template":"","meta":{"footnotes":""},"class_list":["post-927","page","type-page","status-publish","hentry"],"_links":{"self":[{"href":"https:\/\/cecelidemir.com\/index.php\/wp-json\/wp\/v2\/pages\/927","targetHints":{"allow":["GET"]}}],"collection":[{"href":"https:\/\/cecelidemir.com\/index.php\/wp-json\/wp\/v2\/pages"}],"about":[{"href":"https:\/\/cecelidemir.com\/index.php\/wp-json\/wp\/v2\/types\/page"}],"author":[{"embeddable":true,"href":"https:\/\/cecelidemir.com\/index.php\/wp-json\/wp\/v2\/users\/1"}],"replies":[{"embeddable":true,"href":"https:\/\/cecelidemir.com\/index.php\/wp-json\/wp\/v2\/comments?post=927"}],"version-history":[{"count":3,"href":"https:\/\/cecelidemir.com\/index.php\/wp-json\/wp\/v2\/pages\/927\/revisions"}],"predecessor-version":[{"id":1661,"href":"https:\/\/cecelidemir.com\/index.php\/wp-json\/wp\/v2\/pages\/927\/revisions\/1661"}],"wp:attachment":[{"href":"https:\/\/cecelidemir.com\/index.php\/wp-json\/wp\/v2\/media?parent=927"}],"curies":[{"name":"wp","href":"https:\/\/api.w.org\/{rel}","templated":true}]}}