{"id":941,"date":"2023-06-11T02:10:25","date_gmt":"2023-06-10T23:10:25","guid":{"rendered":"https:\/\/cecelidemir.com\/?page_id=941"},"modified":"2024-02-05T08:57:30","modified_gmt":"2024-02-05T08:57:30","slug":"asitli-saclar-hrp","status":"publish","type":"page","link":"https:\/\/cecelidemir.com\/index.php\/asitli-saclar-hrp\/","title":{"rendered":"Asitli Saclar &#8211; HRP"},"content":{"rendered":"\t\t<div data-elementor-type=\"wp-page\" data-elementor-id=\"941\" class=\"elementor elementor-941\">\n\t\t\t\t\t\t<section class=\"elementor-section elementor-top-section elementor-element elementor-element-af73cde elementor-section-boxed elementor-section-height-default elementor-section-height-default\" data-id=\"af73cde\" data-element_type=\"section\" data-e-type=\"section\">\n\t\t\t\t\t\t<div class=\"elementor-container elementor-column-gap-default\">\n\t\t\t\t\t<div class=\"elementor-column elementor-col-50 elementor-top-column elementor-element elementor-element-1611ae7\" data-id=\"1611ae7\" data-element_type=\"column\" data-e-type=\"column\">\n\t\t\t<div class=\"elementor-widget-wrap elementor-element-populated\">\n\t\t\t\t\t\t<div class=\"elementor-element elementor-element-5a371cd elementor-widget elementor-widget-text-editor\" data-id=\"5a371cd\" data-element_type=\"widget\" data-e-type=\"widget\" data-widget_type=\"text-editor.default\">\n\t\t\t\t<div class=\"elementor-widget-container\">\n\t\t\t\t\t\t\t\t\t<p class=\"content-p first-p\" style=\"padding: 0px; margin: 0px; -webkit-tap-highlight-color: transparent; line-height: 1.5; color: #646266; font-family: Verdana, sans-serif;\"><span style=\"color: #000000;\">S\u0131cak Haddelenmi\u015f\u00a0Rulo y\u00fczeylerinde olu\u015fan Tufal (oksit) Hidroklorik asit veya S\u00fclf\u00fcrik asit banyolar\u0131ndan ge\u00e7irilerek temizlenir ve tekrar oksidasyonunu \u00f6nlemek i\u00e7in de koruyucu ya\u011fla ya\u011flan\u0131r.<\/span><\/p><p class=\"content-p\" style=\"padding: 0px; margin: 0px; -webkit-tap-highlight-color: transparent; line-height: 1.5; color: #646266; font-family: Verdana, sans-serif;\"><span style=\"color: #000000;\">Asitle Temizlenmi\u015f Sac olarak adland\u0131r\u0131lan \u00fcr\u00fcn rulo olarak veya talebe g\u00f6re dilinmi\u015f, boya kesilmi\u015f olarak kullan\u0131c\u0131ya sevk edilir.<\/span><\/p><p class=\"content-p\" style=\"padding: 0px; margin: 0px; -webkit-tap-highlight-color: transparent; line-height: 1.5; color: #646266; font-family: Verdana, sans-serif;\"><span style=\"color: #000000;\">\u00a0<\/span><\/p><p style=\"margin: 0px; padding: 0px; -webkit-tap-highlight-color: transparent; color: #646266; font-family: Verdana, sans-serif;\"><span style=\"color: #000000;\"><span style=\"font-weight: 600; padding: 0px; margin: 0px; -webkit-tap-highlight-color: transparent;\">Euro Kalite\u00a0<\/span>:\u00a0DD11 &#8211; DD11(Cu) &#8211; DD12 &#8211; DD13 &#8211; DD14<\/span><\/p><p style=\"margin: 0px; padding: 0px; -webkit-tap-highlight-color: transparent; color: #646266; font-family: Verdana, sans-serif;\"><span style=\"color: #000000;\"><span style=\"font-weight: 600; padding: 0px; margin: 0px; -webkit-tap-highlight-color: transparent;\">Erdemir Kalite\u00a0<\/span>:\u00a06222 \u2013 6282 \u2013 3222 \u2013 3922 \u2013 4222 &#8211; 7222<\/span><\/p><p style=\"margin: 0px; padding: 0px; -webkit-tap-highlight-color: transparent; color: #646266; font-family: Verdana, sans-serif;\"><span style=\"color: #000000;\"><span style=\"font-weight: 600; padding: 0px; margin: 0px; -webkit-tap-highlight-color: transparent;\">Geni\u015flik\u00a0<\/span>:\u00a0600 &#8211; 1550 mm<\/span><\/p><p style=\"margin: 0px; padding: 0px; -webkit-tap-highlight-color: transparent; color: #646266; font-family: Verdana, sans-serif;\"><span style=\"color: #000000;\"><span style=\"font-weight: 600; padding: 0px; margin: 0px; -webkit-tap-highlight-color: transparent;\">Et Kal\u0131nl\u0131\u011f\u0131\u00a0<\/span>:\u00a01,5 &#8211; 5,00 mm<\/span><\/p>\t\t\t\t\t\t\t\t<\/div>\n\t\t\t\t<\/div>\n\t\t\t\t\t<\/div>\n\t\t<\/div>\n\t\t\t\t<div class=\"elementor-column elementor-col-50 elementor-top-column elementor-element elementor-element-f7488b9\" data-id=\"f7488b9\" data-element_type=\"column\" data-e-type=\"column\">\n\t\t\t<div class=\"elementor-widget-wrap elementor-element-populated\">\n\t\t\t\t\t\t<div class=\"elementor-element elementor-element-9f20652 elementor-widget elementor-widget-image\" data-id=\"9f20652\" data-element_type=\"widget\" data-e-type=\"widget\" data-widget_type=\"image.default\">\n\t\t\t\t<div class=\"elementor-widget-container\">\n\t\t\t\t\t\t\t\t\t\t\t\t\t\t\t<img fetchpriority=\"high\" decoding=\"async\" width=\"1024\" height=\"576\" src=\"https:\/\/cecelidemir.com\/wp-content\/uploads\/2024\/02\/asitli-saclar.webp\" class=\"attachment-large size-large wp-image-1662\" alt=\"\" srcset=\"https:\/\/cecelidemir.com\/wp-content\/uploads\/2024\/02\/asitli-saclar.webp 1024w, https:\/\/cecelidemir.com\/wp-content\/uploads\/2024\/02\/asitli-saclar-300x169.webp 300w, https:\/\/cecelidemir.com\/wp-content\/uploads\/2024\/02\/asitli-saclar-768x432.webp 768w, https:\/\/cecelidemir.com\/wp-content\/uploads\/2024\/02\/asitli-saclar-1000x563.webp 1000w, https:\/\/cecelidemir.com\/wp-content\/uploads\/2024\/02\/asitli-saclar-230x129.webp 230w, https:\/\/cecelidemir.com\/wp-content\/uploads\/2024\/02\/asitli-saclar-350x197.webp 350w, https:\/\/cecelidemir.com\/wp-content\/uploads\/2024\/02\/asitli-saclar-480x270.webp 480w\" sizes=\"(max-width: 1024px) 100vw, 1024px\" \/>\t\t\t\t\t\t\t\t\t\t\t\t\t\t\t<\/div>\n\t\t\t\t<\/div>\n\t\t\t\t\t<\/div>\n\t\t<\/div>\n\t\t\t\t\t<\/div>\n\t\t<\/section>\n\t\t\t\t<section class=\"elementor-section elementor-top-section elementor-element elementor-element-eb036d2 elementor-section-boxed elementor-section-height-default elementor-section-height-default\" data-id=\"eb036d2\" data-element_type=\"section\" data-e-type=\"section\">\n\t\t\t\t\t\t<div class=\"elementor-container elementor-column-gap-default\">\n\t\t\t\t\t<div class=\"elementor-column elementor-col-100 elementor-top-column elementor-element elementor-element-4c43b44\" data-id=\"4c43b44\" data-element_type=\"column\" data-e-type=\"column\">\n\t\t\t<div class=\"elementor-widget-wrap elementor-element-populated\">\n\t\t\t\t\t\t\t<\/div>\n\t\t<\/div>\n\t\t\t\t\t<\/div>\n\t\t<\/section>\n\t\t\t\t<section class=\"elementor-section elementor-top-section elementor-element elementor-element-1d32982 elementor-section-boxed elementor-section-height-default elementor-section-height-default\" data-id=\"1d32982\" data-element_type=\"section\" data-e-type=\"section\">\n\t\t\t\t\t\t<div class=\"elementor-container elementor-column-gap-default\">\n\t\t\t\t\t<div class=\"elementor-column elementor-col-100 elementor-top-column elementor-element elementor-element-e57b6b0\" data-id=\"e57b6b0\" data-element_type=\"column\" data-e-type=\"column\">\n\t\t\t<div class=\"elementor-widget-wrap elementor-element-populated\">\n\t\t\t\t\t\t<div class=\"elementor-element elementor-element-3a2ca89 elementor-widget elementor-widget-heading\" data-id=\"3a2ca89\" data-element_type=\"widget\" data-e-type=\"widget\" data-widget_type=\"heading.default\">\n\t\t\t\t<div class=\"elementor-widget-container\">\n\t\t\t\t\t<h3 class=\"elementor-heading-title elementor-size-default\">\u00d6zellikler<\/h3>\t\t\t\t<\/div>\n\t\t\t\t<\/div>\n\t\t\t\t<div class=\"elementor-element elementor-element-e4c0c2d elementor-widget elementor-widget-text-editor\" data-id=\"e4c0c2d\" data-element_type=\"widget\" data-e-type=\"widget\" data-widget_type=\"text-editor.default\">\n\t\t\t\t<div class=\"elementor-widget-container\">\n\t\t\t\t\t\t\t\t\t<p>HRP sac<span style=\"font-family: Verdana, sans-serif;\">\u00a0\u00fcr\u00fcnlerinin giderek daha yayg\u0131n hale gelmesinin temelinde, bu malzemenin sahip oldu\u011fu \u00f6zellikler bulunmaktad\u0131r.\u00a0<\/span>HRP saclar<span style=\"font-family: Verdana, sans-serif;\">\u00a0her \u015feyden \u00f6nce y\u00fcksek mukavemet de\u011ferine sahiptir. Hem s\u0131cak hem de so\u011fuk haddeleme prosed\u00fcr\u00fcnden ge\u00e7irildikleri i\u00e7in\u00a0<\/span>HRP<span style=\"font-family: Verdana, sans-serif;\">\u00a0saclar\u0131n diren\u00e7leri b\u00fcy\u00fck oranda artmaktad\u0131r. Bununla beraber\u00a0<\/span>HRP saclar\u0131n<span style=\"font-family: Verdana, sans-serif;\">\u00a0korozyon dayan\u0131mlar\u0131 da normal demire g\u00f6re daha y\u00fcksektir. Korozyon riskinin y\u00fcksek oldu\u011fu alanlarda bile bu malzeme, uzun y\u0131llar problemsiz bi\u00e7imde kullanabilmek m\u00fcmk\u00fcnd\u00fcr.\u00a0<\/span>HRP saclar<span style=\"font-family: Verdana, sans-serif;\">\u00a0kaynak tutma d\u00fczeyleriyle de \u00f6n plana \u00e7\u0131kmaktad\u0131r. Di\u011fer metallerle g\u00fc\u00e7l\u00fc bi\u00e7imde ba\u011f kurabilen\u00a0<\/span>HRP saclara<span style=\"font-family: Verdana, sans-serif;\">\u00a0uygulanan kaynaklar, uzun s\u00fcre bozulmadan kalabilmektedir.<\/span><\/p>\t\t\t\t\t\t\t\t<\/div>\n\t\t\t\t<\/div>\n\t\t\t\t\t<\/div>\n\t\t<\/div>\n\t\t\t\t\t<\/div>\n\t\t<\/section>\n\t\t\t\t<section class=\"elementor-section elementor-top-section elementor-element elementor-element-d83443c elementor-section-boxed elementor-section-height-default elementor-section-height-default\" data-id=\"d83443c\" data-element_type=\"section\" data-e-type=\"section\">\n\t\t\t\t\t\t<div class=\"elementor-container elementor-column-gap-default\">\n\t\t\t\t\t<div class=\"elementor-column elementor-col-100 elementor-top-column elementor-element elementor-element-f3648b5\" data-id=\"f3648b5\" data-element_type=\"column\" data-e-type=\"column\">\n\t\t\t<div class=\"elementor-widget-wrap elementor-element-populated\">\n\t\t\t\t\t\t<div class=\"elementor-element elementor-element-185a506 elementor-widget elementor-widget-heading\" data-id=\"185a506\" data-element_type=\"widget\" data-e-type=\"widget\" data-widget_type=\"heading.default\">\n\t\t\t\t<div class=\"elementor-widget-container\">\n\t\t\t\t\t<h3 class=\"elementor-heading-title elementor-size-default\">Kullan\u0131m Alanlar\u0131<\/h3>\t\t\t\t<\/div>\n\t\t\t\t<\/div>\n\t\t\t\t<div class=\"elementor-element elementor-element-510d297 elementor-widget elementor-widget-text-editor\" data-id=\"510d297\" data-element_type=\"widget\" data-e-type=\"widget\" data-widget_type=\"text-editor.default\">\n\t\t\t\t<div class=\"elementor-widget-container\">\n\t\t\t\t\t\t\t\t\t<p class=\"content-p first-p\">\u00dcretilen bu malzemelerin\u00a0y\u00fczey d\u00fczg\u00fcnl\u00fc\u011f\u00fc, kal\u0131nl\u0131\u011f\u0131, geni\u015fli\u011fi ve fiziksel \u00f6zellikleri beklentilere g\u00f6re \u00fcretilmektedir. Genel olarak uyguland\u0131klar\u0131 alan so\u011fuk \u015fekillendirmeye uygundur. Buna ba\u011fl\u0131 olarak da mutfak e\u015fyalar\u0131, havaland\u0131rma, dayan\u0131kl\u0131 ev aletleri, otomotiv sekt\u00f6r\u00fc ve radyat\u00f6rd\u00fcr. Kullan\u0131c\u0131lar\u0131n istedi\u011fi uygulamalarda kullan\u0131labilmektedir.<\/p><p class=\"content-p\">Beyaz e\u015fya sekt\u00f6r\u00fcnde, otomotiv sekt\u00f6r\u00fcnde, \u00fcst\u00fcn \u015fekillenebilirlik, ya\u015flanmaya dayan\u0131kl\u0131l\u0131k ve \u00f6n plana \u00e7\u0131kan ekstradan derin \u00e7ekme i\u015flemlerine uygun alanlarda kullan\u0131lmaktad\u0131r.<\/p><p class=\"content-p\">Derin \u00e7ekme \u00f6zelli\u011fine\u00a0sahip olan, emaye kaplamaya uygun olan \u00e7elikler ve mutfak e\u015fyalar\u0131n imalat\u0131 s\u0131ras\u0131nda kullan\u0131lmaktad\u0131r. (\u00d6rnek vermek gerekirse, tencere, f\u0131r\u0131n \u0131zgaras\u0131 vb. e\u015fyalar) S\u0131cak olarak haddelenen saclar\u0131n y\u00fczeyinde tufal sebebi ile kullan\u0131m her zaman uygun olmayabilir. S\u0131cak olan haddelenen ya\u011fmalanm\u0131\u015f ve asitlenmi\u015f kaliteler genel olarak derin \u00e7ekme, b\u00fckme ve \u00e7ekme i\u015flemleri i\u00e7in kullan\u0131lmaktad\u0131r.<\/p><p class=\"content-p\">Bu \u00fcr\u00fcnlerin hassas y\u00fczey kalite beklentisi bulunmamaktad\u0131r. Ancak rijitlik, mukavemet ve s\u0131vanabilirli\u011fin gerekli oldu\u011fu b\u00fct\u00fcn uygulamalarda kullan\u0131labilir. Makinelerin imalat sekt\u00f6r\u00fcnde ve ayn\u0131 zamanda otomotiv yan saniyelerde y\u00fczeyi\u00a0asit ile temizlenen saclar\u00a0kullan\u0131lmaktad\u0131r. Saclar\u0131n y\u00fczey k\u0131sm\u0131n\u0131n asit ile temizlenmesi makine imalat\u0131 sonras\u0131nda daha ekonomik yararlar sa\u011flamaktad\u0131r. Bu sebeple de \u00fcreticiler genel olarak y\u00fczeyi asitle temizlenen malzemeler tercih ederler.<\/p><p class=\"content-p\">So\u011fuk \u015fekillendirmeye uygun\u00a0olan y\u00fcksek mukavemetli \u00e7elikler y\u00fcksek darbe, \u015fekillendirile bilirlik ve yorulma dayanc\u0131 gerektiren b\u00fct\u00fcn uygulamalarda tercih edilebilmektedir. LPG t\u00fcplerin imalat\u0131 s\u0131ras\u0131nda ba\u015far\u0131l\u0131 bir \u015fekilde kullan\u0131lmaktad\u0131r. Yap\u0131 sekt\u00f6r\u00fc i\u00e7erisinde ba\u015far\u0131l\u0131 bir \u015fekilde kullan\u0131lan bu \u00fcr\u00fcnler genel olarak \u015fekillendirilebilmesi ile tercih edilmektedir.<\/p>\t\t\t\t\t\t\t\t<\/div>\n\t\t\t\t<\/div>\n\t\t\t\t\t<\/div>\n\t\t<\/div>\n\t\t\t\t\t<\/div>\n\t\t<\/section>\n\t\t\t\t<\/div>\n\t\t","protected":false},"excerpt":{"rendered":"<p>S\u0131cak Haddelenmi\u015f\u00a0Rulo y\u00fczeylerinde olu\u015fan Tufal (oksit) Hidroklorik asit veya S\u00fclf\u00fcrik asit banyolar\u0131ndan ge\u00e7irilerek temizlenir ve tekrar oksidasyonunu \u00f6nlemek i\u00e7in de koruyucu ya\u011fla [&hellip;]<\/p>\n","protected":false},"author":1,"featured_media":0,"parent":0,"menu_order":0,"comment_status":"closed","ping_status":"closed","template":"","meta":{"footnotes":""},"class_list":["post-941","page","type-page","status-publish","hentry"],"_links":{"self":[{"href":"https:\/\/cecelidemir.com\/index.php\/wp-json\/wp\/v2\/pages\/941","targetHints":{"allow":["GET"]}}],"collection":[{"href":"https:\/\/cecelidemir.com\/index.php\/wp-json\/wp\/v2\/pages"}],"about":[{"href":"https:\/\/cecelidemir.com\/index.php\/wp-json\/wp\/v2\/types\/page"}],"author":[{"embeddable":true,"href":"https:\/\/cecelidemir.com\/index.php\/wp-json\/wp\/v2\/users\/1"}],"replies":[{"embeddable":true,"href":"https:\/\/cecelidemir.com\/index.php\/wp-json\/wp\/v2\/comments?post=941"}],"version-history":[{"count":3,"href":"https:\/\/cecelidemir.com\/index.php\/wp-json\/wp\/v2\/pages\/941\/revisions"}],"predecessor-version":[{"id":1665,"href":"https:\/\/cecelidemir.com\/index.php\/wp-json\/wp\/v2\/pages\/941\/revisions\/1665"}],"wp:attachment":[{"href":"https:\/\/cecelidemir.com\/index.php\/wp-json\/wp\/v2\/media?parent=941"}],"curies":[{"name":"wp","href":"https:\/\/api.w.org\/{rel}","templated":true}]}}