{"id":947,"date":"2023-06-11T02:16:55","date_gmt":"2023-06-10T23:16:55","guid":{"rendered":"https:\/\/cecelidemir.com\/?page_id=947"},"modified":"2024-02-05T12:36:11","modified_gmt":"2024-02-05T12:36:11","slug":"baklava-desenli-saclar","status":"publish","type":"page","link":"https:\/\/cecelidemir.com\/index.php\/baklava-desenli-saclar\/","title":{"rendered":"Baklava Desenli Saclar"},"content":{"rendered":"\t\t<div data-elementor-type=\"wp-page\" data-elementor-id=\"947\" class=\"elementor elementor-947\">\n\t\t\t\t\t\t<section class=\"elementor-section elementor-top-section elementor-element elementor-element-e64cbf8 elementor-section-boxed elementor-section-height-default elementor-section-height-default\" data-id=\"e64cbf8\" data-element_type=\"section\" data-e-type=\"section\">\n\t\t\t\t\t\t<div class=\"elementor-container elementor-column-gap-default\">\n\t\t\t\t\t<div class=\"elementor-column elementor-col-50 elementor-top-column elementor-element elementor-element-941905d\" data-id=\"941905d\" data-element_type=\"column\" data-e-type=\"column\">\n\t\t\t<div class=\"elementor-widget-wrap elementor-element-populated\">\n\t\t\t\t\t\t<div class=\"elementor-element elementor-element-6f6ae74 elementor-widget elementor-widget-text-editor\" data-id=\"6f6ae74\" data-element_type=\"widget\" data-e-type=\"widget\" data-widget_type=\"text-editor.default\">\n\t\t\t\t<div class=\"elementor-widget-container\">\n\t\t\t\t\t\t\t\t\t<p class=\"content-p first-p\" style=\"padding: 0px; margin: 0px; -webkit-tap-highlight-color: transparent; line-height: 1.5; color: #646266; font-family: Verdana, sans-serif;\"><span style=\"color: #000000;\">Baklaval\u0131 Sac\u00a0olarak tabir edilen baklava desenleriyle formlanm\u0131\u015f \u00fcr\u00fcnlerdir.<\/span><\/p><p class=\"content-p\" style=\"padding: 0px; margin: 0px; -webkit-tap-highlight-color: transparent; line-height: 1.5; color: #646266; font-family: Verdana, sans-serif;\"><span style=\"color: #000000;\">Baklaval\u0131 saclar\u00a0d\u00fcz siyah saclara bir alternatif olarak tasarlanm\u0131\u015ft\u0131r. Pek \u00e7ok kullan\u0131m alan\u0131 olan\u00a0baklaval\u0131 sac, s\u0131k s\u0131k basamaklarda tercih edilir. Kullan\u0131m alan\u0131n\u0131n yayg\u0131n olmas\u0131n\u0131n yan\u0131 s\u0131ra en \u00e7ok\u00a0merdiven basamaklarda\u00a0tercih edilmesinin en \u00f6nemli nedeni t\u0131rt\u0131kl\u0131 y\u00fczeyi yard\u0131m\u0131yla insanlar\u0131n kay\u0131p d\u00fc\u015fmesini engelleme \u00f6zelli\u011fidir. Baklaval\u0131 sac\u0131n bir di\u011fer \u00f6nemli \u00fcst\u00fcnl\u00fck ise d\u00fcz siyah saclar ile mukavemet dayan\u0131kl\u0131l\u0131\u011f\u0131 bak\u0131m\u0131ndan kar\u015f\u0131la\u015ft\u0131r\u0131ld\u0131\u011f\u0131nda daha dayan\u0131kl\u0131 oldu\u011funun g\u00f6zlenmesidir.<\/span><\/p><p class=\"content-p\" style=\"padding: 0px; margin: 0px; -webkit-tap-highlight-color: transparent; line-height: 1.5; color: #646266; font-family: Verdana, sans-serif;\"><span style=\"color: #000000;\">Baklaval\u0131 saclar\u00a0ki\u015filerin isteklerine g\u00f6re boyutsal de\u011fi\u015fiklikler g\u00f6sterebilir. Bunlar\u0131n yan\u0131 s\u0131ra d\u00fcnyada genel olarak kabul edilen baz\u0131 standartlar vard\u0131r. Bu standartlara g\u00f6re \u00fcretilen \u00fcr\u00fcnler kaliteleri ve dayan\u0131kl\u0131klar\u0131 bak\u0131m\u0131ndan di\u011fer saclardan ayr\u0131l\u0131r ve m\u00fc\u015fteri memnuniyeti sa\u011flar.<\/span><\/p>\t\t\t\t\t\t\t\t<\/div>\n\t\t\t\t<\/div>\n\t\t\t\t\t<\/div>\n\t\t<\/div>\n\t\t\t\t<div class=\"elementor-column elementor-col-50 elementor-top-column elementor-element elementor-element-0c6d110\" data-id=\"0c6d110\" data-element_type=\"column\" data-e-type=\"column\">\n\t\t\t<div class=\"elementor-widget-wrap elementor-element-populated\">\n\t\t\t\t\t\t<div class=\"elementor-element elementor-element-26372bf elementor-widget elementor-widget-image\" data-id=\"26372bf\" data-element_type=\"widget\" data-e-type=\"widget\" data-widget_type=\"image.default\">\n\t\t\t\t<div class=\"elementor-widget-container\">\n\t\t\t\t\t\t\t\t\t\t\t\t\t\t\t<img fetchpriority=\"high\" decoding=\"async\" width=\"1024\" height=\"576\" src=\"https:\/\/cecelidemir.com\/wp-content\/uploads\/2024\/02\/baklava-desenli-sac.webp\" class=\"attachment-large size-large wp-image-1829\" alt=\"\" srcset=\"https:\/\/cecelidemir.com\/wp-content\/uploads\/2024\/02\/baklava-desenli-sac.webp 1024w, https:\/\/cecelidemir.com\/wp-content\/uploads\/2024\/02\/baklava-desenli-sac-300x169.webp 300w, https:\/\/cecelidemir.com\/wp-content\/uploads\/2024\/02\/baklava-desenli-sac-768x432.webp 768w, https:\/\/cecelidemir.com\/wp-content\/uploads\/2024\/02\/baklava-desenli-sac-1000x563.webp 1000w, https:\/\/cecelidemir.com\/wp-content\/uploads\/2024\/02\/baklava-desenli-sac-230x129.webp 230w, https:\/\/cecelidemir.com\/wp-content\/uploads\/2024\/02\/baklava-desenli-sac-350x197.webp 350w, https:\/\/cecelidemir.com\/wp-content\/uploads\/2024\/02\/baklava-desenli-sac-480x270.webp 480w\" sizes=\"(max-width: 1024px) 100vw, 1024px\" \/>\t\t\t\t\t\t\t\t\t\t\t\t\t\t\t<\/div>\n\t\t\t\t<\/div>\n\t\t\t\t<div class=\"elementor-element elementor-element-d82d0dd elementor-widget elementor-widget-image\" data-id=\"d82d0dd\" data-element_type=\"widget\" data-e-type=\"widget\" data-widget_type=\"image.default\">\n\t\t\t\t<div class=\"elementor-widget-container\">\n\t\t\t\t\t\t\t\t\t\t\t\t\t\t\t<img decoding=\"async\" src=\"http:\/\/cecelidemir.com\/wp-content\/uploads\/baklava-desenli-sac.webp\" title=\"\" alt=\"\" loading=\"lazy\" \/>\t\t\t\t\t\t\t\t\t\t\t\t\t\t\t<\/div>\n\t\t\t\t<\/div>\n\t\t\t\t\t<\/div>\n\t\t<\/div>\n\t\t\t\t\t<\/div>\n\t\t<\/section>\n\t\t\t\t<section class=\"elementor-section elementor-top-section elementor-element elementor-element-63a4330 elementor-section-boxed elementor-section-height-default elementor-section-height-default\" data-id=\"63a4330\" data-element_type=\"section\" data-e-type=\"section\">\n\t\t\t\t\t\t<div class=\"elementor-container elementor-column-gap-default\">\n\t\t\t\t\t<div class=\"elementor-column elementor-col-100 elementor-top-column elementor-element elementor-element-781970c\" data-id=\"781970c\" data-element_type=\"column\" data-e-type=\"column\">\n\t\t\t<div class=\"elementor-widget-wrap elementor-element-populated\">\n\t\t\t\t\t\t<div class=\"elementor-element elementor-element-67f9cce elementor-widget elementor-widget-text-editor\" data-id=\"67f9cce\" data-element_type=\"widget\" data-e-type=\"widget\" data-widget_type=\"text-editor.default\">\n\t\t\t\t<div class=\"elementor-widget-container\">\n\t\t\t\t\t\t\t\t\t<p><strong>Euro Kalite\u00a0<\/strong>:\u00a0S235JR &#8211; S235JR(Cu) &#8211; RST37-2<\/p><p><strong>Erdemir Kalite\u00a0<\/strong>:\u00a03237 \u2013 3281 &#8211; 3937<\/p><p><strong>D\u0131\u015f \u00c7ap\u00a0<\/strong>:\u00a0600 &#8211; 1300 mm<\/p><p><strong>Et Kal\u0131nl\u0131\u011f\u0131\u00a0<\/strong>:\u00a02,0 &#8211; 10 mm<\/p>\t\t\t\t\t\t\t\t<\/div>\n\t\t\t\t<\/div>\n\t\t\t\t\t<\/div>\n\t\t<\/div>\n\t\t\t\t\t<\/div>\n\t\t<\/section>\n\t\t\t\t<section class=\"elementor-section elementor-top-section elementor-element elementor-element-66d449b elementor-section-boxed elementor-section-height-default elementor-section-height-default\" data-id=\"66d449b\" data-element_type=\"section\" data-e-type=\"section\">\n\t\t\t\t\t\t<div class=\"elementor-container elementor-column-gap-default\">\n\t\t\t\t\t<div class=\"elementor-column elementor-col-100 elementor-top-column elementor-element elementor-element-1d4b7d6\" data-id=\"1d4b7d6\" data-element_type=\"column\" data-e-type=\"column\">\n\t\t\t<div class=\"elementor-widget-wrap elementor-element-populated\">\n\t\t\t\t\t\t<div class=\"elementor-element elementor-element-4812248 elementor-widget elementor-widget-heading\" data-id=\"4812248\" data-element_type=\"widget\" data-e-type=\"widget\" data-widget_type=\"heading.default\">\n\t\t\t\t<div class=\"elementor-widget-container\">\n\t\t\t\t\t<h3 class=\"elementor-heading-title elementor-size-default\">Kullan\u0131m Alanlar\u0131<\/h3>\t\t\t\t<\/div>\n\t\t\t\t<\/div>\n\t\t\t\t<div class=\"elementor-element elementor-element-c57f244 elementor-widget elementor-widget-text-editor\" data-id=\"c57f244\" data-element_type=\"widget\" data-e-type=\"widget\" data-widget_type=\"text-editor.default\">\n\t\t\t\t<div class=\"elementor-widget-container\">\n\t\t\t\t\t\t\t\t\t<p><span style=\"color: #000000;\">Baklaval\u0131 sac\u0131n\u00a0deseni, dayan\u0131kl\u0131 olu\u015fu ve g\u00fcvenilir bir bi\u00e7imde kullanmak m\u00fcmk\u00fcn olu\u015fu yard\u0131m\u0131yla kullan\u0131m alan\u0131 olabildi\u011fince geni\u015ftir. Dekoratif g\u00f6r\u00fcnt\u00fcs\u00fc, insanlar\u0131n baklaval\u0131 sac\u0131 yerlerde ve duvarlarda kullanmay\u0131 tercih etmelerine yol a\u00e7maktad\u0131r. Sahip oldu\u011fu t\u0131rt\u0131kl\u0131 y\u00fczey yard\u0131m\u0131yla \u00f6nemli bir di\u011fer kullan\u0131m alan\u0131 ise yang\u0131n merdiveni, y\u00fcr\u00fcme yollar\u0131 ve rampalard\u0131r. B\u00f6ylelikle bilhassa \u0131slak zemin gibi tehlikeli ko\u015fullar mevcut olsa da insanlar kaymadan bu zeminlerden ge\u00e7ebilir ve herhangi bir g\u00fcvenlik problemi ortaya \u00e7\u0131kmaz.<\/span><\/p>\t\t\t\t\t\t\t\t<\/div>\n\t\t\t\t<\/div>\n\t\t\t\t\t<\/div>\n\t\t<\/div>\n\t\t\t\t\t<\/div>\n\t\t<\/section>\n\t\t\t\t<\/div>\n\t\t","protected":false},"excerpt":{"rendered":"<p>Baklaval\u0131 Sac\u00a0olarak tabir edilen baklava desenleriyle formlanm\u0131\u015f \u00fcr\u00fcnlerdir. Baklaval\u0131 saclar\u00a0d\u00fcz siyah saclara bir alternatif olarak tasarlanm\u0131\u015ft\u0131r. Pek \u00e7ok kullan\u0131m alan\u0131 olan\u00a0baklaval\u0131 sac, [&hellip;]<\/p>\n","protected":false},"author":1,"featured_media":0,"parent":0,"menu_order":0,"comment_status":"closed","ping_status":"closed","template":"","meta":{"footnotes":""},"class_list":["post-947","page","type-page","status-publish","hentry"],"_links":{"self":[{"href":"https:\/\/cecelidemir.com\/index.php\/wp-json\/wp\/v2\/pages\/947","targetHints":{"allow":["GET"]}}],"collection":[{"href":"https:\/\/cecelidemir.com\/index.php\/wp-json\/wp\/v2\/pages"}],"about":[{"href":"https:\/\/cecelidemir.com\/index.php\/wp-json\/wp\/v2\/types\/page"}],"author":[{"embeddable":true,"href":"https:\/\/cecelidemir.com\/index.php\/wp-json\/wp\/v2\/users\/1"}],"replies":[{"embeddable":true,"href":"https:\/\/cecelidemir.com\/index.php\/wp-json\/wp\/v2\/comments?post=947"}],"version-history":[{"count":6,"href":"https:\/\/cecelidemir.com\/index.php\/wp-json\/wp\/v2\/pages\/947\/revisions"}],"predecessor-version":[{"id":1832,"href":"https:\/\/cecelidemir.com\/index.php\/wp-json\/wp\/v2\/pages\/947\/revisions\/1832"}],"wp:attachment":[{"href":"https:\/\/cecelidemir.com\/index.php\/wp-json\/wp\/v2\/media?parent=947"}],"curies":[{"name":"wp","href":"https:\/\/api.w.org\/{rel}","templated":true}]}}