{"id":996,"date":"2023-06-14T05:21:13","date_gmt":"2023-06-14T02:21:13","guid":{"rendered":"https:\/\/cecelidemir.com\/?page_id=996"},"modified":"2024-02-05T09:06:12","modified_gmt":"2024-02-05T09:06:12","slug":"hea-profil","status":"publish","type":"page","link":"https:\/\/cecelidemir.com\/index.php\/hea-profil\/","title":{"rendered":"HEA Profil"},"content":{"rendered":"\t\t<div data-elementor-type=\"wp-page\" data-elementor-id=\"996\" class=\"elementor elementor-996\">\n\t\t\t\t\t\t<section class=\"elementor-section elementor-top-section elementor-element elementor-element-9668eac elementor-section-boxed elementor-section-height-default elementor-section-height-default\" data-id=\"9668eac\" data-element_type=\"section\" data-e-type=\"section\">\n\t\t\t\t\t\t<div class=\"elementor-container elementor-column-gap-default\">\n\t\t\t\t\t<div class=\"elementor-column elementor-col-50 elementor-top-column elementor-element elementor-element-bbabe2a\" data-id=\"bbabe2a\" data-element_type=\"column\" data-e-type=\"column\">\n\t\t\t<div class=\"elementor-widget-wrap elementor-element-populated\">\n\t\t\t\t\t\t<div class=\"elementor-element elementor-element-9b7b00f elementor-widget elementor-widget-text-editor\" data-id=\"9b7b00f\" data-element_type=\"widget\" data-e-type=\"widget\" data-widget_type=\"text-editor.default\">\n\t\t\t\t<div class=\"elementor-widget-container\">\n\t\t\t\t\t\t\t\t\t<p style=\"padding: 0px; margin: 0px; -webkit-tap-highlight-color: transparent; color: #646266; font-family: Verdana, sans-serif;\"><strong style=\"padding: 0px; margin: 0px; -webkit-tap-highlight-color: transparent;\">Kalite\u00a0<\/strong>\u00a0:\u00a0S235 &#8211; S275 &#8211; S355<\/p><p style=\"padding: 0px; margin: 0px; -webkit-tap-highlight-color: transparent; color: #646266; font-family: Verdana, sans-serif;\">\u00a0<\/p><p style=\"padding: 0px; margin: 0px; -webkit-tap-highlight-color: transparent; color: #646266; font-family: Verdana, sans-serif;\"><strong style=\"padding: 0px; margin: 0px; -webkit-tap-highlight-color: transparent;\">Boyut\u00a0<\/strong>:\u00a0100 &#8211; 1000 mm<\/p><p style=\"padding: 0px; margin: 0px; -webkit-tap-highlight-color: transparent; color: #646266; font-family: Verdana, sans-serif;\">\u00a0<\/p><p style=\"padding: 0px; margin: 0px; -webkit-tap-highlight-color: transparent; color: #646266; font-family: Verdana, sans-serif;\"><strong style=\"padding: 0px; margin: 0px; -webkit-tap-highlight-color: transparent;\">H(Y\u00fckseklik)\u00a0<\/strong>:\u00a096 &#8211; 990 mm<\/p><p style=\"padding: 0px; margin: 0px; -webkit-tap-highlight-color: transparent; color: #646266; font-family: Verdana, sans-serif;\">\u00a0<\/p><p style=\"padding: 0px; margin: 0px; -webkit-tap-highlight-color: transparent; color: #646266; font-family: Verdana, sans-serif;\"><strong style=\"padding: 0px; margin: 0px; -webkit-tap-highlight-color: transparent;\">B (Geni\u015flik)\u00a0<\/strong>:\u00a0100 &#8211; 300 mm<\/p><p style=\"padding: 0px; margin: 0px; -webkit-tap-highlight-color: transparent; color: #646266; font-family: Verdana, sans-serif;\">\u00a0<\/p><p style=\"padding: 0px; margin: 0px; -webkit-tap-highlight-color: transparent; color: #646266; font-family: Verdana, sans-serif;\"><strong style=\"padding: 0px; margin: 0px; -webkit-tap-highlight-color: transparent;\">T (Kal\u0131nl\u0131k)\u00a0<\/strong>:\u00a05,0 &#8211; 16,5 mm<\/p>\t\t\t\t\t\t\t\t<\/div>\n\t\t\t\t<\/div>\n\t\t\t\t\t<\/div>\n\t\t<\/div>\n\t\t\t\t<div class=\"elementor-column elementor-col-50 elementor-top-column elementor-element elementor-element-bfa6b58\" data-id=\"bfa6b58\" data-element_type=\"column\" data-e-type=\"column\">\n\t\t\t<div class=\"elementor-widget-wrap elementor-element-populated\">\n\t\t\t\t\t\t<div class=\"elementor-element elementor-element-be0316a elementor-widget elementor-widget-image\" data-id=\"be0316a\" data-element_type=\"widget\" data-e-type=\"widget\" data-widget_type=\"image.default\">\n\t\t\t\t<div class=\"elementor-widget-container\">\n\t\t\t\t\t\t\t\t\t\t\t\t\t\t\t<img fetchpriority=\"high\" decoding=\"async\" width=\"1024\" height=\"576\" src=\"https:\/\/cecelidemir.com\/wp-content\/uploads\/2024\/02\/HEA-1.webp\" class=\"attachment-large size-large wp-image-1674\" alt=\"\" srcset=\"https:\/\/cecelidemir.com\/wp-content\/uploads\/2024\/02\/HEA-1.webp 1024w, https:\/\/cecelidemir.com\/wp-content\/uploads\/2024\/02\/HEA-1-300x169.webp 300w, https:\/\/cecelidemir.com\/wp-content\/uploads\/2024\/02\/HEA-1-768x432.webp 768w, https:\/\/cecelidemir.com\/wp-content\/uploads\/2024\/02\/HEA-1-1000x563.webp 1000w, https:\/\/cecelidemir.com\/wp-content\/uploads\/2024\/02\/HEA-1-230x129.webp 230w, https:\/\/cecelidemir.com\/wp-content\/uploads\/2024\/02\/HEA-1-350x197.webp 350w, https:\/\/cecelidemir.com\/wp-content\/uploads\/2024\/02\/HEA-1-480x270.webp 480w\" sizes=\"(max-width: 1024px) 100vw, 1024px\" \/>\t\t\t\t\t\t\t\t\t\t\t\t\t\t\t<\/div>\n\t\t\t\t<\/div>\n\t\t\t\t\t<\/div>\n\t\t<\/div>\n\t\t\t\t\t<\/div>\n\t\t<\/section>\n\t\t\t\t<section class=\"elementor-section elementor-top-section elementor-element elementor-element-8d52fab elementor-section-boxed elementor-section-height-default elementor-section-height-default\" data-id=\"8d52fab\" data-element_type=\"section\" data-e-type=\"section\">\n\t\t\t\t\t\t<div class=\"elementor-container elementor-column-gap-default\">\n\t\t\t\t\t<div class=\"elementor-column elementor-col-100 elementor-top-column elementor-element elementor-element-9f5c699\" data-id=\"9f5c699\" data-element_type=\"column\" data-e-type=\"column\">\n\t\t\t<div class=\"elementor-widget-wrap elementor-element-populated\">\n\t\t\t\t\t\t<div class=\"elementor-element elementor-element-22e9279 elementor-widget elementor-widget-text-editor\" data-id=\"22e9279\" data-element_type=\"widget\" data-e-type=\"widget\" data-widget_type=\"text-editor.default\">\n\t\t\t\t<div class=\"elementor-widget-container\">\n\t\t\t\t\t\t\t\t\t<p class=\"content-p first-p\">High energy astrophysics\u00a0olarak a\u00e7\u0131l\u0131m\u0131 \u0130ngilizce olan\u00a0HEA demir,\u00a0\u00e7elik ve demir\u00a0metallerin y\u00fcksek enerjili astrofizik kullan\u0131m\u0131 do\u011frultusunda \u00fcretilmesi durumunda tan\u0131mlanan ismidir.\u00a0Demir H\u00a0harfine benzetilerek \u00fcretimi yap\u0131l\u0131r ve bu demirler bilhassa geni\u015f a\u00e7\u0131l\u0131 olarak \u00fcretilmektedir. Birbirinden farkl\u0131 alanlarda kullan\u0131m\u0131 bulunan bu demirlerin\u00a0HEA ve HEB\u00a0\u00e7e\u015fitleri de bulunur.<\/p><p class=\"content-p\">Son y\u0131llarda bir\u00e7ok \u00f6zelli\u011fi ile birlikte yayg\u0131n bir kullan\u0131m\u0131 bulunan\u00a0HEA demirlerin bilhassa in\u015faat alan\u0131nda, statik y\u00f6netmeli\u011fine makul bi\u00e7imde olabilmesi i\u00e7in kiri\u015flerde kullan\u0131m\u0131 bulunur. Genel olarak statik y\u00f6netmeli\u011finde istenen \u00f6l\u00e7\u00fclerin uygunlu\u011fu noktas\u0131nda\u00a0HEA demir, en fazla kullan\u0131ma sahip malzemeler olurken bir\u00e7ok \u00e7elik yap\u0131lar\u0131n aras\u0131nda da genellikle tercih edilir. Hafif olmas\u0131yla birlikte bunun yan\u0131 s\u0131ra da az yer kaplamas\u0131 yard\u0131m\u0131yla de en uygun \u015fekilde yararlanaca\u011f\u0131n\u0131z\u00a0demirler\u00a0olacakt\u0131r.<\/p><p class=\"content-p\">Kullan\u0131\u015fl\u0131 olmas\u0131 ve statik hesaplamalar\u0131na makul bi\u00e7imde \u00fcretilmesiyle birlikte g\u00fcn\u00fcm\u00fczde mimari projelerin bir\u00e7o\u011funda da yayg\u0131n bi\u00e7imde bu demirler kullan\u0131l\u0131r. Ta\u015f\u0131ma mukavemeti olabildi\u011fince y\u00fcksek olmas\u0131 yard\u0131m\u0131yla de\u00a0HEA demirlerinin hem ta\u015f\u0131ma y\u00fck\u00fc anlam\u0131nda hem de dayan\u0131kl\u0131l\u0131k anlam\u0131nda \u00e7e\u015fitli end\u00fcstri tesislerinde, otomotiv ve a\u011f\u0131r sanayi gibi benzer alanlarda \u00e7ok yayg\u0131n bi\u00e7imde kullan\u0131m\u0131 bulunur.<\/p><p class=\"content-p\">HEA demirlerin \u00f6zelli\u011fi\u00a0ise geri d\u00f6n\u00fc\u015f\u00fcme makul olmas\u0131d\u0131r. Hurda olarak nitelendirilen\u00a0HEA demirler, geri d\u00f6n\u00fc\u015ft\u00fcrmede yeniden kullan\u0131ma makul hale getirilir. Yeni kaynaklar\u0131n korunmas\u0131 noktas\u0131nda da olabildi\u011fince do\u011fa dostu olarak tan\u0131mlan\u0131r.<\/p><p class=\"content-p\">Mimaride, sanayide, end\u00fcstride, \u00e7evre i\u015flerinde ve daha \u00e7o\u011fu yerde\u00a0demir \u00e7elik \u00fcr\u00fcnler\u00a0uzun \u00f6m\u00fcrl\u00fcl\u00fck ve dayan\u0131kl\u0131l\u0131k vadeder. \u0130nsan hayat\u0131n\u0131 daha basit ve g\u00fcvenilir hale getirmek i\u00e7in daha \u00f6nce kullan\u0131lan \u00fcr\u00fcnler yerine tercih edilir. Her g\u00fcn daha estetik ve dayan\u0131kl\u0131 sonu\u00e7lar ortaya koyabilmesi i\u00e7in\u00a0demir \u00e7elik \u00fcr\u00fcnler\u00a0s\u00fcrekli de\u011fi\u015fip d\u00f6n\u00fc\u015f\u00fcr. Bir\u00e7ok a\u015famadan ge\u00e7erek \u00fcretilen\u00a0HEA \u00e7elikler\u00a0de bilhassa \u00fczerindeki a\u011f\u0131rl\u0131\u011f\u0131 farkl\u0131 u\u00e7lar\u0131na da\u011f\u0131tarak y\u00fcksek y\u00fczey direnci g\u00f6steren \u00fcr\u00fcnler olur.\u00a0HEA profil\u00a0\u00e7elik \u00f6zellikleri itibariyle mimari alan\u0131nda g\u00fcvenle kullan\u0131lacak alternatifler olur. Uzun y\u0131llar bak\u0131m ve tamir yap\u0131lamayacak beton yap\u0131lar\u0131n i\u00e7erisinde uzun \u00f6m\u00fcrl\u00fc ve dayan\u0131kl\u0131 bir ta\u015f\u0131y\u0131c\u0131 g\u00f6revi \u00fcstlenir.\u00a0\u00c7elik yap\u0131larda ise hem kuvvetli hem de estetik bir se\u00e7enek olur. \u00c7ok katl\u0131 yap\u0131lar\u0131n son derece yo\u011funla\u015ft\u0131\u011f\u0131 g\u00fcn\u00fcm\u00fcz \u015fartlar\u0131nda tonlarca a\u011f\u0131rl\u0131\u011f\u0131 ve binlerce insan\u0131 g\u00fcvenle ta\u015f\u0131yacak malzemelerdir. Bunlar bilhassa\u00a0deprem i\u00e7in riskli b\u00f6lgelerde\u00a0g\u00fcvenilir ve\u00a0sa\u011flam in\u015faat malzemeleri olarak kullan\u0131l\u0131r. Y\u00fcksek korozyon direnci i\u00e7erisinde bulundu\u011fu b\u00fct\u00fcn ortam \u015fartlar\u0131nda ilk g\u00fcnk\u00fc halini koruyabilmesini sa\u011flar. Darbe, b\u00fck\u00fclme, s\u00fcrt\u00fcnme, gibi zorlu \u015fartlara kar\u015f\u0131 dayan\u0131kl\u0131d\u0131r. S\u0131cakl\u0131\u011fa ve ate\u015fe kar\u015f\u0131 diren\u00e7li olmas\u0131 vas\u0131tas\u0131 ile olas\u0131 bir yang\u0131n halinde ka\u00e7 katl\u0131 olursa olsun binalar\u0131n y\u0131k\u0131lmadan ayakta kalabilmesini sa\u011flar. Ayn\u0131 zamanda geri d\u00f6n\u00fc\u015ft\u00fcr\u00fclebilir \u00fcr\u00fcnler olmas\u0131yla kaynaklar\u0131n korunmas\u0131n\u0131 sa\u011flar.<\/p>\t\t\t\t\t\t\t\t<\/div>\n\t\t\t\t<\/div>\n\t\t\t\t\t<\/div>\n\t\t<\/div>\n\t\t\t\t\t<\/div>\n\t\t<\/section>\n\t\t\t\t<\/div>\n\t\t","protected":false},"excerpt":{"rendered":"<p>Kalite\u00a0\u00a0:\u00a0S235 &#8211; S275 &#8211; S355 \u00a0 Boyut\u00a0:\u00a0100 &#8211; 1000 mm \u00a0 H(Y\u00fckseklik)\u00a0:\u00a096 &#8211; 990 mm \u00a0 B (Geni\u015flik)\u00a0:\u00a0100 &#8211; 300 mm \u00a0 [&hellip;]<\/p>\n","protected":false},"author":1,"featured_media":0,"parent":0,"menu_order":0,"comment_status":"closed","ping_status":"closed","template":"","meta":{"footnotes":""},"class_list":["post-996","page","type-page","status-publish","hentry"],"_links":{"self":[{"href":"https:\/\/cecelidemir.com\/index.php\/wp-json\/wp\/v2\/pages\/996","targetHints":{"allow":["GET"]}}],"collection":[{"href":"https:\/\/cecelidemir.com\/index.php\/wp-json\/wp\/v2\/pages"}],"about":[{"href":"https:\/\/cecelidemir.com\/index.php\/wp-json\/wp\/v2\/types\/page"}],"author":[{"embeddable":true,"href":"https:\/\/cecelidemir.com\/index.php\/wp-json\/wp\/v2\/users\/1"}],"replies":[{"embeddable":true,"href":"https:\/\/cecelidemir.com\/index.php\/wp-json\/wp\/v2\/comments?post=996"}],"version-history":[{"count":3,"href":"https:\/\/cecelidemir.com\/index.php\/wp-json\/wp\/v2\/pages\/996\/revisions"}],"predecessor-version":[{"id":1677,"href":"https:\/\/cecelidemir.com\/index.php\/wp-json\/wp\/v2\/pages\/996\/revisions\/1677"}],"wp:attachment":[{"href":"https:\/\/cecelidemir.com\/index.php\/wp-json\/wp\/v2\/media?parent=996"}],"curies":[{"name":"wp","href":"https:\/\/api.w.org\/{rel}","templated":true}]}}